{"id":1899,"date":"2017-03-03T20:05:55","date_gmt":"2017-03-03T19:05:55","guid":{"rendered":"http:\/\/nordiska.fhsk.se\/fotofilm\/?page_id=1899"},"modified":"2026-03-30T12:57:30","modified_gmt":"2026-03-30T10:57:30","slug":"deltagare","status":"publish","type":"page","link":"https:\/\/nordiska.fhsk.se\/fotofilm\/film\/deltagare\/","title":{"rendered":"Deltagare"},"content":{"rendered":"<p><section class=\"site-section\" >\n\t<div class=\"container\">\n\t\t\n<div class=\"row\">\n\t<div class=\"col-12\">\n\t<div class=\"text-block\">\n\t<h2 style=\"text-align: center;\">LEARNING BY DOING<\/h2><\/div>\n\n\n<div class='video-embed'><iframe loading=\"lazy\" title=\"Behind the scenes p\u00e5 Filmskolan\" src=\"https:\/\/player.vimeo.com\/video\/1167369201?dnt=1&amp;app_id=122963\" width=\"500\" height=\"281\" frameborder=\"0\" allow=\"autoplay; fullscreen; picture-in-picture; clipboard-write; encrypted-media; web-share\" referrerpolicy=\"strict-origin-when-cross-origin\"><\/iframe><\/div>\n<\/div>\n<\/div>\t<\/div>\n<\/section>\n\n<section class=\"site-section\" >\n\t<div class=\"container\">\n\t\t\n<div class=\"row\">\n\t<div class=\"col-4\">\n\t<div class=\"text-block\">\n\t<h2 style=\"text-align: center;\">Be curious<\/h2><\/div>\n\n<\/div>\n<div class=\"col-4\">\n\t<div class=\"text-block\">\n\t<h2 style=\"text-align: center;\">Be creative<\/h2><\/div>\n\n<\/div>\n<div class=\"col-4\">\n\t<div class=\"text-block\">\n\t<h2 style=\"text-align: center;\">Be yourself<\/h2><\/div>\n\n<\/div>\n<\/div>\t<\/div>\n<\/section>\n\n<section class=\"site-section\" >\n\t<div class=\"container\">\n\t\t\n<div class=\"row\">\n\t<div class=\"col-12\">\n\t<div class=\"text-block\">\n\t<h4 class=\"p1\"><strong><span class=\"s1\">Att vara deltagare p\u00e5 Filmskolan<\/span><\/strong><\/h4><p class=\"p1\"><span class=\"s1\">Under de 8 \u00e5ren som Nordiska Filmskolan har funnits har produktioner fr\u00e5n filmlinjen varit nominerade i Tungviktsklassen vid Frame Filmfestival flera g\u00e5nger, vunnit Noomaraton i VGR regionen, varit utvalda till Nordisk Ungdoms Film Festival, Sveriges Kortfilm Festival och vunnit Guld, Silver och Brons vid SM i Minutfilm och mycket mer. Slutproduktionerna har blivit vist p\u00e5 bio, festivaler, TV och utanf\u00f6r undervisningen har det blivit till praktik p\u00e5 olika inspelningar, musikvideos med olika artister, b\u00e5da up-and-coming och professionella. V\u00e5r deltagare har g\u00e5tt vidare till n\u00e5gra av v\u00e4rldens mest erk\u00e4nda filmskolor som Sydney Film School, Prague Film School, UCLA och Den Norske Filmskolen. H\u00e4r kan du l\u00e4sa lite mer om hur det \u00e4r att f\u00f6rdjupa sig i filmens v\u00e4rld p\u00e5 Nordiska Filmskolan i Kung\u00e4lv - f\u00f6r dig som v\u00e5gar testa p\u00e5, s\u00f6ka upp och ta vara p\u00e5 m\u00f6jligheterna som finns i n\u00e4romr\u00e5det.<\/span><\/p><\/div>\n\n<\/div>\n<\/div>\t<\/div>\n<\/section>\n\n<section class=\"site-section\" >\n\t<div class=\"container\">\n\t\t\n<div class=\"row\">\n\t<div class=\"col-6\">\n\t<div class=\"text-block\">\n\t<h4>Att l\u00e4ra genom att g\u00f6ra<\/h4><\/div>\n\n<a href=\"https:\/\/nordiska.fhsk.se\/fotofilm\/film\/deltagare\/skolaret\/\" target=\"_blank\" ><img decoding=\"async\" src=\"\/\/nordiska.fhsk.se\/fotofilm\/wp-content\/uploads\/sites\/8\/2022\/04\/filmskolan-3-scaled.jpg\" alt=\"\/\/nordiska.fhsk.se\/fotofilm\/wp-content\/uploads\/sites\/8\/2022\/04\/filmskolan-3-scaled.jpg\" width=\"400\" \/><\/a><div class=\"text-block\">\n\t<p>P\u00e5 Nordiska Filmskolan l\u00e4r vi oss genom att g\u00f6ra, och vi har jobbat med mycket inom dem tekniska bitarna av filmproduktion fr\u00e5n ljuss\u00e4ttning, ljudinspelning, filmning och klippning. Vi gillar ocks\u00e5 att jobba inom olika genrer och har jobbat dokument\u00e4rt, gjort musikvideos, reklam och fiktion. Vi \u00e4r experter p\u00e5 kortfilm, f\u00f6r det \u00e4r genom att utforska det korta formatet att man l\u00e4r sig b\u00e4st, och att v\u00e5r deltagare bygger upp erfarenhet dem kan ta med sig ut i framtiden.<\/p><\/div>\n\n<\/div>\n<div class=\"col-6\">\n\t<div class=\"text-block\">\n\t<h4>Slutproduktioner<\/h4><\/div>\n\n<a href=\"http:\/\/nordiska.fhsk.se\/fotofilm\/galleri\/\" target=\"_self\" ><img decoding=\"async\" src=\"\/\/nordiska.fhsk.se\/fotofilm\/wp-content\/uploads\/sites\/8\/2024\/05\/premiar-2024-bw-scaled.jpg\" alt=\"\/\/nordiska.fhsk.se\/fotofilm\/wp-content\/uploads\/sites\/8\/2024\/05\/premiar-2024-bw-scaled.jpg\" width=\"400\" \/><\/a><div class=\"text-block\">\n\t<p>H\u00e4r kan du se ett urval av slutproduktionerna fr\u00e5n skol\u00e5ren 2018 - 2024. Det finns ocks\u00e5 lite posters, teasers och bilder fr\u00e5n premi\u00e4rerna p\u00e5 Trappan Bio i Kung\u00e4lv. I gallerian \u00f6van hitter du fler filmer om du skulle vara intresserad. H\u00f6ll dig uppdaterad h\u00e4r eller p\u00e5 <a href=\"http:\/\/nordiska.fhsk.se\/fotofilm\/film\/socialmedia\/\" target=\"_blank\" rel=\"noopener\">sociala media<\/a>\u00a0under #nordiskafilmskolan. Like och f\u00f6lj oss p\u00e5 <a href=\"https:\/\/www.instagram.com\/nordiskafilmskolan\/\" target=\"_blank\" rel=\"noopener\">Insta<\/a> eller <a href=\"https:\/\/www.facebook.com\/nordiskafilmskolan\/\" target=\"_blank\" rel=\"noopener\">Facebook<\/a> och se mycket mer om hur vi jobbar med kameran som penna.<\/p><\/div>\n\n<\/div>\n<\/div>\n<div class=\"row\">\n\t<div class=\"col-12\">\n\t\n    <div class=\"divider space\" style=\"padding-top: 30px;\"><\/div>\n\n<\/div>\n<\/div>\t<\/div>\n<\/section>\n\n<section class=\"site-section\" >\n\t<div class=\"container\">\n\t\t\n<div class=\"row\">\n\t<div class=\"col-6\">\n\t<div class=\"text-block\">\n\t<h4>Novemberfestivalen<\/h4><\/div>\n\n<a href=\"https:\/\/nordiska.fhsk.se\/fotofilm\/novemberfestivalen-2022\/\" target=\"_blank\" ><img decoding=\"async\" src=\"\/\/nordiska.fhsk.se\/fotofilm\/wp-content\/uploads\/sites\/8\/2023\/03\/novemberfestivalen.jpg\" alt=\"Novemberfestivalen 2022\" width=\"400\" \/><\/a><div class=\"text-block\">\n\t<p>P\u00e5 Nordiska Filmskolan tycker vi om samarbeten och varje \u00e5r i november \u00e4r vi p\u00e5 Novemberfestivalen. Deltagare fr\u00e5n Filmskolan har haft filmer i programmet i b\u00e5da Tungvikt och mellanvikt och vunnit b\u00e5da Svenske Filminstitutets Hederspris och F\u00f6rsta Priset i Mellanvikt.\u00a0 Det \u00e4r alltid en h\u00e4rlig helg med sp\u00e4nnande filmer, artist talks och mysigt h\u00e4ng med andra unga som intresserar sig f\u00f6r film. Tack till Film i V\u00e4st f\u00f6r igen i \u00e5r visa oss runt och til festivalen f\u00f6r att bjuda in oss bakom kulisserna i olika sammanh\u00e4ng.<\/p><p>Vill du kolla upp mer om vad vi g\u00f6r n\u00e4r vi \u00e4r i v\u00e4g p\u00e5 festival kan du kolla v\u00e5r <a href=\"https:\/\/www.instagram.com\/nordiskafilmskolan\/\" target=\"_blank\" rel=\"noopener\">Instagram<\/a>\u00a0eller <a href=\"https:\/\/nordiska.fhsk.se\/fotofilm\/film\/socialmedia\/\">#nordiskafilmskolan.<\/a><\/p><\/div>\n\n<\/div>\n<div class=\"col-6\">\n\t<div class=\"text-block\">\n\t<h4>Minutfilm<\/h4><\/div>\n\n<a href=\"https:\/\/nordiska.fhsk.se\/fotofilm\/galleri\/minutfilm-2022\/\" target=\"_blank\" ><img decoding=\"async\" src=\"\/\/nordiska.fhsk.se\/fotofilm\/wp-content\/uploads\/sites\/8\/2023\/02\/blue-stones.jpg\" alt=\"\/\/nordiska.fhsk.se\/fotofilm\/wp-content\/uploads\/sites\/8\/2023\/02\/blue-stones.jpg\" width=\"400\" \/><\/a><div class=\"text-block\">\n\t<p>Precis som \u00e5ren innan har deltagarna under h\u00f6sten 2024 gjort minutfilm. Hela Nordiska folkh\u00f6gskolan och bjudna g\u00e4ster var p\u00e5 premi\u00e4ren i filmhuset en av den sista dagarna under h\u00f6stterminen. Missade du filmerna kan n\u00e5gra av dem ses p\u00e5 olika festivaler under kommande \u00e5ret eller i <a href=\"https:\/\/nordiska.fhsk.se\/fotofilm\/galleri\/\" target=\"_blank\" rel=\"noopener\">gallerian<\/a> ovanf\u00f6r. P\u00e5 Nordiska har vi en l\u00e5ng tradition med att g\u00f6ra minutfilm, och flera av dem har uppm\u00e4rksammas p\u00e5 filmfestival och vunnit priser i SM i Minutfilm p\u00e5 Sveriges Kortfilmsfestival. Vill du veta mer om her filmer gjort p\u00e5 Filmskolan klarar sig ute i den stora v\u00e4rlden kan du kolla <a href=\"https:\/\/nordiska.fhsk.se\/fotofilm\/film\/awards\/\">h\u00e4r<\/a>.<\/p><p>Visst \u00e4r det inte s\u00e5 illa f\u00f6r en liten Filmlinje som v\u00e5r.<\/p><\/div>\n\n<\/div>\n<\/div>\t<\/div>\n<\/section>\n\n<section class=\"site-section\" >\n\t<div class=\"container\">\n\t\t\n<div class=\"row\">\n\t<div class=\"col-3\">\n\t<div class=\"text-block\">\n\t<p><em>\"Jag uppskattade att studera p\u00e5 Filmskolan eftersom det \u00e4r h\u00f6gt till tak och det finns utrymme f\u00f6r fritt skapande.\"<\/em><\/p><p><strong>Susanne Fagerlund <\/strong>- yrkesfotograf och konstn\u00e4r<\/p><\/div>\n\n<\/div>\n<div class=\"col-3\">\n\t<div class=\"text-block\">\n\t<p><em>\"Jag \u00e4r glad for den feedback och v\u00e4gledning jag har f\u00e5tt under mitt \u00e5r p\u00e5 Nordiska Filmskolan.\"<\/em><\/p><p><strong>Mikael Roth\u00a0<\/strong>- prisvinnande kortfilmsregiss\u00f6r och sk\u00e5despelare<\/p><\/div>\n\n<\/div>\n<div class=\"col-3\">\n\t<div class=\"text-block\">\n\t<p><em>\"Om du brinner f\u00f6r film \u00e4r Nordiska Filmskolan en toppenm\u00f6jlighet, samtidigt som du f\u00e5r hela folkis-upplevelsen n\u00e4ra en storstad.\"<\/em><\/p><p><strong>Freja Dareberg <\/strong>- deltagare skol\u00e5ret 2021-2022<\/p><\/div>\n\n<\/div>\n<div class=\"col-3\">\n\t<div class=\"text-block\">\n\t<p><em>\"Det \u00e4r tack vara l\u00e4rarna och undervisningen p\u00e5 Filmskolan att jag \u00e4r d\u00e4r jag \u00e4r i dag.\"<\/em><\/p><p><strong>Grimm Fridberg <\/strong>- frilansare inom POST och VFX artist<\/p><\/div>\n\n<\/div>\n<\/div>\t<\/div>\n<\/section>\n\n<section class=\"site-section\" >\n\t<div class=\"container\">\n\t\t\n<div class=\"row\">\n\t<div class=\"col-12\">\n\t\n    <div class=\"divider text_line \"><span class=\"divider-title\">Ans\u00f6k h\u00e4r<\/span><\/div>\n\n<\/div>\n<\/div>\n<div class=\"row\">\n\t<div class=\"col-12\">\n\t\n\n\n<div class=\"row\">\n\t        <div class=\"col-12\">\n\t\t\t\n<div class=\"course-spot \">\n    <a href=\"https:\/\/nordiska.fhsk.se\/fotofilm\/kurser\/filmskolan\/\">\n        <div class=\"course-spot-image\" style=\" background-image:url( https:\/\/nordiska.fhsk.se\/fotofilm\/wp-content\/uploads\/sites\/8\/2019\/10\/thumbnails\/img9735-6783-900x0.jpg )\">\n            <div class=\"course-spot-image-overlay\"><\/div>\n            <div class=\"course-spot-image-content\">\n                <p>Ett \u00e5r i filmens v\u00e4rld<\/p>\n                <h3>Nordiska Filmskolan<\/h3>\n            <\/div>\n        <\/div>\n    <\/a>\n    <div class=\"course-spot-content\">\n        <div class=\"course-spot-info\">\n            <div class=\"course-hero-text\">\n                <p><section class=\"site-section\" >\n\t<div class=\"container\">\n\t\t\n<div class=\"row\">\n\t<div class=\"col-6\">\n\t<div class=\"text-block\">\n\t<h4 class=\"p4\"><span class=\"s1\"><strong>M\u00e5let med filmkursen<\/strong><\/span><\/h4><p>Tillsammans med dig och dina klasskompisar vill vi ge dig m\u00f6jligheten att uppn\u00e5 en massa erfarenheter inom filmproduktion, och samtidigt ge dig en portf\u00f6lj du kan ta med dig in i framtiden. Har du en historia du bara m\u00e5ste ber\u00e4tta? En id\u00e9 som v\u00e4rlden m\u00e5ste ta del av? <span class=\"s1\">P\u00e5 Nordiska Filmskolan tycker vi om film med inneh\u00e5ll - med n\u00e5got p\u00e5 hj\u00e4rtat.\u00a0<\/span><\/p><h4 class=\"p4\"><span class=\"s1\"><strong>Deltagare<\/strong> <\/span><\/h4><p class=\"p1\"><span class=\"s1\">Som deltagare jobbar du tillsammans med dina kurskamrater, men med stor m\u00f6jlighet att utveckla dig p\u00e5 det individuella planet. Tillsammans med dina studiekamrater bygger du upp en portf\u00f6lj med dig som filmare, producent, f\u00f6rfattare eller\u00a0 regiss\u00f6r. Det er meritterande, men inte avg\u00f6rande, f\u00f6r din ans\u00f6kan att du har erfarenhet b\u00e5de med film och gillar att jobba i grupp.\u00a0<\/span><\/p><h4><strong>Att <em>g\u00f6ra<\/em> film p\u00e5 Nordiska<\/strong><\/h4><p class=\"p1\"><span class=\"s1\">Att g\u00f6ra film p\u00e5 Filmskolan \u00e4r alltid en gruppuppgift, men med fokus p\u00e5 hur den specifika historia gestaltas p\u00e5 b\u00e4sta s\u00e4tt. Vi ska l\u00e4ra av m\u00e4starna - studera deras ber\u00e4ttelser\u00a0 - och producera sm\u00e5 m\u00e4sterverk sj\u00e4lva. Vi ska l\u00e4ra oss tillsammans. Av v\u00e5ra misstag. Av v\u00e5ra succ\u00e9er. Vi ska l\u00e4ra att f\u00f6rst\u00e5 och anv\u00e4nda filmens spr\u00e5k - ber\u00e4ttandet i r\u00f6rlig bild och ljud.\u00a0<em>Storytelling in sound and images.<\/em><\/span><\/p><\/div>\n\n<\/div>\n<div class=\"col-6\">\n\t<div class=\"text-block\">\n\t<h4 class=\"p1\"><strong>Storytelling is showing - not telling<\/strong><\/h4><p><span class=\"s1\">D\u00e4rf\u00f6r arbetar vi med avsiktlig, tillg\u00e4nglig och smart teknisk utrustning som st\u00f6d, inte ett hinder, f\u00f6r ber\u00e4ttandet.<\/span><\/p><p class=\"p1\"><span class=\"s2\">Under din tid p\u00e5&nbsp;<span class=\"s1\"><b><a href=\"https:\/\/nordiska.fhsk.se\/fotofilm\/film\/start\/\">Nordiska Filmskolan<\/a>&nbsp;<\/b><\/span>presenteras du f\u00f6r olika \u00f6vningar inom filmproduktion - b\u00e5da fiktion och dokument\u00e4rt -&nbsp;dock alltid med fokus p\u00e5 att skapa historier med inneh\u00e5ll. Vi kommer g\u00e5 igenom allt fr\u00e5n id\u00e9, manus, storyboard, till filmning, ljudarbete och redigering. Genom teoretiska och pratiska \u00f6vningar upparbetar du en verktygsl\u00e5da som du kan anv\u00e4nda dig av n\u00e4r du g\u00f6r film tillsammans med dina studiekamrater. Varje kreativt val har betydelse f\u00f6r den f\u00e4rdiga produkten.&nbsp;<\/span><\/p><h4 class=\"p1\">Fiktion, dokument\u00e4r, eller n\u00e5got d\u00e4remellan<\/h4><p class=\"p3\"><span class=\"s2\">P\u00e5&nbsp;<i>Nordiska Filmskolan<\/i> har du tillg\u00e5ng till all utrustning och redigering dygnet runt s\u00e5 du riktigt kan f\u00f6rdjupa dig i att ber\u00e4tta dina stories. Om du \u00e4r till fiktion, \u00e4r en dokument\u00e4rfilmare eller b\u00e5da och spelar inte s\u00e5 stor roll. Det viktigaste \u00e4r att du vill utmana dig sj\u00e4lv tillsammans med dina klasskompisar. Att jobba kreativt med film kr\u00e4ver stort ansvar och du b\u00f6r d\u00e4rf\u00f6r vara en person som \u00e4r villig att jobba i projekt och gillar att samarbeta.<\/span><\/p><p>Valet \u00e4r ditt.<\/p><\/div>\n\n\n    <div class=\"divider space\" style=\"padding-top: 30px;\"><\/div>\n\n<\/div>\n<\/div>\n<div class=\"row\">\n\t<div class=\"col-6\">\n\t<div class=\"text-block\">\n\t<p>&nbsp;<\/p><\/div>\n\n<\/div>\n<div class=\"col-6\">\n\t<div class=\"text-block\">\n\t<h5>Kommer du fr\u00e5n ett annat land?<\/h5><p><a href=\"https:\/\/nordiska.fhsk.se\/om-skolan\/fran-ett-annat-nordiskt-land\/\"><strong>Viktig information om din anm\u00e4lan<\/strong><\/a><\/p><\/div>\n\n<a href=\"https:\/\/nordiska.fhsk.se\/om-skolan\/fran-ett-annat-nordiskt-land\/\" target=\"_blank\" ><img decoding=\"async\" src=\"https:\/\/nordiska.fhsk.se\/fotofilm\/wp-content\/uploads\/sites\/8\/2016\/12\/flaggor-kurssidan-2-420x50.png\" alt=\"https:\/\/nordiska.fhsk.se\/fotofilm\/wp-content\/uploads\/sites\/8\/2016\/12\/flaggor-kurssidan-2-420x50.png\" width=\"420\" \/><\/a><\/div>\n<\/div>\t<\/div>\n<\/section>\n\n<section class=\"site-section\" >\n\t<div class=\"container\">\n\t\t\n<div class=\"row\">\n\t<div class=\"col-12\">\n\t\n    <div class=\"divider text_line \"><span class=\"divider-title\">Learning by doing<\/span><\/div>\n\n<\/div>\n<\/div>\t<\/div>\n<\/section>\n\n<section class=\"site-section\" >\n\t<div class=\"container\">\n\t\t\n<div class=\"row\">\n\t<div class=\"col-3\">\n\t<div class=\"text-block\">\n\t<p><em>\"Jag uppskattade att studera p\u00e5 Filmskolan eftersom det \u00e4r h\u00f6gt till tak och det finns utrymme f\u00f6r fritt skapande.\"<\/em><\/p><p><strong>Susanne Fagerlund <\/strong>- yrkesfotograf och konstn\u00e4r<\/p><\/div>\n\n<\/div>\n<div class=\"col-3\">\n\t<div class=\"text-block\">\n\t<p><em>\"Jag \u00e4r glad for den feedback och v\u00e4gledning jag har f\u00e5tt under mitt \u00e5r p\u00e5 Nordiska Filmskolan.\"<\/em><\/p><p><strong>Mikael Roth\u00a0<\/strong>- prisvinnande kortfilmsregiss\u00f6r och sk\u00e5despelare<\/p><\/div>\n\n<\/div>\n<div class=\"col-3\">\n\t<div class=\"text-block\">\n\t<p><em>\"Om du brinner f\u00f6r film \u00e4r Nordiska Filmskolan en toppenm\u00f6jlighet, samtidigt som du f\u00e5r hela folkis-upplevelsen n\u00e4ra en storstad.\"<\/em><\/p><p><strong>Freja Dareberg <\/strong>- deltagare skol\u00e5ret 2021-2022<\/p><\/div>\n\n<\/div>\n<div class=\"col-3\">\n\t<div class=\"text-block\">\n\t<p><em>\"Det \u00e4r tack vara l\u00e4rarna och undervisningen p\u00e5 Filmskolan att jag \u00e4r d\u00e4r jag \u00e4r i dag.\"<\/em><\/p><p><strong>Grimm Fridberg <\/strong>- frilansare inom POST och VFX artist<\/p><\/div>\n\n<\/div>\n<\/div>\t<\/div>\n<\/section>\n\n<section class=\"site-section\" >\n\t<div class=\"container\">\n\t\t\n<div class=\"row\">\n\t<div class=\"col-6\">\n\t\n<div class='video-embed'><iframe loading=\"lazy\" src=\"https:\/\/player.vimeo.com\/video\/821257187?dnt=1&amp;app_id=122963\" width=\"500\" height=\"281\" frameborder=\"0\" allow=\"autoplay; fullscreen; picture-in-picture; clipboard-write; encrypted-media; web-share\" referrerpolicy=\"strict-origin-when-cross-origin\"><\/iframe><\/div>\n<\/div>\n<div class=\"col-6\">\n\t\n<div class='video-embed'><iframe loading=\"lazy\" title=\"Behind the scenes p\u00e5 Filmskolan\" src=\"https:\/\/player.vimeo.com\/video\/1167369201?dnt=1&amp;app_id=122963\" width=\"500\" height=\"281\" frameborder=\"0\" allow=\"autoplay; fullscreen; picture-in-picture; clipboard-write; encrypted-media; web-share\" referrerpolicy=\"strict-origin-when-cross-origin\"><\/iframe><\/div>\n<\/div>\n<\/div>\n<div class=\"row\">\n\t<div class=\"col-12\">\n\t<div class=\"form-wrapper fw-contact-form contact-form\">\n\t<form data-fw-form-id=\"fw_form\" method=\"post\" action=\"https:\/\/nordiska.fhsk.se\/fotofilm\/wp-json\/wp\/v2\/pages\/1899\" class=\"fw_form_fw_form\" data-fw-ext-forms-type=\"contact-forms\"  ><input type=\"hidden\" name=\"fwf\" value=\"fw_form\" \/><input type=\"hidden\" id=\"_nonce_d53a1b8b4c75e8610ae15eff639f9ada\" name=\"_nonce_d53a1b8b4c75e8610ae15eff639f9ada\" value=\"f119d9aa1b\" \/><input type=\"hidden\" name=\"_wp_http_referer\" value=\"\/fotofilm\/wp-json\/wp\/v2\/pages\/1899\" \/><input type=\"hidden\" name=\"fw_ext_forms_form_type\" value=\"contact-forms\" \/><input type=\"hidden\" name=\"fw_ext_forms_form_id\" value=\"754fce55853426a511f20ad9805c82f0\" \/><div class=\"wrap-forms\">\n\t<div class=\"fw-row\"><div class=\"col-12 form-builder-item form-builder-item\">\n\t<div class=\"header title\">\n\t\t<h2>Kontakta oss<\/h2>\n\t\t\t<\/div>\n<\/div><\/div><div class=\"fw-row\"><div class=\"col-12 form-builder-item\">\n\t<div class=\"field-text\">\n\t\t\t\t<label for=\"id-1\">Email\t\t\t<sup>*<\/sup>\t\t<\/label>\n\t\t\t\t<input type=\"text\" name=\"email_e27d0e5\" placeholder=\"Skriv din email h\u00e4r!\" value=\"\" id=\"id-1\" required=\"required\" >\n\t\t\t<\/div>\n<\/div><\/div><div class=\"fw-row\"><div class=\"col-12 form-builder-item\">\n\t<div class=\"field-textarea\">\n\t\t\t\t<label for=\"id-2\">Text\t\t\t<sup>*<\/sup>\t\t<\/label>\n\t\t\t\t<textarea name=\"textarea_90a21c9\" placeholder=\"Skriv din fr\u00e5ga h\u00e4r\" id=\"id-2\" required=\"required\" ><\/textarea>\n\t\t\t<\/div>\n<\/div><\/div><div class=\"fw-row\"><\/div><\/div><div>\n\t<input type=\"submit\" value=\"Send\"\/>\n<\/div><\/form><\/div><\/div>\n<\/div>\t<\/div>\n<\/section>\n\n<section class=\"site-section\" >\n\t<div class=\"container\">\n\t\t\n<div class=\"row\">\n\t<div class=\"col-2\">\n\t<div class=\"text-block\">\n\t<p>&nbsp;<\/p><\/div>\n\n<\/div>\n<div class=\"col-2\">\n\t<a href=\"https:\/\/www.instagram.com\/nordiskafilmskolan\/\" target=\"_blank\" ><img decoding=\"async\" src=\"\/\/nordiska.fhsk.se\/media\/wp-content\/uploads\/sites\/4\/2017\/02\/insta.jpg\" alt=\"\/\/nordiska.fhsk.se\/media\/wp-content\/uploads\/sites\/4\/2017\/02\/insta.jpg\" width=\"50\" \/><\/a><\/div>\n<div class=\"col-2\">\n\t<a href=\"https:\/\/www.facebook.com\/nordiskafilmskolan\" target=\"_blank\" ><img decoding=\"async\" src=\"\/\/nordiska.fhsk.se\/media\/wp-content\/uploads\/sites\/4\/2017\/02\/fb.jpg\" alt=\"\/\/nordiska.fhsk.se\/media\/wp-content\/uploads\/sites\/4\/2017\/02\/fb.jpg\" width=\"50\" \/><\/a><\/div>\n<div class=\"col-2\">\n\t<a href=\"https:\/\/vimeopro.com\/nordiskafolkhogskolan\/filmskolan\" target=\"_blank\" ><img decoding=\"async\" src=\"\/\/nordiska.fhsk.se\/media\/wp-content\/uploads\/sites\/4\/2018\/01\/vimeo.jpg\" alt=\"\/\/nordiska.fhsk.se\/media\/wp-content\/uploads\/sites\/4\/2018\/01\/vimeo.jpg\" width=\"50\" \/><\/a><\/div>\n<div class=\"col-2\">\n\t<a href=\"https:\/\/www.youtube.com\/channel\/UCTMRU2oH0qySm8EpYCTFlDA\" target=\"_blank\" ><img decoding=\"async\" src=\"\/\/nordiska.fhsk.se\/media\/wp-content\/uploads\/sites\/4\/2017\/01\/youtube.jpg\" alt=\"\/\/nordiska.fhsk.se\/media\/wp-content\/uploads\/sites\/4\/2017\/01\/youtube.jpg\" width=\"50\" \/><\/a><\/div>\n<\/div>\t<\/div>\n<\/section>\n\n<section class=\"site-section\" >\n\t<div class=\"container\">\n\t\t\n<div class=\"row\">\n\t<div class=\"col-12\">\n\t\n    <div class=\"divider  \"><span class=\"divider-title\"><\/span><\/div>\n\n<\/div>\n<\/div>\t<\/div>\n<\/section>\n\n<\/p>\n            <\/div>\n            <p class=\"deadline\">Sista ans\u00f6kningsdatum:\n                <span>20260415<\/span>\n            <\/p>\n        <\/div>\n        <div class=\"course-spot-actions\">\n            <a href=\"https:\/\/nordiska.fhsk.se\/fotofilm\/kurser\/filmskolan\/\"><i class=\"material-icons\">info_outline<\/i>L\u00e4s mer<\/a>\n            <a href=\"https:\/\/sms.schoolsoft.se\/fhsk\/jsp\/LoginApplicant.jsp?application_education_id=26364\" target=\"_blank\"><i class=\"material-icons\">launch<\/i>Ans\u00f6kan<\/a>\n                    <\/div>\n    <\/div>\n<\/div>        <\/div>\n\t\n<\/div>\n<\/div>\n<\/div>\t<\/div>\n<\/section>\n\n<section class=\"site-section\" >\n\t<div class=\"container\">\n\t\t\n<div class=\"row\">\n\t<div class=\"col-2\">\n\t<div class=\"text-block\">\n\t<p>&nbsp;<\/p><\/div>\n\n<\/div>\n<div class=\"col-2\">\n\t<a href=\"https:\/\/www.instagram.com\/nordiskafilmskolan\/\" target=\"_blank\" ><img decoding=\"async\" src=\"\/\/nordiska.fhsk.se\/media\/wp-content\/uploads\/sites\/4\/2017\/02\/insta.jpg\" alt=\"\/\/nordiska.fhsk.se\/media\/wp-content\/uploads\/sites\/4\/2017\/02\/insta.jpg\" width=\"50\" \/><\/a><\/div>\n<div class=\"col-2\">\n\t<a href=\"https:\/\/www.facebook.com\/nordiskafilmskolan\" target=\"_blank\" ><img decoding=\"async\" src=\"\/\/nordiska.fhsk.se\/media\/wp-content\/uploads\/sites\/4\/2017\/02\/fb.jpg\" alt=\"\/\/nordiska.fhsk.se\/media\/wp-content\/uploads\/sites\/4\/2017\/02\/fb.jpg\" width=\"50\" \/><\/a><\/div>\n<div class=\"col-2\">\n\t<a href=\"https:\/\/vimeopro.com\/nordiskafolkhogskolan\/filmskolan\" target=\"_blank\" ><img decoding=\"async\" src=\"\/\/nordiska.fhsk.se\/media\/wp-content\/uploads\/sites\/4\/2018\/01\/vimeo.jpg\" alt=\"\/\/nordiska.fhsk.se\/media\/wp-content\/uploads\/sites\/4\/2018\/01\/vimeo.jpg\" width=\"50\" \/><\/a><\/div>\n<div class=\"col-2\">\n\t<a href=\"https:\/\/www.youtube.com\/channel\/UCTMRU2oH0qySm8EpYCTFlDA\" target=\"_blank\" ><img decoding=\"async\" src=\"\/\/nordiska.fhsk.se\/media\/wp-content\/uploads\/sites\/4\/2017\/01\/youtube.jpg\" alt=\"\/\/nordiska.fhsk.se\/media\/wp-content\/uploads\/sites\/4\/2017\/01\/youtube.jpg\" width=\"50\" \/><\/a><\/div>\n<\/div>\t<\/div>\n<\/section>\n\n<\/p>\n","protected":false},"excerpt":{"rendered":"<p>M\u00e5let med filmkursenTillsammans med dig och dina klasskompisar vill vi ge dig m\u00f6jligheten att uppn\u00e5 en massa erfarenheter inom filmproduktion, och samtidigt ge dig en portf\u00f6lj du kan ta med dig in i framtiden. Har du en historia du bara m\u00e5ste ber\u00e4tta? En id\u00e9 som v\u00e4rlden m\u00e5ste ta del av? P\u00e5 Nordiska Filmskolan tycker vi [&hellip;]<\/p>\n","protected":false},"author":6,"featured_media":0,"parent":299,"menu_order":4,"comment_status":"closed","ping_status":"closed","template":"","meta":{"_exactmetrics_skip_tracking":false,"_exactmetrics_sitenote_active":false,"_exactmetrics_sitenote_note":"","_exactmetrics_sitenote_category":0,"footnotes":""},"class_list":["post-1899","page","type-page","status-publish","hentry"],"acf":[],"_links":{"self":[{"href":"https:\/\/nordiska.fhsk.se\/fotofilm\/wp-json\/wp\/v2\/pages\/1899","targetHints":{"allow":["GET"]}}],"collection":[{"href":"https:\/\/nordiska.fhsk.se\/fotofilm\/wp-json\/wp\/v2\/pages"}],"about":[{"href":"https:\/\/nordiska.fhsk.se\/fotofilm\/wp-json\/wp\/v2\/types\/page"}],"author":[{"embeddable":true,"href":"https:\/\/nordiska.fhsk.se\/fotofilm\/wp-json\/wp\/v2\/users\/6"}],"replies":[{"embeddable":true,"href":"https:\/\/nordiska.fhsk.se\/fotofilm\/wp-json\/wp\/v2\/comments?post=1899"}],"version-history":[{"count":6,"href":"https:\/\/nordiska.fhsk.se\/fotofilm\/wp-json\/wp\/v2\/pages\/1899\/revisions"}],"predecessor-version":[{"id":9760,"href":"https:\/\/nordiska.fhsk.se\/fotofilm\/wp-json\/wp\/v2\/pages\/1899\/revisions\/9760"}],"up":[{"embeddable":true,"href":"https:\/\/nordiska.fhsk.se\/fotofilm\/wp-json\/wp\/v2\/pages\/299"}],"wp:attachment":[{"href":"https:\/\/nordiska.fhsk.se\/fotofilm\/wp-json\/wp\/v2\/media?parent=1899"}],"curies":[{"name":"wp","href":"https:\/\/api.w.org\/{rel}","templated":true}]}}