{"id":3012,"date":"2017-08-09T09:51:55","date_gmt":"2017-08-09T07:51:55","guid":{"rendered":"http:\/\/nordiska.fhsk.se\/fotofilm\/?page_id=3012"},"modified":"2024-05-27T13:21:41","modified_gmt":"2024-05-27T11:21:41","slug":"about","status":"publish","type":"page","link":"https:\/\/nordiska.fhsk.se\/fotofilm\/film\/about\/","title":{"rendered":"Om oss"},"content":{"rendered":"<p><section class=\"site-section\" >\n\t<div class=\"container\">\n\t\t\n<div class=\"row\">\n\t<div class=\"col-12\">\n\t<div class=\"text-block\">\n\t<p><div style=\"width: 1920px;\" class=\"wp-video\"><video class=\"wp-video-shortcode\" id=\"video-3012-1\" width=\"1920\" height=\"400\" loop autoplay preload=\"auto\" controls=\"controls\"><source type=\"video\/mp4\" src=\"http:\/\/nordiska.fhsk.se\/media\/wp-content\/uploads\/sites\/4\/2018\/03\/storytelling.mp4?_=1\" \/><a href=\"http:\/\/nordiska.fhsk.se\/media\/wp-content\/uploads\/sites\/4\/2018\/03\/storytelling.mp4\">http:\/\/nordiska.fhsk.se\/media\/wp-content\/uploads\/sites\/4\/2018\/03\/storytelling.mp4<\/a><\/video><\/div><\/p><\/div>\n\n<\/div>\n<\/div>\t<\/div>\n<\/section>\n\n<section class=\"site-section\" >\n\t<div class=\"container\">\n\t\t\n<div class=\"row\">\n\t<div class=\"col-4\">\n\t<div class=\"text-block\">\n\t<h2 style=\"text-align: center;\">Be curious<\/h2><\/div>\n\n<\/div>\n<div class=\"col-4\">\n\t<div class=\"text-block\">\n\t<h2 style=\"text-align: center;\">Be creative<\/h2><\/div>\n\n<\/div>\n<div class=\"col-4\">\n\t<div class=\"text-block\">\n\t<h2 style=\"text-align: center;\">Be different<\/h2><\/div>\n\n<\/div>\n<\/div>\t<\/div>\n<\/section>\n\n<section class=\"site-section\" >\n\t<div class=\"container\">\n\t\t\n<div class=\"row\">\n\t<div class=\"col-6\">\n\t<div class=\"text-block\">\n\t<h4>Ber\u00e4tta DIN story!<\/h4><p class=\"p1\"><span class=\"s1\"><span style=\"font-weight: 400;\">P\u00e5 Nordiska Filmskolan vill vi ge dig erfarenheter inom filmproduktion och samtidigt hj\u00e4lpa dig att hitta k\u00e4rnan i ditt egna filmskapande.\u00a0<\/span><span style=\"font-weight: 400;\">Vi arbetar med dina egna och andras ber\u00e4ttelser och skapar film med inneh\u00e5ll, med n\u00e5got p\u00e5 hj\u00e4rtat. Vi utg\u00e5r fram f\u00f6r allt <\/span><span style=\"font-weight: 400;\">fr\u00e5n metoder som anv\u00e4nds i det dokument\u00e4ra ber\u00e4ttandet - men f\u00f6r det ocks\u00e5 in skapandet av fiktion och konstn\u00e4rliga filmer. <\/span><span style=\"font-weight: 400;\">Du f\u00e5r l\u00e4ra dig genom praktiska \u00f6vningar b\u00e5de i grupp och individuellt. Vi provar, testar och hittar ditt s\u00e4tt att ber\u00e4tta.<\/span> <\/span><\/p><p class=\"p1\"><span class=\"s1\">Vi har inga kundskabskrav, men det betyder inte att vi inte tar v\u00e5r utbildning seri\u00f6st. Film passar inte in i olika fyrkanter och matriser som ska fyllas i och bockas av. M\u00e5let med filmkurserna \u00e4r att ge dig m\u00f6jlighet f\u00f6r att uppn\u00e5 kundskab inom film genom handledning och samtidigt g\u00f6ra dig medveten om hur du ska ber\u00e4tta din story p\u00e5 b\u00e4sta s\u00e4tt. Vi <i>vet<\/i>\u00a0att hur bra en film \u00e4r beror p\u00e5 filmskaparens f\u00f6rm\u00e5ga och inte p\u00e5 hur bra kameran \u00e4r.\u00a0<\/span><\/p><p class=\"p1\"><span class=\"s1\">Undervisningen p\u00e5 Nordiska Filmskolan bedrivs av\u00a0<a href=\"http:\/\/nordiska.fhsk.se\/fotofilm\/film\/filmlarare\/\"><span class=\"s2\"><b>kvalificerade l\u00e4rare<\/b><\/span><\/a>\u00a0med erfarenhet fr\u00e5n olika delar av medieproduktion och undervisning - alla med fokus p\u00e5 storytelling\/ber\u00e4ttandet. Vi ska analysera och studera egna och andras arbeten. Vi ska l\u00e4ra av v\u00e5ra misstag. Av v\u00e5ra succ\u00e9er. Vi ska l\u00e4ra oss tillsammans.<\/span><\/p><p class=\"p1\"><span class=\"s1\">Nordiska Filmskolan \u00e4r medlem i Sveriges Film och Video f\u00f6rbund och samarbetar med flera olika akt\u00f6rer inom film och utbildning i det mesta av Norden, men viktigast f\u00f6r ett lyckat \u00e5r hos oss \u00e4r ditt engagemang. P\u00e5 Filmskolan har du d\u00e4rf\u00f6r stor m\u00f6jlighet att delta och t\u00e4vla i en rad olika filmfestivaler och skapa ditt eget n\u00e4tv\u00e4rk. Vi har kontakterna om du har viljan.<\/span><\/p><\/div>\n\n<div class=\"text-block\">\n\t<p class=\"p1\"><span class=\"s1\">\u201d<em>Any creative process is about being in a territory which isn\u2019t secure, isn\u2019t necessarily familiar, and isn\u2019t convenient in any sort of way. And that\u2019s the excitement of it.<\/em>\"<\/span><\/p><p class=\"p1\"><span class=\"s1\">Susanne Bier - Oscarvinnande regiss\u00f6r <\/span><\/p><\/div>\n\n<\/div>\n<div class=\"col-6\">\n\t<div class=\"text-block\">\n\t<h4 class=\"p1\">Filmskolan - ett \u00e5r i filmens v\u00e4rld<\/h4><p class=\"p1\"><span class=\"s1\">Ber\u00e4tta kan man g\u00f6ra m\u00e5nga olika s\u00e4tt: genom tal, fotografi, ljud och musik, skrift eller visa r\u00f6rliga bilder p\u00e5 en duk eller sk\u00e4rm. I film ber\u00e4ttas historier p\u00e5 alla ovanst\u00e5ende s\u00e4tt (och fler).<\/span><\/p><p class=\"p1\"><span class=\"s1\">Du kommer att f\u00e5 g\u00f6ra film tillsammans med dina kurskamrater och testa p\u00e5 flera olika roller inom filmproduktion. Ni bygger upp en portf\u00f6lj med erat eget inneh\u00e5ll \u2013 och med dig som f\u00f6rfattare, editor, kameraman, ljudtekniker eller regiss\u00f6r. P\u00e5 Nordiska&nbsp;<\/span>Filmskolan f\u00e5r du&nbsp;l\u00e4ra dig genom praktiska \u00f6vningar, du f\u00e5r&nbsp;pr\u00f6va p\u00e5, testa och hitta <em>ditt<\/em> s\u00e4tt att ber\u00e4tta och experimentera med filmspr\u00e5ket.<\/p><p class=\"p1\">P\u00e5 Nordiska Filmskolan har vi fokus p\u00e5 den personliga ber\u00e4ttelsen i det korta formatet. Hos oss \u00e4r kortfilm inte bare korta filmer, utan sm\u00e5 <em>m\u00e4sterverk<\/em> i sin helt egen genre. Det b\u00e4sta formatet att l\u00e4ra sig i och utforska. Vi f\u00f6rv\u00e4ntar oss d\u00e4rf\u00f6r att du \u00e4r redo att ge av dig sj\u00e4lv,&nbsp; att du \u00e4r redo att ing\u00e5 i samarbete, redo att g\u00f6ra fel och redo att lyckas. Med utg\u00e5ngspunkt i deltagarnas egna erfarenheter och historier h\u00f6jer vi motivationen och l\u00e4r av varandra genom \"att g\u00f6ra\". <em>Learning by doing<\/em>, helt enkelt.<\/p><p class=\"p1\">Flera av v\u00e5r tidigare deltagare anv\u00e4nder filmproduktioner dem har gjort p\u00e5 skolan till att s\u00f6ka vidare till andra skolor, s\u00f6ka praktik eller job inom filmens v\u00e4rld.<\/p><\/div>\n\n<div class=\"text-block\">\n\t<h5 class=\"p2\"><strong>L\u00e4s mer om l\u00e4rarna\u00a0p\u00e5 filmskolan\u00a0<a href=\"http:\/\/nordiska.fhsk.se\/fotofilm\/film\/filmlarare\/\">h\u00e4r:<\/a><\/strong><\/h5><\/div>\n\n\n\n\n<div class=\"row\">\n    <div class=\"staff-grid num-spots-1\">\n\t\t            <div class=\"staff-grid-block\">\n\t\t\t\t\n<div class=\"staff-spot\">\n    <div class=\"staff-spot-image\" style=\"background-image: url( https:\/\/nordiska.fhsk.se\/fotofilm\/wp-content\/uploads\/sites\/8\/2017\/12\/thumbnails\/dsc7947-scaled-9473-120x0.jpg )\">\n    <\/div>\n    \u200b\n    <div class=\"staff-spot-content-wrapper\">\n        <div class=\"staff-spot-content\">\n            <h6>Inuk J\u00f8rgensen<\/h6>\n            <p class=\"jobtitle\">L\u00e4rare, linjeledare Filmskolan<\/p>\n            <a href=\"tel:\"><\/a>\n            <a href=\"mailto:inuk.jorgensen@nordiska.fhsk.se\">inuk.jorgensen@nordiska.fhsk.se<\/a>\n        <\/div>\n    <\/div>\n\n<\/div>            <\/div>\n\t\t    <\/div>\n<\/div>\n\n\n<div class=\"text-block\">\n\t<h6><a href=\"https:\/\/nordiska.fhsk.se\/fotofilm\/film\/about\/virtual-tours\/\"><span style=\"color: #003300;\"><strong>DIGITAL RUNDVANDRING P\u00c5 SKOLAN<\/strong><\/span><\/a><\/h6><\/div>\n\n<\/div>\n<\/div>\t<\/div>\n<\/section>\n\n<section class=\"site-section\" >\n\t<div class=\"container\">\n\t\t\n<div class=\"row\">\n\t<div class=\"col-12\">\n\t\n    <div class=\"divider text_line \"><span class=\"divider-title\">Ans\u00f6k h\u00e4r<\/span><\/div>\n\n<\/div>\n<\/div>\n<div class=\"row\">\n\t<div class=\"col-12\">\n\t\n\n\n<div class=\"row\">\n\t        <div class=\"col-12\">\n\t\t\t\n<div class=\"course-spot \">\n    <a href=\"https:\/\/nordiska.fhsk.se\/fotofilm\/kurser\/filmskolan\/\">\n        <div class=\"course-spot-image\" style=\" background-image:url( https:\/\/nordiska.fhsk.se\/fotofilm\/wp-content\/uploads\/sites\/8\/2019\/10\/thumbnails\/img9735-6783-900x0.jpg )\">\n            <div class=\"course-spot-image-overlay\"><\/div>\n            <div class=\"course-spot-image-content\">\n                <p>Ett \u00e5r i filmens v\u00e4rld<\/p>\n                <h3>Nordiska Filmskolan<\/h3>\n            <\/div>\n        <\/div>\n    <\/a>\n    <div class=\"course-spot-content\">\n        <div class=\"course-spot-info\">\n            <div class=\"course-hero-text\">\n                <p><section class=\"site-section\" >\n\t<div class=\"container\">\n\t\t\n<div class=\"row\">\n\t<div class=\"col-6\">\n\t<div class=\"text-block\">\n\t<h4 class=\"p4\"><span class=\"s1\"><strong>M\u00e5let med filmkursen<\/strong><\/span><\/h4><p>Tillsammans med dig och dina klasskompisar vill vi ge dig m\u00f6jligheten att uppn\u00e5 en massa erfarenheter inom filmproduktion, och samtidigt ge dig en portf\u00f6lj du kan ta med dig in i framtiden. Har du en historia du bara m\u00e5ste ber\u00e4tta? En id\u00e9 som v\u00e4rlden m\u00e5ste ta del av? <span class=\"s1\">P\u00e5 Nordiska Filmskolan tycker vi om film med inneh\u00e5ll - med n\u00e5got p\u00e5 hj\u00e4rtat.\u00a0<\/span><\/p><h4 class=\"p4\"><span class=\"s1\"><strong>Deltagare<\/strong> <\/span><\/h4><p class=\"p1\"><span class=\"s1\">Som deltagare jobbar du tillsammans med dina kurskamrater, men med stor m\u00f6jlighet att utveckla dig p\u00e5 det individuella planet. Tillsammans med dina studiekamrater bygger du upp en portf\u00f6lj med dig som filmare, producent, f\u00f6rfattare eller\u00a0 regiss\u00f6r. Det er meritterande, men inte avg\u00f6rande, f\u00f6r din ans\u00f6kan att du har erfarenhet b\u00e5de med film och gillar att jobba i grupp.\u00a0<\/span><\/p><h4><strong>Att <em>g\u00f6ra<\/em> film p\u00e5 Nordiska<\/strong><\/h4><p class=\"p1\"><span class=\"s1\">Att g\u00f6ra film p\u00e5 Filmskolan \u00e4r alltid en gruppuppgift, men med fokus p\u00e5 hur den specifika historia gestaltas p\u00e5 b\u00e4sta s\u00e4tt. Vi ska l\u00e4ra av m\u00e4starna - studera deras ber\u00e4ttelser\u00a0 - och producera sm\u00e5 m\u00e4sterverk sj\u00e4lva. Vi ska l\u00e4ra oss tillsammans. Av v\u00e5ra misstag. Av v\u00e5ra succ\u00e9er. Vi ska l\u00e4ra att f\u00f6rst\u00e5 och anv\u00e4nda filmens spr\u00e5k - ber\u00e4ttandet i r\u00f6rlig bild och ljud.\u00a0<em>Storytelling in sound and images.<\/em><\/span><\/p><\/div>\n\n<\/div>\n<div class=\"col-6\">\n\t<div class=\"text-block\">\n\t<h4 class=\"p1\"><strong>Storytelling is showing - not telling<\/strong><\/h4><p><span class=\"s1\">D\u00e4rf\u00f6r arbetar vi med avsiktlig, tillg\u00e4nglig och smart teknisk utrustning som st\u00f6d, inte ett hinder, f\u00f6r ber\u00e4ttandet.<\/span><\/p><p class=\"p1\"><span class=\"s2\">Under din tid p\u00e5&nbsp;<span class=\"s1\"><b><a href=\"https:\/\/nordiska.fhsk.se\/fotofilm\/film\/start\/\">Nordiska Filmskolan<\/a>&nbsp;<\/b><\/span>presenteras du f\u00f6r olika \u00f6vningar inom filmproduktion - b\u00e5da fiktion och dokument\u00e4rt -&nbsp;dock alltid med fokus p\u00e5 att skapa historier med inneh\u00e5ll. Vi kommer g\u00e5 igenom allt fr\u00e5n id\u00e9, manus, storyboard, till filmning, ljudarbete och redigering. Genom teoretiska och pratiska \u00f6vningar upparbetar du en verktygsl\u00e5da som du kan anv\u00e4nda dig av n\u00e4r du g\u00f6r film tillsammans med dina studiekamrater. Varje kreativt val har betydelse f\u00f6r den f\u00e4rdiga produkten.&nbsp;<\/span><\/p><h4 class=\"p1\">Fiktion, dokument\u00e4r, eller n\u00e5got d\u00e4remellan<\/h4><p class=\"p3\"><span class=\"s2\">P\u00e5&nbsp;<i>Nordiska Filmskolan<\/i> har du tillg\u00e5ng till all utrustning och redigering dygnet runt s\u00e5 du riktigt kan f\u00f6rdjupa dig i att ber\u00e4tta dina stories. Om du \u00e4r till fiktion, \u00e4r en dokument\u00e4rfilmare eller b\u00e5da och spelar inte s\u00e5 stor roll. Det viktigaste \u00e4r att du vill utmana dig sj\u00e4lv tillsammans med dina klasskompisar. Att jobba kreativt med film kr\u00e4ver stort ansvar och du b\u00f6r d\u00e4rf\u00f6r vara en person som \u00e4r villig att jobba i projekt och gillar att samarbeta.<\/span><\/p><p>Valet \u00e4r ditt.<\/p><\/div>\n\n\n    <div class=\"divider space\" style=\"padding-top: 30px;\"><\/div>\n\n<\/div>\n<\/div>\n<div class=\"row\">\n\t<div class=\"col-6\">\n\t<div class=\"text-block\">\n\t<p>&nbsp;<\/p><\/div>\n\n<\/div>\n<div class=\"col-6\">\n\t<div class=\"text-block\">\n\t<h5>Kommer du fr\u00e5n ett annat land?<\/h5><p><a href=\"https:\/\/nordiska.fhsk.se\/om-skolan\/fran-ett-annat-nordiskt-land\/\"><strong>Viktig information om din anm\u00e4lan<\/strong><\/a><\/p><\/div>\n\n<a href=\"https:\/\/nordiska.fhsk.se\/om-skolan\/fran-ett-annat-nordiskt-land\/\" target=\"_blank\" ><img decoding=\"async\" src=\"https:\/\/nordiska.fhsk.se\/fotofilm\/wp-content\/uploads\/sites\/8\/2016\/12\/flaggor-kurssidan-2-420x50.png\" alt=\"https:\/\/nordiska.fhsk.se\/fotofilm\/wp-content\/uploads\/sites\/8\/2016\/12\/flaggor-kurssidan-2-420x50.png\" width=\"420\" \/><\/a><\/div>\n<\/div>\t<\/div>\n<\/section>\n\n<section class=\"site-section\" >\n\t<div class=\"container\">\n\t\t\n<div class=\"row\">\n\t<div class=\"col-12\">\n\t\n    <div class=\"divider text_line \"><span class=\"divider-title\">Learning by doing<\/span><\/div>\n\n<\/div>\n<\/div>\t<\/div>\n<\/section>\n\n<section class=\"site-section\" >\n\t<div class=\"container\">\n\t\t\n<div class=\"row\">\n\t<div class=\"col-3\">\n\t<div class=\"text-block\">\n\t<p><em>\"Jag uppskattade att studera p\u00e5 Filmskolan eftersom det \u00e4r h\u00f6gt till tak och det finns utrymme f\u00f6r fritt skapande.\"<\/em><\/p><p><strong>Susanne Fagerlund <\/strong>- yrkesfotograf och konstn\u00e4r<\/p><\/div>\n\n<\/div>\n<div class=\"col-3\">\n\t<div class=\"text-block\">\n\t<p><em>\"Jag \u00e4r glad for den feedback och v\u00e4gledning jag har f\u00e5tt under mitt \u00e5r p\u00e5 Nordiska Filmskolan.\"<\/em><\/p><p><strong>Mikael Roth\u00a0<\/strong>- prisvinnande kortfilmsregiss\u00f6r och sk\u00e5despelare<\/p><\/div>\n\n<\/div>\n<div class=\"col-3\">\n\t<div class=\"text-block\">\n\t<p><em>\"Om du brinner f\u00f6r film \u00e4r Nordiska Filmskolan en toppenm\u00f6jlighet, samtidigt som du f\u00e5r hela folkis-upplevelsen n\u00e4ra en storstad.\"<\/em><\/p><p><strong>Freja Dareberg <\/strong>- deltagare skol\u00e5ret 2021-2022<\/p><\/div>\n\n<\/div>\n<div class=\"col-3\">\n\t<div class=\"text-block\">\n\t<p><em>\"Det \u00e4r tack vara l\u00e4rarna och undervisningen p\u00e5 Filmskolan att jag \u00e4r d\u00e4r jag \u00e4r i dag.\"<\/em><\/p><p><strong>Grimm Fridberg <\/strong>- frilansare inom POST och VFX artist<\/p><\/div>\n\n<\/div>\n<\/div>\t<\/div>\n<\/section>\n\n<section class=\"site-section\" >\n\t<div class=\"container\">\n\t\t\n<div class=\"row\">\n\t<div class=\"col-6\">\n\t\n<div class='video-embed'><iframe loading=\"lazy\" src=\"https:\/\/player.vimeo.com\/video\/821257187?dnt=1&amp;app_id=122963\" width=\"500\" height=\"281\" frameborder=\"0\" allow=\"autoplay; fullscreen; picture-in-picture; clipboard-write; encrypted-media; web-share\" referrerpolicy=\"strict-origin-when-cross-origin\"><\/iframe><\/div>\n<\/div>\n<div class=\"col-6\">\n\t\n<div class='video-embed'><iframe loading=\"lazy\" title=\"Behind the scenes p\u00e5 Filmskolan\" src=\"https:\/\/player.vimeo.com\/video\/1167369201?dnt=1&amp;app_id=122963\" width=\"500\" height=\"281\" frameborder=\"0\" allow=\"autoplay; fullscreen; picture-in-picture; clipboard-write; encrypted-media; web-share\" referrerpolicy=\"strict-origin-when-cross-origin\"><\/iframe><\/div>\n<\/div>\n<\/div>\n<div class=\"row\">\n\t<div class=\"col-12\">\n\t<div class=\"form-wrapper fw-contact-form contact-form\">\n\t<form data-fw-form-id=\"fw_form\" method=\"post\" action=\"https:\/\/nordiska.fhsk.se\/fotofilm\/wp-json\/wp\/v2\/pages\/3012\" class=\"fw_form_fw_form\" data-fw-ext-forms-type=\"contact-forms\"  ><input type=\"hidden\" name=\"fwf\" value=\"fw_form\" \/><input type=\"hidden\" id=\"_nonce_d53a1b8b4c75e8610ae15eff639f9ada\" name=\"_nonce_d53a1b8b4c75e8610ae15eff639f9ada\" value=\"f119d9aa1b\" \/><input type=\"hidden\" name=\"_wp_http_referer\" value=\"\/fotofilm\/wp-json\/wp\/v2\/pages\/3012\" \/><input type=\"hidden\" name=\"fw_ext_forms_form_type\" value=\"contact-forms\" \/><input type=\"hidden\" name=\"fw_ext_forms_form_id\" value=\"754fce55853426a511f20ad9805c82f0\" \/><div class=\"wrap-forms\">\n\t<div class=\"fw-row\"><div class=\"col-12 form-builder-item form-builder-item\">\n\t<div class=\"header title\">\n\t\t<h2>Kontakta oss<\/h2>\n\t\t\t<\/div>\n<\/div><\/div><div class=\"fw-row\"><div class=\"col-12 form-builder-item\">\n\t<div class=\"field-text\">\n\t\t\t\t<label for=\"id-1\">Email\t\t\t<sup>*<\/sup>\t\t<\/label>\n\t\t\t\t<input type=\"text\" name=\"email_e27d0e5\" placeholder=\"Skriv din email h\u00e4r!\" value=\"\" id=\"id-1\" required=\"required\" >\n\t\t\t<\/div>\n<\/div><\/div><div class=\"fw-row\"><div class=\"col-12 form-builder-item\">\n\t<div class=\"field-textarea\">\n\t\t\t\t<label for=\"id-2\">Text\t\t\t<sup>*<\/sup>\t\t<\/label>\n\t\t\t\t<textarea name=\"textarea_90a21c9\" placeholder=\"Skriv din fr\u00e5ga h\u00e4r\" id=\"id-2\" required=\"required\" ><\/textarea>\n\t\t\t<\/div>\n<\/div><\/div><div class=\"fw-row\"><\/div><\/div><div>\n\t<input type=\"submit\" value=\"Send\"\/>\n<\/div><\/form><\/div><\/div>\n<\/div>\t<\/div>\n<\/section>\n\n<section class=\"site-section\" >\n\t<div class=\"container\">\n\t\t\n<div class=\"row\">\n\t<div class=\"col-2\">\n\t<div class=\"text-block\">\n\t<p>&nbsp;<\/p><\/div>\n\n<\/div>\n<div class=\"col-2\">\n\t<a href=\"https:\/\/www.instagram.com\/nordiskafilmskolan\/\" target=\"_blank\" ><img decoding=\"async\" src=\"\/\/nordiska.fhsk.se\/media\/wp-content\/uploads\/sites\/4\/2017\/02\/insta.jpg\" alt=\"\/\/nordiska.fhsk.se\/media\/wp-content\/uploads\/sites\/4\/2017\/02\/insta.jpg\" width=\"50\" \/><\/a><\/div>\n<div class=\"col-2\">\n\t<a href=\"https:\/\/www.facebook.com\/nordiskafilmskolan\" target=\"_blank\" ><img decoding=\"async\" src=\"\/\/nordiska.fhsk.se\/media\/wp-content\/uploads\/sites\/4\/2017\/02\/fb.jpg\" alt=\"\/\/nordiska.fhsk.se\/media\/wp-content\/uploads\/sites\/4\/2017\/02\/fb.jpg\" width=\"50\" \/><\/a><\/div>\n<div class=\"col-2\">\n\t<a href=\"https:\/\/vimeopro.com\/nordiskafolkhogskolan\/filmskolan\" target=\"_blank\" ><img decoding=\"async\" src=\"\/\/nordiska.fhsk.se\/media\/wp-content\/uploads\/sites\/4\/2018\/01\/vimeo.jpg\" alt=\"\/\/nordiska.fhsk.se\/media\/wp-content\/uploads\/sites\/4\/2018\/01\/vimeo.jpg\" width=\"50\" \/><\/a><\/div>\n<div class=\"col-2\">\n\t<a href=\"https:\/\/www.youtube.com\/channel\/UCTMRU2oH0qySm8EpYCTFlDA\" target=\"_blank\" ><img decoding=\"async\" src=\"\/\/nordiska.fhsk.se\/media\/wp-content\/uploads\/sites\/4\/2017\/01\/youtube.jpg\" alt=\"\/\/nordiska.fhsk.se\/media\/wp-content\/uploads\/sites\/4\/2017\/01\/youtube.jpg\" width=\"50\" \/><\/a><\/div>\n<\/div>\t<\/div>\n<\/section>\n\n<section class=\"site-section\" >\n\t<div class=\"container\">\n\t\t\n<div class=\"row\">\n\t<div class=\"col-12\">\n\t\n    <div class=\"divider  \"><span class=\"divider-title\"><\/span><\/div>\n\n<\/div>\n<\/div>\t<\/div>\n<\/section>\n\n<\/p>\n            <\/div>\n            <p class=\"deadline\">Sista ans\u00f6kningsdatum:\n                <span>20260415<\/span>\n            <\/p>\n        <\/div>\n        <div class=\"course-spot-actions\">\n            <a href=\"https:\/\/nordiska.fhsk.se\/fotofilm\/kurser\/filmskolan\/\"><i class=\"material-icons\">info_outline<\/i>L\u00e4s mer<\/a>\n            <a href=\"https:\/\/sms.schoolsoft.se\/fhsk\/jsp\/LoginApplicant.jsp?application_education_id=26364\" target=\"_blank\"><i class=\"material-icons\">launch<\/i>Ans\u00f6kan<\/a>\n                    <\/div>\n    <\/div>\n<\/div>        <\/div>\n\t\n<\/div>\n<\/div>\n<\/div>\t<\/div>\n<\/section>\n\n<section class=\"site-section\" >\n\t<div class=\"container\">\n\t\t\n<div class=\"row\">\n\t<div class=\"col-2\">\n\t<div class=\"text-block\">\n\t<p>&nbsp;<\/p><\/div>\n\n<\/div>\n<div class=\"col-2\">\n\t<a href=\"https:\/\/www.instagram.com\/nordiskafilmskolan\/\" target=\"_blank\" ><img decoding=\"async\" src=\"\/\/nordiska.fhsk.se\/media\/wp-content\/uploads\/sites\/4\/2017\/02\/insta.jpg\" alt=\"\/\/nordiska.fhsk.se\/media\/wp-content\/uploads\/sites\/4\/2017\/02\/insta.jpg\" width=\"50\" \/><\/a><\/div>\n<div class=\"col-2\">\n\t<a href=\"https:\/\/www.facebook.com\/nordiskafilmskolan\" target=\"_blank\" ><img decoding=\"async\" src=\"\/\/nordiska.fhsk.se\/media\/wp-content\/uploads\/sites\/4\/2017\/02\/fb.jpg\" alt=\"\/\/nordiska.fhsk.se\/media\/wp-content\/uploads\/sites\/4\/2017\/02\/fb.jpg\" width=\"50\" \/><\/a><\/div>\n<div class=\"col-2\">\n\t<a href=\"https:\/\/vimeopro.com\/nordiskafolkhogskolan\/filmskolan\" target=\"_blank\" ><img decoding=\"async\" src=\"\/\/nordiska.fhsk.se\/media\/wp-content\/uploads\/sites\/4\/2018\/01\/vimeo.jpg\" alt=\"\/\/nordiska.fhsk.se\/media\/wp-content\/uploads\/sites\/4\/2018\/01\/vimeo.jpg\" width=\"50\" \/><\/a><\/div>\n<div class=\"col-2\">\n\t<a href=\"https:\/\/www.youtube.com\/channel\/UCTMRU2oH0qySm8EpYCTFlDA\" target=\"_blank\" ><img decoding=\"async\" src=\"\/\/nordiska.fhsk.se\/media\/wp-content\/uploads\/sites\/4\/2017\/01\/youtube.jpg\" alt=\"\/\/nordiska.fhsk.se\/media\/wp-content\/uploads\/sites\/4\/2017\/01\/youtube.jpg\" width=\"50\" \/><\/a><\/div>\n<\/div>\t<\/div>\n<\/section>\n\n<\/p>\n","protected":false},"excerpt":{"rendered":"<p>M\u00e5let med filmkursenTillsammans med dig och dina klasskompisar vill vi ge dig m\u00f6jligheten att uppn\u00e5 en massa erfarenheter inom filmproduktion, och samtidigt ge dig en portf\u00f6lj du kan ta med dig in i framtiden. Har du en historia du bara m\u00e5ste ber\u00e4tta? En id\u00e9 som v\u00e4rlden m\u00e5ste ta del av? P\u00e5 Nordiska Filmskolan tycker vi [&hellip;]<\/p>\n","protected":false},"author":6,"featured_media":0,"parent":299,"menu_order":2,"comment_status":"closed","ping_status":"closed","template":"","meta":{"_exactmetrics_skip_tracking":false,"_exactmetrics_sitenote_active":false,"_exactmetrics_sitenote_note":"","_exactmetrics_sitenote_category":0,"footnotes":""},"class_list":["post-3012","page","type-page","status-publish","hentry"],"acf":[],"_links":{"self":[{"href":"https:\/\/nordiska.fhsk.se\/fotofilm\/wp-json\/wp\/v2\/pages\/3012","targetHints":{"allow":["GET"]}}],"collection":[{"href":"https:\/\/nordiska.fhsk.se\/fotofilm\/wp-json\/wp\/v2\/pages"}],"about":[{"href":"https:\/\/nordiska.fhsk.se\/fotofilm\/wp-json\/wp\/v2\/types\/page"}],"author":[{"embeddable":true,"href":"https:\/\/nordiska.fhsk.se\/fotofilm\/wp-json\/wp\/v2\/users\/6"}],"replies":[{"embeddable":true,"href":"https:\/\/nordiska.fhsk.se\/fotofilm\/wp-json\/wp\/v2\/comments?post=3012"}],"version-history":[{"count":6,"href":"https:\/\/nordiska.fhsk.se\/fotofilm\/wp-json\/wp\/v2\/pages\/3012\/revisions"}],"predecessor-version":[{"id":9114,"href":"https:\/\/nordiska.fhsk.se\/fotofilm\/wp-json\/wp\/v2\/pages\/3012\/revisions\/9114"}],"up":[{"embeddable":true,"href":"https:\/\/nordiska.fhsk.se\/fotofilm\/wp-json\/wp\/v2\/pages\/299"}],"wp:attachment":[{"href":"https:\/\/nordiska.fhsk.se\/fotofilm\/wp-json\/wp\/v2\/media?parent=3012"}],"curies":[{"name":"wp","href":"https:\/\/api.w.org\/{rel}","templated":true}]}}