{"id":5892,"date":"2019-02-26T11:27:52","date_gmt":"2019-02-26T10:27:52","guid":{"rendered":"http:\/\/nordiska.fhsk.se\/fotofilm\/?page_id=5892"},"modified":"2025-10-11T11:45:31","modified_gmt":"2025-10-11T09:45:31","slug":"galleri","status":"publish","type":"page","link":"https:\/\/nordiska.fhsk.se\/fotofilm\/foto\/galleri\/","title":{"rendered":"Fotoskolan Galleri"},"content":{"rendered":"<section class=\"site-section\" >\n\t<div class=\"container\">\n\t\t\n<div class=\"row\">\n\t<div class=\"col-6\">\n\t<a href=\"http:\/\/nordiska.fhsk.se\/fotofilm\/tidigare-deltagare-2013-2019\/\" target=\"_self\" ><img decoding=\"async\" src=\"https:\/\/nordiska.fhsk.se\/fotofilm\/wp-content\/uploads\/sites\/8\/2025\/10\/fotoskolan2025-26-1200px-vitkant-1-900x600.jpg\" alt=\"https:\/\/nordiska.fhsk.se\/fotofilm\/wp-content\/uploads\/sites\/8\/2025\/10\/fotoskolan2025-26-1200px-vitkant-1-900x600.jpg\" width=\"900\" \/><\/a><div class=\"text-block\">\n\t<p class=\"p1\"><span class=\"s1\">\u00a0<\/span><\/p><p class=\"p1\"><a href=\"https:\/\/nordiska.fhsk.se\/fotofilm\/tidigare-deltagare-2013-2019\/\"><span class=\"s1\">\u00c5rets deltagare och tidigare,\u00a0 2013-2026<\/span><\/a><\/p><\/div>\n\n<\/div>\n<div class=\"col-6\">\n\t<a href=\"http:\/\/nordiska.fhsk.se\/fotofilm\/larare-och-gastlarare-pa-fotoskolan-kungalv\/\" target=\"_self\" ><img decoding=\"async\" src=\"https:\/\/nordiska.fhsk.se\/fotofilm\/wp-content\/uploads\/sites\/8\/2025\/10\/annacarin-dscf5804-2-scaled-900x600.jpg\" alt=\"https:\/\/nordiska.fhsk.se\/fotofilm\/wp-content\/uploads\/sites\/8\/2025\/10\/annacarin-dscf5804-2-scaled-900x600.jpg\" width=\"900\" \/><\/a><div class=\"text-block\">\n\t<p>&nbsp;<\/p><p class=\"p1\"><a href=\"https:\/\/nordiska.fhsk.se\/fotofilm\/larare-och-gastlarare-pa-fotoskolan-kungalv\/\"><span class=\"s1\">L\u00e4rare och g\u00e4stl\u00e4rare p\u00e5 Nordiska Fotoskolan<\/span><\/a><\/p><p class=\"p3\"><\/div>\n\n<\/div>\n<\/div>\n<div class=\"row\">\n\t<div class=\"col-12\">\n\t\n    <div class=\"divider  \"><span class=\"divider-title\"><\/span><\/div>\n\n<\/div>\n<\/div>\n<div class=\"row\">\n\t<div class=\"col-4\">\n\t<img decoding=\"async\" src=\"https:\/\/nordiska.fhsk.se\/fotofilm\/wp-content\/uploads\/sites\/8\/2025\/10\/simonrappner-slutut5-scaled-450x600.jpg\" alt=\"https:\/\/nordiska.fhsk.se\/fotofilm\/wp-content\/uploads\/sites\/8\/2025\/10\/simonrappner-slutut5-scaled-450x600.jpg\" width=\"450\" \/><div class=\"text-block\">\n\t<p>\u00c4r vi inte m\u00e4nniskor? Bild ur projekt av Simon Karlsson Rappner 2025<\/p><\/div>\n\n<\/div>\n<div class=\"col-8\">\n\t<img decoding=\"async\" src=\"https:\/\/nordiska.fhsk.se\/fotofilm\/wp-content\/uploads\/sites\/8\/2025\/10\/nelliesjalvportratt1-2-mr-900x600.jpg\" alt=\"https:\/\/nordiska.fhsk.se\/fotofilm\/wp-content\/uploads\/sites\/8\/2025\/10\/nelliesjalvportratt1-2-mr-900x600.jpg\" width=\"900\" \/><div class=\"text-block\">\n\t<p>Sj\u00e4lvportr\u00e4tt Nellie Tinderbeck 2023<\/p><\/div>\n\n<\/div>\n<\/div>\n<div class=\"row\">\n\t<div class=\"col-12\">\n\t\n    <div class=\"divider  \"><span class=\"divider-title\"><\/span><\/div>\n\n<\/div>\n<\/div>\n<div class=\"row\">\n\t<div class=\"col-6\">\n\t<img decoding=\"async\" src=\"https:\/\/nordiska.fhsk.se\/fotofilm\/wp-content\/uploads\/sites\/8\/2025\/10\/ossian-ungkarlslivetx3-900x600.jpg\" alt=\"https:\/\/nordiska.fhsk.se\/fotofilm\/wp-content\/uploads\/sites\/8\/2025\/10\/ossian-ungkarlslivetx3-900x600.jpg\" width=\"900\" \/><div class=\"text-block\">\n\t<p>Ungkarlslivet 377,\u00a0 Ossian Stigert 2025<\/p><\/div>\n\n<\/div>\n<div class=\"col-6\">\n\t<a href=\"https:\/\/marleysahlin.pixieset.com\/dystopi-fotoskolankunglv2021\/?fbclid=IwAR1BuTsoJrdKnCDyV5eCHhwPp4MOw6_G9qLAfPR1RI0Q1rv77Hj1L-mXFhs\" target=\"_blank\" ><img decoding=\"async\" src=\"https:\/\/nordiska.fhsk.se\/fotofilm\/wp-content\/uploads\/sites\/8\/2021\/02\/dystox3-lisaramnemarkpandemi-900x600.jpg\" alt=\"https:\/\/nordiska.fhsk.se\/fotofilm\/wp-content\/uploads\/sites\/8\/2021\/02\/dystox3-lisaramnemarkpandemi-900x600.jpg\" width=\"900\" \/><\/a><div class=\"text-block\">\n\t<p>Foto: Lisa Ramnemark<\/p><p><a href=\"https:\/\/marleysahlin.pixieset.com\/dystopi-fotoskolankunglv2021\/?fbclid=IwAR1BuTsoJrdKnCDyV5eCHhwPp4MOw6_G9qLAfPR1RI0Q1rv77Hj1L-mXFhs\">Se dystopiutst\u00e4llningen 2021 i webbgalleriet. <\/a><\/p><\/div>\n\n<\/div>\n<\/div>\n<div class=\"row\">\n\t<div class=\"col-12\">\n\t\n    <div class=\"divider space\" style=\"padding-top: 50px;\"><\/div>\n\n<\/div>\n<\/div>\n<div class=\"row\">\n\t<div class=\"col-4\">\n\t<img decoding=\"async\" src=\"https:\/\/nordiska.fhsk.se\/fotofilm\/wp-content\/uploads\/sites\/8\/2025\/10\/mikaelahbimg0041-2500-2-900x900.jpg\" alt=\"https:\/\/nordiska.fhsk.se\/fotofilm\/wp-content\/uploads\/sites\/8\/2025\/10\/mikaelahbimg0041-2500-2-900x900.jpg\" width=\"900\" \/><div class=\"text-block\">\n\t<p>Mikaela F\u00f6nss Bengtsson fotograferade Emma Nilsson och Hedda Winroth i Edinburgh, april 2022. Hasselblad.<\/p><\/div>\n\n<\/div>\n<div class=\"col-8\">\n\t<img decoding=\"async\" src=\"https:\/\/nordiska.fhsk.se\/fotofilm\/wp-content\/uploads\/sites\/8\/2022\/06\/hedda50x704720-1200x800-1-1000x666.jpeg\" alt=\"https:\/\/nordiska.fhsk.se\/fotofilm\/wp-content\/uploads\/sites\/8\/2022\/06\/hedda50x704720-1200x800-1-1000x666.jpeg\" width=\"1000\" \/><div class=\"text-block\">\n\t<p>Foto: Hedda Winroth<\/p><p><a href=\"https:\/\/fotonordiska.pixieset.com\/dystopi2022\/\">Tema Dystopi. Fler bilder i\u00a0 webbgalleriet &gt;<\/a><\/p><p>&nbsp;<\/p><p>&nbsp;<\/p><p>&nbsp;<\/p><\/div>\n\n<\/div>\n<\/div>\n<div class=\"row\">\n\t<div class=\"col-4\">\n\t<a href=\"http:\/\/nordiska.fhsk.se\/fotofilm\/harma-klassiska-fotografier-i-ny-tappning\/\" target=\"_self\" ><img decoding=\"async\" src=\"https:\/\/nordiska.fhsk.se\/fotofilm\/wp-content\/uploads\/sites\/8\/2019\/02\/harmaperw-600x400.jpg\" alt=\"https:\/\/nordiska.fhsk.se\/fotofilm\/wp-content\/uploads\/sites\/8\/2019\/02\/harmaperw-600x400.jpg\" width=\"600\" \/><\/a><div class=\"text-block\">\n\t<p class=\"p1\"><span class=\"s1\">H\u00c4RMA - klassiska bilder i nytolkning, mars 2019<\/span><\/p><p class=\"p3\"><\/div>\n\n<\/div>\n<div class=\"col-4\">\n\t<a href=\"https:\/\/photos.app.goo.gl\/3kuhvv6LHo3AJ4Pk9\" target=\"_blank\" ><img decoding=\"async\" src=\"https:\/\/nordiska.fhsk.se\/fotofilm\/wp-content\/uploads\/sites\/8\/2019\/02\/fotoemmanorman18dsc7558-3-600x400.jpg\" alt=\"https:\/\/nordiska.fhsk.se\/fotofilm\/wp-content\/uploads\/sites\/8\/2019\/02\/fotoemmanorman18dsc7558-3-600x400.jpg\" width=\"600\" \/><\/a><div class=\"text-block\">\n\t<p class=\"p2\"><span class=\"s1\">Teaterfoto dec 2018<\/span><\/p><p class=\"p3\"><\/div>\n\n<\/div>\n<div class=\"col-4\">\n\t<a href=\"https:\/\/fotonordiska.pixieset.com\/teaterdokumentrfotonordiskajan2018\/\" target=\"_self\" ><img decoding=\"async\" src=\"https:\/\/nordiska.fhsk.se\/fotofilm\/wp-content\/uploads\/sites\/8\/2019\/02\/robinmg5905-redigera-600x400.jpg\" alt=\"https:\/\/nordiska.fhsk.se\/fotofilm\/wp-content\/uploads\/sites\/8\/2019\/02\/robinmg5905-redigera-600x400.jpg\" width=\"600\" \/><\/a><div class=\"text-block\">\n\t<p class=\"p2\"><span class=\"s1\">Teaterfoto jan 2018<\/span><\/p><p class=\"p3\"><\/div>\n\n<\/div>\n<\/div>\t<\/div>\n<\/section>\n\n\n","protected":false},"excerpt":{"rendered":"<p>\u00a0\u00c5rets deltagare och tidigare,\u00a0 2013-2026 &nbsp;L\u00e4rare och g\u00e4stl\u00e4rare p\u00e5 Nordiska Fotoskolan \u00c4r vi inte m\u00e4nniskor? Bild ur projekt av Simon Karlsson Rappner 2025 Sj\u00e4lvportr\u00e4tt Nellie Tinderbeck 2023 Ungkarlslivet 377,\u00a0 Ossian Stigert 2025 Foto: Lisa RamnemarkSe dystopiutst\u00e4llningen 2021 i webbgalleriet. Mikaela F\u00f6nss Bengtsson fotograferade Emma Nilsson och Hedda Winroth i Edinburgh, april 2022. Hasselblad. Foto: Hedda [&hellip;]<\/p>\n","protected":false},"author":6,"featured_media":0,"parent":5880,"menu_order":0,"comment_status":"closed","ping_status":"closed","template":"","meta":{"_exactmetrics_skip_tracking":false,"_exactmetrics_sitenote_active":false,"_exactmetrics_sitenote_note":"","_exactmetrics_sitenote_category":0,"footnotes":""},"class_list":["post-5892","page","type-page","status-publish","hentry"],"acf":[],"_links":{"self":[{"href":"https:\/\/nordiska.fhsk.se\/fotofilm\/wp-json\/wp\/v2\/pages\/5892","targetHints":{"allow":["GET"]}}],"collection":[{"href":"https:\/\/nordiska.fhsk.se\/fotofilm\/wp-json\/wp\/v2\/pages"}],"about":[{"href":"https:\/\/nordiska.fhsk.se\/fotofilm\/wp-json\/wp\/v2\/types\/page"}],"author":[{"embeddable":true,"href":"https:\/\/nordiska.fhsk.se\/fotofilm\/wp-json\/wp\/v2\/users\/6"}],"replies":[{"embeddable":true,"href":"https:\/\/nordiska.fhsk.se\/fotofilm\/wp-json\/wp\/v2\/comments?post=5892"}],"version-history":[{"count":5,"href":"https:\/\/nordiska.fhsk.se\/fotofilm\/wp-json\/wp\/v2\/pages\/5892\/revisions"}],"predecessor-version":[{"id":9618,"href":"https:\/\/nordiska.fhsk.se\/fotofilm\/wp-json\/wp\/v2\/pages\/5892\/revisions\/9618"}],"up":[{"embeddable":true,"href":"https:\/\/nordiska.fhsk.se\/fotofilm\/wp-json\/wp\/v2\/pages\/5880"}],"wp:attachment":[{"href":"https:\/\/nordiska.fhsk.se\/fotofilm\/wp-json\/wp\/v2\/media?parent=5892"}],"curies":[{"name":"wp","href":"https:\/\/api.w.org\/{rel}","templated":true}]}}