{"id":6489,"date":"2019-06-26T16:20:00","date_gmt":"2019-06-26T14:20:00","guid":{"rendered":"http:\/\/nordiska.fhsk.se\/fotofilm\/?page_id=6489"},"modified":"2019-06-26T16:23:41","modified_gmt":"2019-06-26T14:23:41","slug":"harma-klassiska-fotografier-i-ny-tappning","status":"publish","type":"page","link":"https:\/\/nordiska.fhsk.se\/fotofilm\/harma-klassiska-fotografier-i-ny-tappning\/","title":{"rendered":"H\u00c4RMA &#8211; klassiska fotografier i ny tappning"},"content":{"rendered":"<section class=\"site-section\" >\n\t<div class=\"container\">\n\t\t\n<div class=\"row\">\n\t<div class=\"col-6\">\n\t<img decoding=\"async\" src=\"https:\/\/nordiska.fhsk.se\/fotofilm\/wp-content\/uploads\/sites\/8\/2019\/06\/stinaemanuelssonirvingpenn-2048-2000x2000.jpg\" alt=\"https:\/\/nordiska.fhsk.se\/fotofilm\/wp-content\/uploads\/sites\/8\/2019\/06\/stinaemanuelssonirvingpenn-2048-2000x2000.jpg\" width=\"2000\" \/><div class=\"text-block\">\n\t<p>Stina Emanuelsson h\u00e4rmade Irving Penn<\/p><\/div>\n\n<\/div>\n<div class=\"col-6\">\n\t<img decoding=\"async\" src=\"https:\/\/nordiska.fhsk.se\/fotofilm\/wp-content\/uploads\/sites\/8\/2019\/06\/luna-2048-2000x2000.jpg\" alt=\"https:\/\/nordiska.fhsk.se\/fotofilm\/wp-content\/uploads\/sites\/8\/2019\/06\/luna-2048-2000x2000.jpg\" width=\"2000\" \/><div class=\"text-block\">\n\t<p>Luna Eek h\u00e4rmade Vivian Maier<\/p><\/div>\n\n<\/div>\n<\/div>\n<div class=\"row\">\n\t<div class=\"col-6\">\n\t<img decoding=\"async\" src=\"https:\/\/nordiska.fhsk.se\/fotofilm\/wp-content\/uploads\/sites\/8\/2019\/06\/amandah-2048-2000x1365.jpg\" alt=\"https:\/\/nordiska.fhsk.se\/fotofilm\/wp-content\/uploads\/sites\/8\/2019\/06\/amandah-2048-2000x1365.jpg\" width=\"2000\" \/><div class=\"text-block\">\n\t<p>Amanda Hansson\u00a0 h\u00e4rmade Francesca Woodman<\/p><\/div>\n\n<\/div>\n<div class=\"col-6\">\n\t<img decoding=\"async\" src=\"https:\/\/nordiska.fhsk.se\/fotofilm\/wp-content\/uploads\/sites\/8\/2019\/06\/tobbeharma-2048-2000x1365.jpg\" alt=\"https:\/\/nordiska.fhsk.se\/fotofilm\/wp-content\/uploads\/sites\/8\/2019\/06\/tobbeharma-2048-2000x1365.jpg\" width=\"2000\" \/><div class=\"text-block\">\n\t<p>Thobias Nilsson h\u00e4rmade Mary Ellen Mark<\/p><\/div>\n\n<\/div>\n<\/div>\n<div class=\"row\">\n\t<div class=\"col-6\">\n\t<img decoding=\"async\" src=\"https:\/\/nordiska.fhsk.se\/fotofilm\/wp-content\/uploads\/sites\/8\/2019\/06\/perharma-2048-1365x2000.jpg\" alt=\"https:\/\/nordiska.fhsk.se\/fotofilm\/wp-content\/uploads\/sites\/8\/2019\/06\/perharma-2048-1365x2000.jpg\" width=\"1365\" \/><div class=\"text-block\">\n\t<p>Per Weber h\u00e4rmade Jean Hermansson<\/p><\/div>\n\n<\/div>\n<\/div>\t<\/div>\n<\/section>\n\n\n","protected":false},"excerpt":{"rendered":"<p>Stina Emanuelsson h\u00e4rmade Irving Penn Luna Eek h\u00e4rmade Vivian Maier Amanda Hansson\u00a0 h\u00e4rmade Francesca Woodman Thobias Nilsson h\u00e4rmade Mary Ellen Mark Per Weber h\u00e4rmade Jean Hermansson<\/p>\n","protected":false},"author":10,"featured_media":0,"parent":0,"menu_order":4,"comment_status":"closed","ping_status":"closed","template":"","meta":{"_exactmetrics_skip_tracking":false,"_exactmetrics_sitenote_active":false,"_exactmetrics_sitenote_note":"","_exactmetrics_sitenote_category":0,"footnotes":""},"class_list":["post-6489","page","type-page","status-publish","hentry"],"acf":[],"_links":{"self":[{"href":"https:\/\/nordiska.fhsk.se\/fotofilm\/wp-json\/wp\/v2\/pages\/6489","targetHints":{"allow":["GET"]}}],"collection":[{"href":"https:\/\/nordiska.fhsk.se\/fotofilm\/wp-json\/wp\/v2\/pages"}],"about":[{"href":"https:\/\/nordiska.fhsk.se\/fotofilm\/wp-json\/wp\/v2\/types\/page"}],"author":[{"embeddable":true,"href":"https:\/\/nordiska.fhsk.se\/fotofilm\/wp-json\/wp\/v2\/users\/10"}],"replies":[{"embeddable":true,"href":"https:\/\/nordiska.fhsk.se\/fotofilm\/wp-json\/wp\/v2\/comments?post=6489"}],"version-history":[{"count":5,"href":"https:\/\/nordiska.fhsk.se\/fotofilm\/wp-json\/wp\/v2\/pages\/6489\/revisions"}],"predecessor-version":[{"id":6502,"href":"https:\/\/nordiska.fhsk.se\/fotofilm\/wp-json\/wp\/v2\/pages\/6489\/revisions\/6502"}],"wp:attachment":[{"href":"https:\/\/nordiska.fhsk.se\/fotofilm\/wp-json\/wp\/v2\/media?parent=6489"}],"curies":[{"name":"wp","href":"https:\/\/api.w.org\/{rel}","templated":true}]}}