{"id":7970,"date":"2022-01-14T11:45:14","date_gmt":"2022-01-14T10:45:14","guid":{"rendered":"https:\/\/nordiska.fhsk.se\/fotofilm\/?page_id=7970"},"modified":"2024-05-27T13:25:09","modified_gmt":"2024-05-27T11:25:09","slug":"skolaret","status":"publish","type":"page","link":"https:\/\/nordiska.fhsk.se\/fotofilm\/film\/deltagare\/skolaret\/","title":{"rendered":"Skol\u00e5ret"},"content":{"rendered":"<p><section class=\"site-section\" >\n\t<div class=\"container\">\n\t\t\n<div class=\"row\">\n\t<div class=\"col-6\">\n\t<div class=\"text-block\">\n\t<h3>Skol\u00e5ret p\u00e5 Filmskolan<\/h3><p><strong>Tider: august - juni<\/strong><\/p><p>Skol\u00e5ret p\u00e5 Nordiska Filmskolan \u00e4r uppdelad i en rad olika moment och hos oss f\u00e5r du mycket ansvar f\u00f6r hur dem olika skolprojekt styrs upp, du b\u00f6r d\u00e4rf\u00f6r vara en ansvarsfull person som \u00e4r villig att jobba i projekt och p\u00e5 att samarbeta. H\u00f6sten\u00a0 b\u00f6rjar direkt n\u00e4r vi g\u00f6r presentations videos av oss sj\u00e4lva f\u00f6r att bekanta oss med utrustningen och varandra, f\u00f6r sen att dyka ner i mer avgr\u00e4nsade f\u00f6rlopp med fokus p\u00e5 allt fr\u00e5n id\u00e9utveckling, att skriva f\u00f6r film, filmning\/cinematografi till klippning och utforskning av de digitala m\u00f6jligheterna som moderna redigeringsprogram har att erbjuda. Altid har vi ber\u00e4ttandet - <em>storytelling<\/em> - i fokus.<\/p><\/div>\n\n<img decoding=\"async\" src=\"\/\/nordiska.fhsk.se\/fotofilm\/wp-content\/uploads\/sites\/8\/2018\/09\/ljud.jpg\" alt=\"\/\/nordiska.fhsk.se\/fotofilm\/wp-content\/uploads\/sites\/8\/2018\/09\/ljud.jpg\" \/>\n    <div class=\"divider space\" style=\"padding-top: 15px;\"><\/div>\n\n<div class=\"text-block\">\n\t<p><strong>Under h\u00f6sten<\/strong> g\u00f6r vi flera kortare praktiska \u00f6vningar. Vi visar upp \u00f6vningarna f\u00f6r varandra och filmerna f\u00f6r hela skolan. H\u00f6stterminen avslutas med en h\u00f6stproduktion av <a href=\"https:\/\/nordiska.fhsk.se\/fotofilm\/galleri\/\" target=\"_blank\" rel=\"noopener\">minutfilm<\/a>er, som n\u00e5n sorts avrundning av allt vi g\u00e5tt genom.<\/p><p><strong>V\u00e5ren<\/strong> p\u00e5 Filmskolan ger plats i kalendern f\u00f6r l\u00e4ngre \u00f6vningar s\u00e5 du verkligen kan f\u00f6rdjupa dig i filmber\u00e4ttandets v\u00e4rld tillsammans med dina klasskompisar.\u00a0 Vi jobbar mer projektorienterat och du f\u00e5r m\u00f6jlighet att utvidga dina kunskaper inom dem olika moment som vi har g\u00e5tt igenom. V\u00e5ren brukar ocks\u00e5 bjuda p\u00e5 roliga festivalupplevelser p\u00e5 t.ex. <a href=\"https:\/\/goteborgfilmfestival.se\/\" target=\"_blank\" rel=\"noopener\">G\u00f6teborgs Internationella Film Festival<\/a>. Fr\u00e5n P\u00e5sk och fram mot slutet av skol\u00e5ret g\u00f6r vi slutproduktioner i grupper och bjuder in skolan och annan publik till en premi\u00e4rfest p\u00e5 <a href=\"https:\/\/www.trappanbio.se\/\" target=\"_blank\" rel=\"noopener\">Trappan Bio<\/a> i Kung\u00e4lv.<\/p><p>Som studerande p\u00e5 Nordiska Filmskolan f\u00e5r du m\u00f6jlighet att delta i en rad olika events och festivaler. Varje \u00e5r bes\u00f6ker vi - f\u00f6rutom GIFF - <a href=\"https:\/\/www.framefilmfestival.se\/\" target=\"_blank\" rel=\"noopener\">Frame Film Festival<\/a>, <a href=\"https:\/\/novemberfestivalen.se\/\" target=\"_blank\" rel=\"noopener\">Novemberfestivalen<\/a> och andra events med relevans f\u00f6r oss. Du f\u00e5r allts\u00e5 rik m\u00f6jlighet att mingla ock m\u00f6ta andra som studerar eller jobbar inom film. Filmskolan har ett bra n\u00e4tv\u00e4rk i hela Norden och det dukar alltid upp sp\u00e4nnande nya m\u00f6jligheter utanf\u00f6r skoltid f\u00f6r dig som \u00e4r student.<\/p><p style=\"text-align: left;\"><\/div>\n\n\n    <div class=\"divider ornament \"><span class=\"divider-title\"><\/span><\/div>\n\n<\/div>\n<div class=\"col-6\">\n\t<div class=\"text-block\">\n\t<h3>Utrustning<\/h3><\/div>\n\n<img decoding=\"async\" src=\"\/\/nordiska.fhsk.se\/fotofilm\/wp-content\/uploads\/sites\/8\/2022\/01\/leksaker-scaled.jpg\" alt=\"\/\/nordiska.fhsk.se\/fotofilm\/wp-content\/uploads\/sites\/8\/2022\/01\/leksaker-scaled.jpg\" width=\"400\" \/>\n    <div class=\"divider space\" style=\"padding-top: 15px;\"><\/div>\n\n<div class=\"text-block\">\n\t<p>P\u00e5 skolan finns ett antal digital kameror, objektiv, bandspelare f\u00f6r full kontroll \u00f6ver ljudinspelningen, olika mikrofoner till varje situation, ljusk\u00e4llor och reflektors. I k\u00e4llaren i filmhuset har vi iMac's som k\u00f6r Final Cut Pro och Davinci Resolve. Se mer i videon h\u00e4runder.<\/p><\/div>\n\n\n<div class='video-embed'><iframe loading=\"lazy\" title=\"Redigeringsk\u00e4llaren p\u00e5 Nordiska Filmskolan\" src=\"https:\/\/player.vimeo.com\/video\/228653488?dnt=1&amp;app_id=122963\" width=\"500\" height=\"281\" frameborder=\"0\" allow=\"autoplay; fullscreen; picture-in-picture; clipboard-write; encrypted-media; web-share\" referrerpolicy=\"strict-origin-when-cross-origin\"><\/iframe><\/div>\n\n    <div class=\"divider space\" style=\"padding-top: 30px;\"><\/div>\n\n\n\n<div class=\"preheader\">\n\t<span class=\"preheader-title\">\n\t\tAns\u00f6kan\t<\/span>\n\t<\/div>\n<div class=\"row\">\n\t        <div class=\"col-12\">\n\t\t\t\n<div class=\"course-spot \">\n    <a href=\"https:\/\/nordiska.fhsk.se\/fotofilm\/kurser\/filmskolan\/\">\n        <div class=\"course-spot-image\" style=\" background-image:url( https:\/\/nordiska.fhsk.se\/fotofilm\/wp-content\/uploads\/sites\/8\/2019\/10\/thumbnails\/img9735-6783-900x0.jpg )\">\n            <div class=\"course-spot-image-overlay\"><\/div>\n            <div class=\"course-spot-image-content\">\n                <p>Ett \u00e5r i filmens v\u00e4rld<\/p>\n                <h3>Nordiska Filmskolan<\/h3>\n            <\/div>\n        <\/div>\n    <\/a>\n    <div class=\"course-spot-content\">\n        <div class=\"course-spot-info\">\n            <div class=\"course-hero-text\">\n                <p><section class=\"site-section\" >\n\t<div class=\"container\">\n\t\t\n<div class=\"row\">\n\t<div class=\"col-6\">\n\t<div class=\"text-block\">\n\t<h4 class=\"p4\"><span class=\"s1\"><strong>M\u00e5let med filmkursen<\/strong><\/span><\/h4><p>Tillsammans med dig och dina klasskompisar vill vi ge dig m\u00f6jligheten att uppn\u00e5 en massa erfarenheter inom filmproduktion, och samtidigt ge dig en portf\u00f6lj du kan ta med dig in i framtiden. Har du en historia du bara m\u00e5ste ber\u00e4tta? En id\u00e9 som v\u00e4rlden m\u00e5ste ta del av? <span class=\"s1\">P\u00e5 Nordiska Filmskolan tycker vi om film med inneh\u00e5ll - med n\u00e5got p\u00e5 hj\u00e4rtat.\u00a0<\/span><\/p><h4 class=\"p4\"><span class=\"s1\"><strong>Deltagare<\/strong> <\/span><\/h4><p class=\"p1\"><span class=\"s1\">Som deltagare jobbar du tillsammans med dina kurskamrater, men med stor m\u00f6jlighet att utveckla dig p\u00e5 det individuella planet. Tillsammans med dina studiekamrater bygger du upp en portf\u00f6lj med dig som filmare, producent, f\u00f6rfattare eller\u00a0 regiss\u00f6r. Det er meritterande, men inte avg\u00f6rande, f\u00f6r din ans\u00f6kan att du har erfarenhet b\u00e5de med film och gillar att jobba i grupp.\u00a0<\/span><\/p><h4><strong>Att <em>g\u00f6ra<\/em> film p\u00e5 Nordiska<\/strong><\/h4><p class=\"p1\"><span class=\"s1\">Att g\u00f6ra film p\u00e5 Filmskolan \u00e4r alltid en gruppuppgift, men med fokus p\u00e5 hur den specifika historia gestaltas p\u00e5 b\u00e4sta s\u00e4tt. Vi ska l\u00e4ra av m\u00e4starna - studera deras ber\u00e4ttelser\u00a0 - och producera sm\u00e5 m\u00e4sterverk sj\u00e4lva. Vi ska l\u00e4ra oss tillsammans. Av v\u00e5ra misstag. Av v\u00e5ra succ\u00e9er. Vi ska l\u00e4ra att f\u00f6rst\u00e5 och anv\u00e4nda filmens spr\u00e5k - ber\u00e4ttandet i r\u00f6rlig bild och ljud.\u00a0<em>Storytelling in sound and images.<\/em><\/span><\/p><\/div>\n\n<\/div>\n<div class=\"col-6\">\n\t<div class=\"text-block\">\n\t<h4 class=\"p1\"><strong>Storytelling is showing - not telling<\/strong><\/h4><p><span class=\"s1\">D\u00e4rf\u00f6r arbetar vi med avsiktlig, tillg\u00e4nglig och smart teknisk utrustning som st\u00f6d, inte ett hinder, f\u00f6r ber\u00e4ttandet.<\/span><\/p><p class=\"p1\"><span class=\"s2\">Under din tid p\u00e5&nbsp;<span class=\"s1\"><b><a href=\"https:\/\/nordiska.fhsk.se\/fotofilm\/film\/start\/\">Nordiska Filmskolan<\/a>&nbsp;<\/b><\/span>presenteras du f\u00f6r olika \u00f6vningar inom filmproduktion - b\u00e5da fiktion och dokument\u00e4rt -&nbsp;dock alltid med fokus p\u00e5 att skapa historier med inneh\u00e5ll. Vi kommer g\u00e5 igenom allt fr\u00e5n id\u00e9, manus, storyboard, till filmning, ljudarbete och redigering. Genom teoretiska och pratiska \u00f6vningar upparbetar du en verktygsl\u00e5da som du kan anv\u00e4nda dig av n\u00e4r du g\u00f6r film tillsammans med dina studiekamrater. Varje kreativt val har betydelse f\u00f6r den f\u00e4rdiga produkten.&nbsp;<\/span><\/p><h4 class=\"p1\">Fiktion, dokument\u00e4r, eller n\u00e5got d\u00e4remellan<\/h4><p class=\"p3\"><span class=\"s2\">P\u00e5&nbsp;<i>Nordiska Filmskolan<\/i> har du tillg\u00e5ng till all utrustning och redigering dygnet runt s\u00e5 du riktigt kan f\u00f6rdjupa dig i att ber\u00e4tta dina stories. Om du \u00e4r till fiktion, \u00e4r en dokument\u00e4rfilmare eller b\u00e5da och spelar inte s\u00e5 stor roll. Det viktigaste \u00e4r att du vill utmana dig sj\u00e4lv tillsammans med dina klasskompisar. Att jobba kreativt med film kr\u00e4ver stort ansvar och du b\u00f6r d\u00e4rf\u00f6r vara en person som \u00e4r villig att jobba i projekt och gillar att samarbeta.<\/span><\/p><p>Valet \u00e4r ditt.<\/p><\/div>\n\n\n    <div class=\"divider space\" style=\"padding-top: 30px;\"><\/div>\n\n<\/div>\n<\/div>\n<div class=\"row\">\n\t<div class=\"col-6\">\n\t<div class=\"text-block\">\n\t<p>&nbsp;<\/p><\/div>\n\n<\/div>\n<div class=\"col-6\">\n\t<div class=\"text-block\">\n\t<h5>Kommer du fr\u00e5n ett annat land?<\/h5><p><a href=\"https:\/\/nordiska.fhsk.se\/om-skolan\/fran-ett-annat-nordiskt-land\/\"><strong>Viktig information om din anm\u00e4lan<\/strong><\/a><\/p><\/div>\n\n<a href=\"https:\/\/nordiska.fhsk.se\/om-skolan\/fran-ett-annat-nordiskt-land\/\" target=\"_blank\" ><img decoding=\"async\" src=\"https:\/\/nordiska.fhsk.se\/fotofilm\/wp-content\/uploads\/sites\/8\/2016\/12\/flaggor-kurssidan-2-420x50.png\" alt=\"https:\/\/nordiska.fhsk.se\/fotofilm\/wp-content\/uploads\/sites\/8\/2016\/12\/flaggor-kurssidan-2-420x50.png\" width=\"420\" \/><\/a><\/div>\n<\/div>\t<\/div>\n<\/section>\n\n<section class=\"site-section\" >\n\t<div class=\"container\">\n\t\t\n<div class=\"row\">\n\t<div class=\"col-12\">\n\t\n    <div class=\"divider text_line \"><span class=\"divider-title\">Learning by doing<\/span><\/div>\n\n<\/div>\n<\/div>\t<\/div>\n<\/section>\n\n<section class=\"site-section\" >\n\t<div class=\"container\">\n\t\t\n<div class=\"row\">\n\t<div class=\"col-3\">\n\t<div class=\"text-block\">\n\t<p><em>\"Jag uppskattade att studera p\u00e5 Filmskolan eftersom det \u00e4r h\u00f6gt till tak och det finns utrymme f\u00f6r fritt skapande.\"<\/em><\/p><p><strong>Susanne Fagerlund <\/strong>- yrkesfotograf och konstn\u00e4r<\/p><\/div>\n\n<\/div>\n<div class=\"col-3\">\n\t<div class=\"text-block\">\n\t<p><em>\"Jag \u00e4r glad for den feedback och v\u00e4gledning jag har f\u00e5tt under mitt \u00e5r p\u00e5 Nordiska Filmskolan.\"<\/em><\/p><p><strong>Mikael Roth\u00a0<\/strong>- prisvinnande kortfilmsregiss\u00f6r och sk\u00e5despelare<\/p><\/div>\n\n<\/div>\n<div class=\"col-3\">\n\t<div class=\"text-block\">\n\t<p><em>\"Om du brinner f\u00f6r film \u00e4r Nordiska Filmskolan en toppenm\u00f6jlighet, samtidigt som du f\u00e5r hela folkis-upplevelsen n\u00e4ra en storstad.\"<\/em><\/p><p><strong>Freja Dareberg <\/strong>- deltagare skol\u00e5ret 2021-2022<\/p><\/div>\n\n<\/div>\n<div class=\"col-3\">\n\t<div class=\"text-block\">\n\t<p><em>\"Det \u00e4r tack vara l\u00e4rarna och undervisningen p\u00e5 Filmskolan att jag \u00e4r d\u00e4r jag \u00e4r i dag.\"<\/em><\/p><p><strong>Grimm Fridberg <\/strong>- frilansare inom POST och VFX artist<\/p><\/div>\n\n<\/div>\n<\/div>\t<\/div>\n<\/section>\n\n<section class=\"site-section\" >\n\t<div class=\"container\">\n\t\t\n<div class=\"row\">\n\t<div class=\"col-6\">\n\t\n<div class='video-embed'><iframe loading=\"lazy\" src=\"https:\/\/player.vimeo.com\/video\/821257187?dnt=1&amp;app_id=122963\" width=\"500\" height=\"281\" frameborder=\"0\" allow=\"autoplay; fullscreen; picture-in-picture; clipboard-write; encrypted-media; web-share\" referrerpolicy=\"strict-origin-when-cross-origin\"><\/iframe><\/div>\n<\/div>\n<div class=\"col-6\">\n\t\n<div class='video-embed'><iframe loading=\"lazy\" title=\"Behind the scenes p\u00e5 Filmskolan\" src=\"https:\/\/player.vimeo.com\/video\/1167369201?dnt=1&amp;app_id=122963\" width=\"500\" height=\"281\" frameborder=\"0\" allow=\"autoplay; fullscreen; picture-in-picture; clipboard-write; encrypted-media; web-share\" referrerpolicy=\"strict-origin-when-cross-origin\"><\/iframe><\/div>\n<\/div>\n<\/div>\n<div class=\"row\">\n\t<div class=\"col-12\">\n\t<div class=\"form-wrapper fw-contact-form contact-form\">\n\t<form data-fw-form-id=\"fw_form\" method=\"post\" action=\"https:\/\/nordiska.fhsk.se\/fotofilm\/wp-json\/wp\/v2\/pages\/7970\" class=\"fw_form_fw_form\" data-fw-ext-forms-type=\"contact-forms\"  ><input type=\"hidden\" name=\"fwf\" value=\"fw_form\" \/><input type=\"hidden\" id=\"_nonce_d53a1b8b4c75e8610ae15eff639f9ada\" name=\"_nonce_d53a1b8b4c75e8610ae15eff639f9ada\" value=\"f119d9aa1b\" \/><input type=\"hidden\" name=\"_wp_http_referer\" value=\"\/fotofilm\/wp-json\/wp\/v2\/pages\/7970\" \/><input type=\"hidden\" name=\"fw_ext_forms_form_type\" value=\"contact-forms\" \/><input type=\"hidden\" name=\"fw_ext_forms_form_id\" value=\"754fce55853426a511f20ad9805c82f0\" \/><div class=\"wrap-forms\">\n\t<div class=\"fw-row\"><div class=\"col-12 form-builder-item form-builder-item\">\n\t<div class=\"header title\">\n\t\t<h2>Kontakta oss<\/h2>\n\t\t\t<\/div>\n<\/div><\/div><div class=\"fw-row\"><div class=\"col-12 form-builder-item\">\n\t<div class=\"field-text\">\n\t\t\t\t<label for=\"id-1\">Email\t\t\t<sup>*<\/sup>\t\t<\/label>\n\t\t\t\t<input type=\"text\" name=\"email_e27d0e5\" placeholder=\"Skriv din email h\u00e4r!\" value=\"\" id=\"id-1\" required=\"required\" >\n\t\t\t<\/div>\n<\/div><\/div><div class=\"fw-row\"><div class=\"col-12 form-builder-item\">\n\t<div class=\"field-textarea\">\n\t\t\t\t<label for=\"id-2\">Text\t\t\t<sup>*<\/sup>\t\t<\/label>\n\t\t\t\t<textarea name=\"textarea_90a21c9\" placeholder=\"Skriv din fr\u00e5ga h\u00e4r\" id=\"id-2\" required=\"required\" ><\/textarea>\n\t\t\t<\/div>\n<\/div><\/div><div class=\"fw-row\"><\/div><\/div><div>\n\t<input type=\"submit\" value=\"Send\"\/>\n<\/div><\/form><\/div><\/div>\n<\/div>\t<\/div>\n<\/section>\n\n<section class=\"site-section\" >\n\t<div class=\"container\">\n\t\t\n<div class=\"row\">\n\t<div class=\"col-2\">\n\t<div class=\"text-block\">\n\t<p>&nbsp;<\/p><\/div>\n\n<\/div>\n<div class=\"col-2\">\n\t<a href=\"https:\/\/www.instagram.com\/nordiskafilmskolan\/\" target=\"_blank\" ><img decoding=\"async\" src=\"\/\/nordiska.fhsk.se\/media\/wp-content\/uploads\/sites\/4\/2017\/02\/insta.jpg\" alt=\"\/\/nordiska.fhsk.se\/media\/wp-content\/uploads\/sites\/4\/2017\/02\/insta.jpg\" width=\"50\" \/><\/a><\/div>\n<div class=\"col-2\">\n\t<a href=\"https:\/\/www.facebook.com\/nordiskafilmskolan\" target=\"_blank\" ><img decoding=\"async\" src=\"\/\/nordiska.fhsk.se\/media\/wp-content\/uploads\/sites\/4\/2017\/02\/fb.jpg\" alt=\"\/\/nordiska.fhsk.se\/media\/wp-content\/uploads\/sites\/4\/2017\/02\/fb.jpg\" width=\"50\" \/><\/a><\/div>\n<div class=\"col-2\">\n\t<a href=\"https:\/\/vimeopro.com\/nordiskafolkhogskolan\/filmskolan\" target=\"_blank\" ><img decoding=\"async\" src=\"\/\/nordiska.fhsk.se\/media\/wp-content\/uploads\/sites\/4\/2018\/01\/vimeo.jpg\" alt=\"\/\/nordiska.fhsk.se\/media\/wp-content\/uploads\/sites\/4\/2018\/01\/vimeo.jpg\" width=\"50\" \/><\/a><\/div>\n<div class=\"col-2\">\n\t<a href=\"https:\/\/www.youtube.com\/channel\/UCTMRU2oH0qySm8EpYCTFlDA\" target=\"_blank\" ><img decoding=\"async\" src=\"\/\/nordiska.fhsk.se\/media\/wp-content\/uploads\/sites\/4\/2017\/01\/youtube.jpg\" alt=\"\/\/nordiska.fhsk.se\/media\/wp-content\/uploads\/sites\/4\/2017\/01\/youtube.jpg\" width=\"50\" \/><\/a><\/div>\n<\/div>\t<\/div>\n<\/section>\n\n<section class=\"site-section\" >\n\t<div class=\"container\">\n\t\t\n<div class=\"row\">\n\t<div class=\"col-12\">\n\t\n    <div class=\"divider  \"><span class=\"divider-title\"><\/span><\/div>\n\n<\/div>\n<\/div>\t<\/div>\n<\/section>\n\n<\/p>\n            <\/div>\n            <p class=\"deadline\">Sista ans\u00f6kningsdatum:\n                <span>20260415<\/span>\n            <\/p>\n        <\/div>\n        <div class=\"course-spot-actions\">\n            <a href=\"https:\/\/nordiska.fhsk.se\/fotofilm\/kurser\/filmskolan\/\"><i class=\"material-icons\">info_outline<\/i>L\u00e4s mer<\/a>\n            <a href=\"https:\/\/sms.schoolsoft.se\/fhsk\/jsp\/LoginApplicant.jsp?application_education_id=26364\" target=\"_blank\"><i class=\"material-icons\">launch<\/i>Ans\u00f6kan<\/a>\n                    <\/div>\n    <\/div>\n<\/div>        <\/div>\n\t\n<\/div>\n<\/div>\n<\/div>\t<\/div>\n<\/section>\n\n<section class=\"site-section\" >\n\t<div class=\"container\">\n\t\t\n<div class=\"row\">\n\t<div class=\"col-2\">\n\t<div class=\"text-block\">\n\t<p>&nbsp;<\/p><\/div>\n\n<\/div>\n<div class=\"col-2\">\n\t<a href=\"https:\/\/www.instagram.com\/nordiskafilmskolan\/\" target=\"_blank\" ><img decoding=\"async\" src=\"\/\/nordiska.fhsk.se\/media\/wp-content\/uploads\/sites\/4\/2017\/02\/insta.jpg\" alt=\"\/\/nordiska.fhsk.se\/media\/wp-content\/uploads\/sites\/4\/2017\/02\/insta.jpg\" width=\"50\" \/><\/a><\/div>\n<div class=\"col-2\">\n\t<a href=\"https:\/\/www.facebook.com\/nordiskafilmskolan\" target=\"_blank\" ><img decoding=\"async\" src=\"\/\/nordiska.fhsk.se\/media\/wp-content\/uploads\/sites\/4\/2017\/02\/fb.jpg\" alt=\"\/\/nordiska.fhsk.se\/media\/wp-content\/uploads\/sites\/4\/2017\/02\/fb.jpg\" width=\"50\" \/><\/a><\/div>\n<div class=\"col-2\">\n\t<a href=\"https:\/\/vimeopro.com\/nordiskafolkhogskolan\/filmskolan\" target=\"_blank\" ><img decoding=\"async\" src=\"\/\/nordiska.fhsk.se\/media\/wp-content\/uploads\/sites\/4\/2018\/01\/vimeo.jpg\" alt=\"\/\/nordiska.fhsk.se\/media\/wp-content\/uploads\/sites\/4\/2018\/01\/vimeo.jpg\" width=\"50\" \/><\/a><\/div>\n<div class=\"col-2\">\n\t<a href=\"https:\/\/www.youtube.com\/channel\/UCTMRU2oH0qySm8EpYCTFlDA\" target=\"_blank\" ><img decoding=\"async\" src=\"\/\/nordiska.fhsk.se\/media\/wp-content\/uploads\/sites\/4\/2017\/01\/youtube.jpg\" alt=\"\/\/nordiska.fhsk.se\/media\/wp-content\/uploads\/sites\/4\/2017\/01\/youtube.jpg\" width=\"50\" \/><\/a><\/div>\n<\/div>\t<\/div>\n<\/section>\n\n<\/p>\n","protected":false},"excerpt":{"rendered":"<p>M\u00e5let med filmkursenTillsammans med dig och dina klasskompisar vill vi ge dig m\u00f6jligheten att uppn\u00e5 en massa erfarenheter inom filmproduktion, och samtidigt ge dig en portf\u00f6lj du kan ta med dig in i framtiden. Har du en historia du bara m\u00e5ste ber\u00e4tta? En id\u00e9 som v\u00e4rlden m\u00e5ste ta del av? P\u00e5 Nordiska Filmskolan tycker vi [&hellip;]<\/p>\n","protected":false},"author":6,"featured_media":0,"parent":1899,"menu_order":0,"comment_status":"closed","ping_status":"closed","template":"","meta":{"_exactmetrics_skip_tracking":false,"_exactmetrics_sitenote_active":false,"_exactmetrics_sitenote_note":"","_exactmetrics_sitenote_category":0,"footnotes":""},"class_list":["post-7970","page","type-page","status-publish","hentry"],"acf":[],"_links":{"self":[{"href":"https:\/\/nordiska.fhsk.se\/fotofilm\/wp-json\/wp\/v2\/pages\/7970","targetHints":{"allow":["GET"]}}],"collection":[{"href":"https:\/\/nordiska.fhsk.se\/fotofilm\/wp-json\/wp\/v2\/pages"}],"about":[{"href":"https:\/\/nordiska.fhsk.se\/fotofilm\/wp-json\/wp\/v2\/types\/page"}],"author":[{"embeddable":true,"href":"https:\/\/nordiska.fhsk.se\/fotofilm\/wp-json\/wp\/v2\/users\/6"}],"replies":[{"embeddable":true,"href":"https:\/\/nordiska.fhsk.se\/fotofilm\/wp-json\/wp\/v2\/comments?post=7970"}],"version-history":[{"count":5,"href":"https:\/\/nordiska.fhsk.se\/fotofilm\/wp-json\/wp\/v2\/pages\/7970\/revisions"}],"predecessor-version":[{"id":9120,"href":"https:\/\/nordiska.fhsk.se\/fotofilm\/wp-json\/wp\/v2\/pages\/7970\/revisions\/9120"}],"up":[{"embeddable":true,"href":"https:\/\/nordiska.fhsk.se\/fotofilm\/wp-json\/wp\/v2\/pages\/1899"}],"wp:attachment":[{"href":"https:\/\/nordiska.fhsk.se\/fotofilm\/wp-json\/wp\/v2\/media?parent=7970"}],"curies":[{"name":"wp","href":"https:\/\/api.w.org\/{rel}","templated":true}]}}