{"id":2351,"date":"2023-11-02T15:31:01","date_gmt":"2023-11-02T14:31:01","guid":{"rendered":"https:\/\/nordiska.fhsk.se\/konferens-bnb\/?page_id=2351"},"modified":"2025-02-18T10:30:21","modified_gmt":"2025-02-18T09:30:21","slug":"sarimners-salar","status":"publish","type":"page","link":"https:\/\/nordiska.fhsk.se\/konferens-bnb\/sarimners-salar\/","title":{"rendered":"S\u00e4rimners salar"},"content":{"rendered":"<section class=\"site-section\" >\n\t<div class=\"container\">\n\t\t\n<div class=\"row\">\n\t<div class=\"col-6\">\n\t<div class=\"text-block\">\n\t<h3>Inte bara en skolmatsal<\/h3><p>I v\u00e5r matsal f\u00f6rser vi deltagare, g\u00e4ster och personal med god, v\u00e4llagad mat varje dag till bakgrunden av en inspirerande utsikt \u00f6ver G\u00f6ta \u00e4lv och Bohus f\u00e4stning, ett vackert panorama som inspirerar \u00e5ret runt.<\/p><p>V\u00e5rt m\u00e5l \u00e4r att vi ska anv\u00e4nda s\u00e5 m\u00e5nga n\u00e4rproducerade livsmedel som m\u00f6jligt och vi str\u00e4var hela tiden efter att ut\u00f6ka v\u00e5rt sortiment av ekologiska och r\u00e4ttvisem\u00e4rkta produkter.<\/p><p>V\u00e5r matsal \u00e4r, som s\u00e5 m\u00e5nga andra av v\u00e5ra lokaler, namngiven efter en varelse ur den nordiska mytologin. Enligt <em>Den<\/em> <em>poetiska Eddan<\/em> och <em>Snorres Edda<\/em> \u00e4r S\u00e4rimner en galt som utg\u00f6r f\u00f6da \u00e5t de stupade krigarna i Valhall. Galten \u00e4ts upp, f\u00f6r att varje kv\u00e4ll \u00e5terigen vara \u00e5terst\u00e4lld f\u00f6r att kunna slaktas och \u00e4tas igen.<\/p><\/div>\n\n<\/div>\n<div class=\"col-6\">\n\t<img decoding=\"async\" src=\"https:\/\/nordiska.fhsk.se\/konferens-bnb\/wp-content\/uploads\/sites\/7\/2023\/11\/salladsbuffet-2-scaled-500x300.jpg\" alt=\"https:\/\/nordiska.fhsk.se\/konferens-bnb\/wp-content\/uploads\/sites\/7\/2023\/11\/salladsbuffet-2-scaled-500x300.jpg\" width=\"500\" \/><\/div>\n<\/div>\n<div class=\"row\">\n\t<div class=\"col-12\">\n\t\n    <div class=\"divider space\" style=\"padding-top: 50px;\"><\/div>\n\n<\/div>\n<\/div>\n<div class=\"row\">\n\t<div class=\"col-6\">\n\t<div class=\"text-block\">\n\t<h3>Frukost<\/h3><p>I v\u00e5r matsal bjuds varje morgon en gener\u00f6s frukostbuff\u00e9 f\u00f6r alla smaker. Frukost ing\u00e5r alltid i priset n\u00e4r du bokar ditt boende hos oss, och g\u00e5r \u00e4ven att k\u00f6pa f\u00f6r g\u00e4ster som inte bor \u00f6ver och bara vill unna sig en god frukost med Kung\u00e4lvs vackraste utsikt.<\/p><p>I v\u00e5rt dagliga utbud ing\u00e5r yoghurt, hemmagjord m\u00fcsli, flingor, sylt, frukt, br\u00f6d, ett stort utbud av p\u00e5l\u00e4gg, gr\u00f6nsaker, \u00e4gg, gr\u00f6t, juice och givetvis kaffe och te. Emellan\u00e5t serverar vi \u00e4ven n\u00e5gon s\u00f6tsak och f\u00e4rska b\u00e4r. St\u00f6rre delen av v\u00e5rt utbud g\u00e5r \u00e4ven att f\u00e5 som veganskt och glutenfritt.<\/p><\/div>\n\n<\/div>\n<div class=\"col-6\">\n\t<div class=\"text-block\">\n\t<h3>Lunch<\/h3><p>Lunch erbjuds varje helgfri vardag till v\u00e5ra deltagare p\u00e5 skolan, konferensg\u00e4ster, bed &amp; breakfast-g\u00e4ster och utomst\u00e5ende g\u00e4ster. Till v\u00e5ra konferensg\u00e4ster serverar vi givetvis \u00e4ven lunch under helgkonferenser.<\/p><p>Vi \u00e4r stolta \u00f6ver v\u00e5r m\u00e5ngkulturella k\u00f6kspersonal, som alla s\u00e4tter sin pr\u00e4gel p\u00e5 maten som serveras. Ut\u00f6ver dagens r\u00e4tt erbjuds varje dag vegetariska, veganska, glutenfria och laktosfria alternativ, och p\u00e5 m\u00e5ndagar serverar vi helt vegetariskt\/veganskt.<\/p><p>N\u00e4r du som g\u00e4st k\u00f6per lunch hos oss ing\u00e5r alltid salladsbuff\u00e9, br\u00f6d och kaffe eller te. Veckans aktuella matsedel kan du se <a href=\"https:\/\/nordiska.fhsk.se\/matsedel-2\/\">h\u00e4r<\/a>.<\/p><\/div>\n\n<\/div>\n<\/div>\n<div class=\"row\">\n\t<div class=\"col-12\">\n\t\n    <div class=\"divider space\" style=\"padding-top: 50px;\"><\/div>\n\n<\/div>\n<\/div>\n<div class=\"row\">\n\t<div class=\"col-6\">\n\t<img decoding=\"async\" src=\"https:\/\/nordiska.fhsk.se\/konferens-bnb\/wp-content\/uploads\/sites\/7\/2023\/11\/smorrebrod-scaled-500x300.jpg\" alt=\"https:\/\/nordiska.fhsk.se\/konferens-bnb\/wp-content\/uploads\/sites\/7\/2023\/11\/smorrebrod-scaled-500x300.jpg\" width=\"500\" \/><\/div>\n<div class=\"col-6\">\n\t<div class=\"text-block\">\n\t<h3>Middag<\/h3><p>Helgfri m\u00e5ndag - torsdag erbjuder vi middag till de av v\u00e5ra deltagare som bor p\u00e5 skolan. Till konferenss\u00e4llskap med middagsbokning serverar vi \u00e4ven middag p\u00e5 fredagar och helger. Vi har ofta m\u00f6jlighet att ta emot Bed &amp; Breakfast-g\u00e4ster under middagsservering efter \u00f6verenskommelse.<\/p><p>Vi s\u00e4ljer \u00e4ven matl\u00e5dor med k\u00f6kets hemlagade mat f\u00f6r den som \u00f6nskar k\u00f6pa mat att ta med sig till rummet. Matl\u00e5dorna s\u00e4ljs i matsalens kassa under skolans \u00f6ppettider p\u00e5 vardagar, och under frukosttid p\u00e5 helger.<\/p><\/div>\n\n<\/div>\n<\/div>\t<\/div>\n<\/section>\n\n\n","protected":false},"excerpt":{"rendered":"<p>Inte bara en skolmatsalI v\u00e5r matsal f\u00f6rser vi deltagare, g\u00e4ster och personal med god, v\u00e4llagad mat varje dag till bakgrunden av en inspirerande utsikt \u00f6ver G\u00f6ta \u00e4lv och Bohus f\u00e4stning, ett vackert panorama som inspirerar \u00e5ret runt.V\u00e5rt m\u00e5l \u00e4r att vi ska anv\u00e4nda s\u00e5 m\u00e5nga n\u00e4rproducerade livsmedel som m\u00f6jligt och vi str\u00e4var hela tiden efter [&hellip;]<\/p>\n","protected":false},"author":26,"featured_media":0,"parent":0,"menu_order":0,"comment_status":"closed","ping_status":"closed","template":"","meta":{"_exactmetrics_skip_tracking":false,"_exactmetrics_sitenote_active":false,"_exactmetrics_sitenote_note":"","_exactmetrics_sitenote_category":0,"footnotes":""},"class_list":["post-2351","page","type-page","status-publish","hentry"],"acf":[],"_links":{"self":[{"href":"https:\/\/nordiska.fhsk.se\/konferens-bnb\/wp-json\/wp\/v2\/pages\/2351","targetHints":{"allow":["GET"]}}],"collection":[{"href":"https:\/\/nordiska.fhsk.se\/konferens-bnb\/wp-json\/wp\/v2\/pages"}],"about":[{"href":"https:\/\/nordiska.fhsk.se\/konferens-bnb\/wp-json\/wp\/v2\/types\/page"}],"author":[{"embeddable":true,"href":"https:\/\/nordiska.fhsk.se\/konferens-bnb\/wp-json\/wp\/v2\/users\/26"}],"replies":[{"embeddable":true,"href":"https:\/\/nordiska.fhsk.se\/konferens-bnb\/wp-json\/wp\/v2\/comments?post=2351"}],"version-history":[{"count":5,"href":"https:\/\/nordiska.fhsk.se\/konferens-bnb\/wp-json\/wp\/v2\/pages\/2351\/revisions"}],"predecessor-version":[{"id":2493,"href":"https:\/\/nordiska.fhsk.se\/konferens-bnb\/wp-json\/wp\/v2\/pages\/2351\/revisions\/2493"}],"wp:attachment":[{"href":"https:\/\/nordiska.fhsk.se\/konferens-bnb\/wp-json\/wp\/v2\/media?parent=2351"}],"curies":[{"name":"wp","href":"https:\/\/api.w.org\/{rel}","templated":true}]}}