{"id":4,"date":"2016-12-14T15:47:59","date_gmt":"2016-12-14T14:47:59","guid":{"rendered":"http:\/\/nordiska.fhsk.se\/konferens-bnb\/?page_id=4"},"modified":"2026-04-22T11:19:21","modified_gmt":"2026-04-22T09:19:21","slug":"hem","status":"publish","type":"page","link":"https:\/\/nordiska.fhsk.se\/konferens-bnb\/","title":{"rendered":"Hem"},"content":{"rendered":"<section class=\"site-section\" >\n\t<div class=\"container\">\n\t\t\n<div class=\"row\">\n\t<div class=\"col-6\">\n\t<div class=\"text-block\">\n\t<p><span style=\"color: #ff0000;\"><strong><a style=\"color: #ff0000;\" href=\"https:\/\/nordiska.fhsk.se\/konferens-bnb\/wp-content\/uploads\/sites\/7\/2020\/03\/avbokningsregler.pdf\">Avbokningsregler konferens<\/a><\/strong><\/span><\/p><\/div>\n\n\n    <div class=\"divider space\" style=\"padding-top: 30px;\"><\/div>\n\n<div class=\"text-block\">\n\t<h3>Kontaktinformation f\u00f6r Nordiska Konferens &amp; B&amp;B<\/h3><p>Nordiska Konferens &amp; B&amp;B<br \/>Olof Palmes v\u00e4g 1A<br \/>442 31 Kung\u00e4lv<\/p><p>Telefon: 0303-206210<br \/>Mailadress: <a href=\"mailto:bokning@nordiska.fhsk.se\">bokning@nordiska.fhsk.se<\/a><\/p><p><a href=\"https:\/\/g.page\/r\/CcXpN3yX_zV7EBM\/\">Hitta till oss<\/a><\/p><\/div>\n\n<\/div>\n<\/div>\t<\/div>\n<\/section>\n\n\n","protected":false},"excerpt":{"rendered":"<p>Avbokningsregler konferens Kontaktinformation f\u00f6r Nordiska Konferens &amp; B&amp;BNordiska Konferens &amp; B&amp;BOlof Palmes v\u00e4g 1A442 31 Kung\u00e4lvTelefon: 0303-206210Mailadress: bokning@nordiska.fhsk.seHitta till oss<\/p>\n","protected":false},"author":1,"featured_media":0,"parent":0,"menu_order":7,"comment_status":"closed","ping_status":"closed","template":"","meta":{"_exactmetrics_skip_tracking":false,"_exactmetrics_sitenote_active":false,"_exactmetrics_sitenote_note":"","_exactmetrics_sitenote_category":0,"footnotes":""},"class_list":["post-4","page","type-page","status-publish","hentry"],"acf":[],"_links":{"self":[{"href":"https:\/\/nordiska.fhsk.se\/konferens-bnb\/wp-json\/wp\/v2\/pages\/4","targetHints":{"allow":["GET"]}}],"collection":[{"href":"https:\/\/nordiska.fhsk.se\/konferens-bnb\/wp-json\/wp\/v2\/pages"}],"about":[{"href":"https:\/\/nordiska.fhsk.se\/konferens-bnb\/wp-json\/wp\/v2\/types\/page"}],"author":[{"embeddable":true,"href":"https:\/\/nordiska.fhsk.se\/konferens-bnb\/wp-json\/wp\/v2\/users\/1"}],"replies":[{"embeddable":true,"href":"https:\/\/nordiska.fhsk.se\/konferens-bnb\/wp-json\/wp\/v2\/comments?post=4"}],"version-history":[{"count":11,"href":"https:\/\/nordiska.fhsk.se\/konferens-bnb\/wp-json\/wp\/v2\/pages\/4\/revisions"}],"predecessor-version":[{"id":2533,"href":"https:\/\/nordiska.fhsk.se\/konferens-bnb\/wp-json\/wp\/v2\/pages\/4\/revisions\/2533"}],"wp:attachment":[{"href":"https:\/\/nordiska.fhsk.se\/konferens-bnb\/wp-json\/wp\/v2\/media?parent=4"}],"curies":[{"name":"wp","href":"https:\/\/api.w.org\/{rel}","templated":true}]}}