{"id":1098,"date":"2017-02-27T10:54:10","date_gmt":"2017-02-27T09:54:10","guid":{"rendered":"http:\/\/nordiska.fhsk.se\/ordbild\/?page_id=1098"},"modified":"2020-04-07T06:37:41","modified_gmt":"2020-04-07T04:37:41","slug":"elevarbeten-text-bild","status":"publish","type":"page","link":"https:\/\/nordiska.fhsk.se\/ordbild\/elevarbeten-text-bild\/","title":{"rendered":"Elevarbeten Text &amp; Bild"},"content":{"rendered":"<p><section class=\"site-section\" >\n\t<div class=\"container\">\n\t\t\n<div class=\"row\">\n\t<div class=\"col-12\">\n\t<div class=\"text-block\">\n\t<h2 style=\"text-align: center;\">PROJEKTARBETEN<\/h2><h6><em>Under sista delen av kursen arbetar deltagarna med ett eget projekt i text och bild.\u00a0 F\u00f6r muspekaren \u00f6ver bilden f\u00f6r att visa hela verket.<\/em><\/h6><h3><strong><em>Ytterligare projektarbeten finns ocks\u00e5 publicerade p\u00e5 <a href=\"https:\/\/utsiktenskavarafri.wordpress.com\/\">bloggen.<\/a><\/em><\/strong><\/h3><\/div>\n\n<\/div>\n<\/div>\n<div class=\"row\">\n\t<div class=\"col-4\">\n\t<div class=\"text-block\">\n\t<p><a href=\"http:\/\/nordiskakonferens.se.crystonepreview.net\/bildspel\/flip-pdf_Jag hade en drom\/index.html\" target=\"_blank\" rel=\"noopener noreferrer\"><img decoding=\"async\" class=\"alignnone size-medium wp-image-1592\" src=\"http:\/\/nordiska.fhsk.se\/text-bild-foto\/wp-content\/uploads\/sites\/3\/2017\/05\/screen-shot-05-05-17-at-1022-am-218x300.png\" alt=\"\" width=\"218\" height=\"300\" srcset=\"https:\/\/nordiska.fhsk.se\/ordbild\/wp-content\/uploads\/sites\/9\/2017\/05\/screen-shot-05-05-17-at-1022-am-218x300.png 218w, https:\/\/nordiska.fhsk.se\/ordbild\/wp-content\/uploads\/sites\/9\/2017\/05\/screen-shot-05-05-17-at-1022-am.png 229w\" sizes=\"(max-width: 218px) 100vw, 218px\" \/><\/a><\/p><p>December av Ylva Rydenhag, utdrag<\/p><\/div>\n\n<div class=\"text-block\">\n\t<p><a href=\"http:\/\/nordiskakonferens.se.crystonepreview.net\/bildspel\/flip-pdf_Saladin den Stora\/index.html\" target=\"_blank\" rel=\"noopener noreferrer\"><img decoding=\"async\" class=\"alignnone size-medium wp-image-1591\" src=\"http:\/\/nordiska.fhsk.se\/text-bild-foto\/wp-content\/uploads\/sites\/3\/2017\/05\/screen-shot-05-05-17-at-1022-am-001-218x300.png\" alt=\"\" width=\"218\" height=\"300\" srcset=\"https:\/\/nordiska.fhsk.se\/ordbild\/wp-content\/uploads\/sites\/9\/2017\/05\/screen-shot-05-05-17-at-1022-am-001-218x300.png 218w, https:\/\/nordiska.fhsk.se\/ordbild\/wp-content\/uploads\/sites\/9\/2017\/05\/screen-shot-05-05-17-at-1022-am-001.png 229w\" sizes=\"(max-width: 218px) 100vw, 218px\" \/><\/a><\/p><p>Saladin den Store av Sara Ahmad<\/p><\/div>\n\n<\/div>\n<div class=\"col-4\">\n\t<div class=\"text-block\">\n\t<p><figure id=\"attachment_1060\" aria-describedby=\"caption-attachment-1060\" style=\"width: 300px\" class=\"wp-caption alignnone\"><img decoding=\"async\" class=\"wp-image-1060 size-medium\" src=\"http:\/\/nordiska.fhsk.se\/text-bild-foto\/wp-content\/uploads\/sites\/3\/2017\/02\/pianystrom-30x45mg0358-600x400-300x200.gif\" width=\"300\" height=\"200\" \/><figcaption id=\"caption-attachment-1060\" class=\"wp-caption-text\">Collage Pia Nystr\u00f6m<\/figcaption><\/figure><\/p><\/div>\n\n<div class=\"text-block\">\n\t<p><a href=\"http:\/\/nordiskakonferens.se.crystonepreview.net\/bildspel\/flip-pdf_Lat sta\/index.html\" target=\"_blank\" rel=\"noopener noreferrer\"><img decoding=\"async\" class=\"alignnone size-medium wp-image-1601\" src=\"http:\/\/nordiska.fhsk.se\/text-bild-foto\/wp-content\/uploads\/sites\/3\/2017\/05\/screen-shot-05-05-17-at-1105-am-300x215.png\" alt=\"\" width=\"300\" height=\"215\" srcset=\"https:\/\/nordiska.fhsk.se\/ordbild\/wp-content\/uploads\/sites\/9\/2017\/05\/screen-shot-05-05-17-at-1105-am-300x215.png 300w, https:\/\/nordiska.fhsk.se\/ordbild\/wp-content\/uploads\/sites\/9\/2017\/05\/screen-shot-05-05-17-at-1105-am.png 315w\" sizes=\"(max-width: 300px) 100vw, 300px\" \/><\/a><\/p><p><a href=\"http:\/\/nordiskakonferens.se.crystonepreview.net\/bildspel\/flip-pdf_Lat sta\/index.html\" target=\"_blank\" rel=\"noopener noreferrer\">\u00a0<\/a><\/p><p>L\u00e5t St\u00e5 av Matilda Sk\u00f6ld, utdrag<\/p><\/div>\n\n<div class=\"text-block\">\n\t<p><a href=\"http:\/\/nordiskakonferens.se.crystonepreview.net\/bildspel\/flip-pdf_Karlekskollage\/index.html\" target=\"_blank\" rel=\"noopener noreferrer\"><img decoding=\"async\" class=\"alignnone size-medium wp-image-1593\" src=\"http:\/\/nordiska.fhsk.se\/text-bild-foto\/wp-content\/uploads\/sites\/3\/2017\/05\/screen-shot-05-05-17-at-1023-am-001-300x215.png\" alt=\"\" width=\"300\" height=\"215\" srcset=\"https:\/\/nordiska.fhsk.se\/ordbild\/wp-content\/uploads\/sites\/9\/2017\/05\/screen-shot-05-05-17-at-1023-am-001-300x215.png 300w, https:\/\/nordiska.fhsk.se\/ordbild\/wp-content\/uploads\/sites\/9\/2017\/05\/screen-shot-05-05-17-at-1023-am-001.png 315w\" sizes=\"(max-width: 300px) 100vw, 300px\" \/><\/a><\/p><p>Kraschat k\u00e4rlekscollage av Johanna Nilsson<\/p><\/div>\n\n<\/div>\n<div class=\"col-4\">\n\t<div class=\"text-block\">\n\t<p><figure id=\"attachment_1237\" aria-describedby=\"caption-attachment-1237\" style=\"width: 300px\" class=\"wp-caption alignnone\"><a href=\"http:\/\/nordiskakonferens.se.crystonepreview.net\/bildspel\/flip-pdf_Flickan\/index.html\" target=\"_blank\" rel=\"noopener noreferrer\"><img decoding=\"async\" class=\"wp-image-1237 size-medium\" src=\"http:\/\/nordiska.fhsk.se\/text-bild-foto\/wp-content\/uploads\/sites\/3\/2017\/02\/flickan-som-forsvann-300x300.png\" width=\"300\" height=\"300\" srcset=\"https:\/\/nordiska.fhsk.se\/ordbild\/wp-content\/uploads\/sites\/9\/2017\/02\/flickan-som-forsvann-300x300.png 300w, https:\/\/nordiska.fhsk.se\/ordbild\/wp-content\/uploads\/sites\/9\/2017\/02\/flickan-som-forsvann-150x150.png 150w, https:\/\/nordiska.fhsk.se\/ordbild\/wp-content\/uploads\/sites\/9\/2017\/02\/flickan-som-forsvann.png 501w\" sizes=\"(max-width: 300px) 100vw, 300px\" \/><\/a><figcaption id=\"caption-attachment-1237\" class=\"wp-caption-text\">Flickan som f\u00f6rsvann av Anna Hulth<\/figcaption><\/figure><\/p><\/div>\n\n<\/div>\n<\/div>\t<\/div>\n<\/section>\n\n<section class=\"site-section\" >\n\t<div class=\"container\">\n\t\t\n<div class=\"row\">\n\t<div class=\"col-12\">\n\t\n    <div class=\"divider text_line \"><span class=\"divider-title\"> Bilds\u00e4ttning Transtr\u00f6mer<\/span><\/div>\n\n<\/div>\n<\/div>\n<div class=\"row\">\n\t<div class=\"col-6\">\n\t<div class=\"text-block\">\n\t<p><figure id=\"attachment_937\" aria-describedby=\"caption-attachment-937\" style=\"width: 565px\" class=\"wp-caption alignnone\"><img decoding=\"async\" class=\"wp-image-937\" src=\"http:\/\/nordiska.fhsk.se\/text-bild-foto\/wp-content\/uploads\/sites\/3\/2017\/02\/tobiastranstromertradetochskyn-1024x724.jpg\" width=\"565\" height=\"400\" \/><figcaption id=\"caption-attachment-937\" class=\"wp-caption-text\">Tr\u00e4det och skyn Tobias Lid\u00e9n<\/figcaption><\/figure><\/p><\/div>\n\n<\/div>\n<div class=\"col-6\">\n\t<div class=\"text-block\">\n\t<p><figure id=\"attachment_1214\" aria-describedby=\"caption-attachment-1214\" style=\"width: 590px\" class=\"wp-caption alignnone\"><img decoding=\"async\" class=\"wp-image-1214\" src=\"http:\/\/nordiska.fhsk.se\/text-bild-foto\/wp-content\/uploads\/sites\/3\/2017\/02\/linda.png\" width=\"590\" height=\"422\" srcset=\"https:\/\/nordiska.fhsk.se\/ordbild\/wp-content\/uploads\/sites\/9\/2017\/02\/linda.png 690w, https:\/\/nordiska.fhsk.se\/ordbild\/wp-content\/uploads\/sites\/9\/2017\/02\/linda-300x214.png 300w\" sizes=\"(max-width: 590px) 100vw, 590px\" \/><figcaption id=\"caption-attachment-1214\" class=\"wp-caption-text\">Midvinter av Linda Edetun<\/figcaption><\/figure><\/p><\/div>\n\n<\/div>\n<\/div>\n<div class=\"row\">\n\t<div class=\"col-6\">\n\t<div class=\"text-block\">\n\t<p><figure id=\"attachment_1244\" aria-describedby=\"caption-attachment-1244\" style=\"width: 505px\" class=\"wp-caption alignnone\"><img decoding=\"async\" class=\"wp-image-1244\" src=\"http:\/\/nordiska.fhsk.se\/text-bild-foto\/wp-content\/uploads\/sites\/3\/2017\/02\/jperssontranstromertextmadrigal-1-724x1024.jpg\" width=\"505\" height=\"714\" \/><figcaption id=\"caption-attachment-1244\" class=\"wp-caption-text\">Madrigal av Johanna Persson<\/figcaption><\/figure><\/p><\/div>\n\n<\/div>\n<div class=\"col-6\">\n\t<div class=\"text-block\">\n\t<p><figure id=\"attachment_1253\" aria-describedby=\"caption-attachment-1253\" style=\"width: 455px\" class=\"wp-caption alignnone\"><img decoding=\"async\" class=\"wp-image-1253 size-full\" src=\"http:\/\/nordiska.fhsk.se\/text-bild-foto\/wp-content\/uploads\/sites\/3\/2017\/02\/andriettetranstromer.png\" width=\"455\" height=\"695\" srcset=\"https:\/\/nordiska.fhsk.se\/ordbild\/wp-content\/uploads\/sites\/9\/2017\/02\/andriettetranstromer.png 455w, https:\/\/nordiska.fhsk.se\/ordbild\/wp-content\/uploads\/sites\/9\/2017\/02\/andriettetranstromer-196x300.png 196w\" sizes=\"(max-width: 455px) 100vw, 455px\" \/><figcaption id=\"caption-attachment-1253\" class=\"wp-caption-text\">L\u00e5ngsam musik av Andriette B\u00e5genholm<\/figcaption><\/figure><\/p><\/div>\n\n<\/div>\n<\/div>\t<\/div>\n<\/section>\n\n<section class=\"site-section\" >\n\t<div class=\"container\">\n\t\t\n<div class=\"row\">\n\t<div class=\"col-12\">\n\t\n    <div class=\"divider text_line \"><span class=\"divider-title\">Litter\u00e4ra livslinjer<\/span><\/div>\n\n<\/div>\n<\/div>\n<div class=\"row\">\n\t<div class=\"col-4\">\n\t<div class=\"text-block\">\n\t<p><img decoding=\"async\" class=\"alignleft wp-image-4007 size-full\" src=\"http:\/\/nordiska.fhsk.se\/ordbild\/wp-content\/uploads\/sites\/9\/2020\/04\/lisa2.jpg\" alt=\"\" width=\"554\" height=\"675\" srcset=\"https:\/\/nordiska.fhsk.se\/ordbild\/wp-content\/uploads\/sites\/9\/2020\/04\/lisa2.jpg 554w, https:\/\/nordiska.fhsk.se\/ordbild\/wp-content\/uploads\/sites\/9\/2020\/04\/lisa2-246x300.jpg 246w\" sizes=\"(max-width: 554px) 100vw, 554px\" \/><\/p><\/div>\n\n<\/div>\n<div class=\"col-4\">\n\t<div class=\"text-block\">\n\t<p><img decoding=\"async\" class=\"alignnone wp-image-3999 size-large\" src=\"http:\/\/nordiska.fhsk.se\/ordbild\/wp-content\/uploads\/sites\/9\/2020\/04\/litterarlivslinje-hanna-724x1024.jpg\" alt=\"\" width=\"724\" height=\"1024\" \/><\/p><\/div>\n\n<\/div>\n<div class=\"col-4\">\n\t<div class=\"text-block\">\n\t<p><img decoding=\"async\" class=\"alignright wp-image-4001 size-full\" src=\"http:\/\/nordiska.fhsk.se\/ordbild\/wp-content\/uploads\/sites\/9\/2020\/04\/pelles.jpg\" alt=\"\" width=\"502\" height=\"709\" srcset=\"https:\/\/nordiska.fhsk.se\/ordbild\/wp-content\/uploads\/sites\/9\/2020\/04\/pelles.jpg 502w, https:\/\/nordiska.fhsk.se\/ordbild\/wp-content\/uploads\/sites\/9\/2020\/04\/pelles-212x300.jpg 212w\" sizes=\"(max-width: 502px) 100vw, 502px\" \/><\/p><\/div>\n\n<\/div>\n<\/div>\n<div class=\"row\">\n\t<div class=\"col-4\">\n\t<div class=\"text-block\">\n\t<p><img decoding=\"async\" class=\"alignnone wp-image-4003 size-large\" src=\"http:\/\/nordiska.fhsk.se\/ordbild\/wp-content\/uploads\/sites\/9\/2020\/04\/skarmklipp7-1024x714.jpg\" alt=\"\" width=\"1024\" height=\"714\" srcset=\"https:\/\/nordiska.fhsk.se\/ordbild\/wp-content\/uploads\/sites\/9\/2020\/04\/skarmklipp7-1024x714.jpg 1024w, https:\/\/nordiska.fhsk.se\/ordbild\/wp-content\/uploads\/sites\/9\/2020\/04\/skarmklipp7-300x209.jpg 300w, https:\/\/nordiska.fhsk.se\/ordbild\/wp-content\/uploads\/sites\/9\/2020\/04\/skarmklipp7-768x535.jpg 768w, https:\/\/nordiska.fhsk.se\/ordbild\/wp-content\/uploads\/sites\/9\/2020\/04\/skarmklipp7.jpg 1103w\" sizes=\"(max-width: 1024px) 100vw, 1024px\" \/><\/p><\/div>\n\n<\/div>\n<div class=\"col-4\">\n\t<div class=\"text-block\">\n\t<p><img decoding=\"async\" class=\"wp-image-4000 size-large aligncenter\" src=\"http:\/\/nordiska.fhsk.se\/ordbild\/wp-content\/uploads\/sites\/9\/2020\/04\/livslinje-1-1-1024x650.jpeg\" alt=\"\" width=\"1024\" height=\"650\" srcset=\"https:\/\/nordiska.fhsk.se\/ordbild\/wp-content\/uploads\/sites\/9\/2020\/04\/livslinje-1-1-1024x650.jpeg 1024w, https:\/\/nordiska.fhsk.se\/ordbild\/wp-content\/uploads\/sites\/9\/2020\/04\/livslinje-1-1-300x190.jpeg 300w, https:\/\/nordiska.fhsk.se\/ordbild\/wp-content\/uploads\/sites\/9\/2020\/04\/livslinje-1-1-768x487.jpeg 768w, https:\/\/nordiska.fhsk.se\/ordbild\/wp-content\/uploads\/sites\/9\/2020\/04\/livslinje-1-1.jpeg 1182w\" sizes=\"(max-width: 1024px) 100vw, 1024px\" \/><\/p><\/div>\n\n<\/div>\n<div class=\"col-4\">\n\t<div class=\"text-block\">\n\t<p><img decoding=\"async\" class=\"alignnone wp-image-4002\" src=\"http:\/\/nordiska.fhsk.se\/ordbild\/wp-content\/uploads\/sites\/9\/2020\/04\/skarmklipp-247x300.jpg\" alt=\"\" width=\"300\" height=\"364\" srcset=\"https:\/\/nordiska.fhsk.se\/ordbild\/wp-content\/uploads\/sites\/9\/2020\/04\/skarmklipp-247x300.jpg 247w, https:\/\/nordiska.fhsk.se\/ordbild\/wp-content\/uploads\/sites\/9\/2020\/04\/skarmklipp.jpg 614w\" sizes=\"(max-width: 300px) 100vw, 300px\" \/><\/p><\/div>\n\n<\/div>\n<\/div>\n<div class=\"row\">\n\t<div class=\"col-6\">\n\t<div class=\"text-block\">\n\t<p><img decoding=\"async\" class=\"alignleft wp-image-4004 size-large\" src=\"http:\/\/nordiska.fhsk.se\/ordbild\/wp-content\/uploads\/sites\/9\/2020\/04\/tina1sept0172-1-1024x683.jpg\" alt=\"\" width=\"1024\" height=\"683\" srcset=\"https:\/\/nordiska.fhsk.se\/ordbild\/wp-content\/uploads\/sites\/9\/2020\/04\/tina1sept0172-1-1024x683.jpg 1024w, https:\/\/nordiska.fhsk.se\/ordbild\/wp-content\/uploads\/sites\/9\/2020\/04\/tina1sept0172-1-300x200.jpg 300w, https:\/\/nordiska.fhsk.se\/ordbild\/wp-content\/uploads\/sites\/9\/2020\/04\/tina1sept0172-1-768x512.jpg 768w\" sizes=\"(max-width: 1024px) 100vw, 1024px\" \/><\/p><\/div>\n\n<\/div>\n<div class=\"col-6\">\n\t<div class=\"text-block\">\n\t<p><img decoding=\"async\" class=\"alignright wp-image-3997 size-large\" src=\"http:\/\/nordiska.fhsk.se\/ordbild\/wp-content\/uploads\/sites\/9\/2020\/04\/7-1024x686.jpg\" alt=\"\" width=\"1024\" height=\"686\" srcset=\"https:\/\/nordiska.fhsk.se\/ordbild\/wp-content\/uploads\/sites\/9\/2020\/04\/7-1024x686.jpg 1024w, https:\/\/nordiska.fhsk.se\/ordbild\/wp-content\/uploads\/sites\/9\/2020\/04\/7-300x201.jpg 300w, https:\/\/nordiska.fhsk.se\/ordbild\/wp-content\/uploads\/sites\/9\/2020\/04\/7-768x515.jpg 768w, https:\/\/nordiska.fhsk.se\/ordbild\/wp-content\/uploads\/sites\/9\/2020\/04\/7.jpg 1344w\" sizes=\"(max-width: 1024px) 100vw, 1024px\" \/><\/p><\/div>\n\n<\/div>\n<\/div>\t<\/div>\n<\/section>\n\n<section class=\"site-section\" >\n\t<div class=\"container\">\n\t\t\n<div class=\"row\">\n\t<div class=\"col-12\">\n\t\n    <div class=\"divider text_line \"><span class=\"divider-title\">M\u00e4nniska som natur<\/span><\/div>\n\n<\/div>\n<\/div>\n<div class=\"row\">\n\t<div class=\"col-3\">\n\t<div class=\"text-block\">\n\t<p><figure id=\"attachment_706\" aria-describedby=\"caption-attachment-706\" style=\"width: 199px\" class=\"wp-caption alignnone\"><img decoding=\"async\" class=\"size-medium wp-image-706\" src=\"http:\/\/nordiska.fhsk.se\/text-bild-foto\/wp-content\/uploads\/sites\/3\/2017\/02\/botaniska-becka-mara2-199x300-199x300.jpg\" alt=\"\" width=\"199\" height=\"300\" \/><figcaption id=\"caption-attachment-706\" class=\"wp-caption-text\">Rebecka Rudhager<\/figcaption><\/figure><\/p><\/div>\n\n<\/div>\n<div class=\"col-3\">\n\t<div class=\"text-block\">\n\t<p><figure id=\"attachment_704\" aria-describedby=\"caption-attachment-704\" style=\"width: 200px\" class=\"wp-caption alignnone\"><img decoding=\"async\" class=\"wp-image-704 size-medium\" src=\"http:\/\/nordiska.fhsk.se\/text-bild-foto\/wp-content\/uploads\/sites\/3\/2017\/02\/botaniska-img5862-200x300-200x300.jpg\" width=\"200\" height=\"300\" \/><figcaption id=\"caption-attachment-704\" class=\"wp-caption-text\">.<\/figcaption><\/figure><\/p><\/div>\n\n<\/div>\n<div class=\"col-3\">\n\t<div class=\"text-block\">\n\t<p><figure id=\"attachment_705\" aria-describedby=\"caption-attachment-705\" style=\"width: 200px\" class=\"wp-caption alignnone\"><img decoding=\"async\" class=\"size-medium wp-image-705\" src=\"http:\/\/nordiska.fhsk.se\/text-bild-foto\/wp-content\/uploads\/sites\/3\/2017\/02\/botaniska-tekstbildannahult651802-200x300-200x300.jpg\" alt=\"\" width=\"200\" height=\"300\" \/><figcaption id=\"caption-attachment-705\" class=\"wp-caption-text\">Anna Hulth<\/figcaption><\/figure><\/p><\/div>\n\n<\/div>\n<div class=\"col-3\">\n\t<div class=\"text-block\">\n\t<p><figure id=\"attachment_707\" aria-describedby=\"caption-attachment-707\" style=\"width: 300px\" class=\"wp-caption alignnone\"><img decoding=\"async\" class=\"size-medium wp-image-707\" src=\"http:\/\/nordiska.fhsk.se\/text-bild-foto\/wp-content\/uploads\/sites\/3\/2017\/02\/botaniska-becka-mara-300x200-300x200.jpg\" alt=\"\" width=\"300\" height=\"200\" \/><figcaption id=\"caption-attachment-707\" class=\"wp-caption-text\">Rebecka Rudhager<\/figcaption><\/figure><\/p><\/div>\n\n<\/div>\n<\/div>\t<\/div>\n<\/section>\n\n<\/p>\n","protected":false},"excerpt":{"rendered":"<p>PROJEKTARBETENUnder sista delen av kursen arbetar deltagarna med ett eget projekt i text och bild.\u00a0 F\u00f6r muspekaren \u00f6ver bilden f\u00f6r att visa hela verket.Ytterligare projektarbeten finns ocks\u00e5 publicerade p\u00e5 bloggen. December av Ylva Rydenhag, utdrag Saladin den Store av Sara Ahmad Collage Pia Nystr\u00f6m \u00a0L\u00e5t St\u00e5 av Matilda Sk\u00f6ld, utdrag Kraschat k\u00e4rlekscollage av Johanna Nilsson [&hellip;]<\/p>\n","protected":false},"author":15,"featured_media":0,"parent":0,"menu_order":0,"comment_status":"closed","ping_status":"closed","template":"","meta":{"_exactmetrics_skip_tracking":false,"_exactmetrics_sitenote_active":false,"_exactmetrics_sitenote_note":"","_exactmetrics_sitenote_category":0,"footnotes":""},"class_list":["post-1098","page","type-page","status-publish","hentry"],"acf":[],"_links":{"self":[{"href":"https:\/\/nordiska.fhsk.se\/ordbild\/wp-json\/wp\/v2\/pages\/1098","targetHints":{"allow":["GET"]}}],"collection":[{"href":"https:\/\/nordiska.fhsk.se\/ordbild\/wp-json\/wp\/v2\/pages"}],"about":[{"href":"https:\/\/nordiska.fhsk.se\/ordbild\/wp-json\/wp\/v2\/types\/page"}],"author":[{"embeddable":true,"href":"https:\/\/nordiska.fhsk.se\/ordbild\/wp-json\/wp\/v2\/users\/15"}],"replies":[{"embeddable":true,"href":"https:\/\/nordiska.fhsk.se\/ordbild\/wp-json\/wp\/v2\/comments?post=1098"}],"version-history":[{"count":6,"href":"https:\/\/nordiska.fhsk.se\/ordbild\/wp-json\/wp\/v2\/pages\/1098\/revisions"}],"predecessor-version":[{"id":4014,"href":"https:\/\/nordiska.fhsk.se\/ordbild\/wp-json\/wp\/v2\/pages\/1098\/revisions\/4014"}],"wp:attachment":[{"href":"https:\/\/nordiska.fhsk.se\/ordbild\/wp-json\/wp\/v2\/media?parent=1098"}],"curies":[{"name":"wp","href":"https:\/\/api.w.org\/{rel}","templated":true}]}}