{"id":2368,"date":"2020-02-03T19:57:45","date_gmt":"2020-02-03T18:57:45","guid":{"rendered":"http:\/\/nordiska.fhsk.se\/sang-scen\/?page_id=2368"},"modified":"2020-03-13T15:39:39","modified_gmt":"2020-03-13T14:39:39","slug":"visturneer-2020","status":"publish","type":"page","link":"https:\/\/nordiska.fhsk.se\/sang-scen\/visturneer-2020\/","title":{"rendered":"Visturn\u00e9er 2020"},"content":{"rendered":"<section class=\"site-section\" >\n\t<div class=\"container\">\n\t\t\n<div class=\"row\">\n\t<div class=\"col-12\">\n\t<div class=\"text-block\">\n\t<h4>Risk f\u00f6r inst\u00e4llda konserter!<br \/>P\u00e5 grund av risk f\u00f6r coronasmitta \u00e4r m\u00e5nga av konserterna inst\u00e4llda. Exempelvis alla konserter i Finland och Norge. Har du t\u00e4nkt att bes\u00f6ka n\u00e5gon av konserterna, kolla upp med respektive turn\u00e9grupp, tex via deras facebooksida s\u00e5 att den s\u00e4kert genomf\u00f6rs.<\/p><p>VISSKOLAN \u00c5KER P\u00c5 TURN\u00c9!<\/h4><p>Nu \u00e5ker Visskolan p\u00e5 turn\u00e9 i Norden! De fem turn\u00e9grupperna bes\u00f6ker s\u00e5v\u00e4l Sverige som Norge, Danmark och Finland under sin tv\u00e5 veckor l\u00e5nga turn\u00e9, 7-22 mars 2020. Boka oss! Och f\u00f6lj oss! Inom kort kommer v\u00e5ra turn\u00e9planer upp p\u00e5 sidan.<\/p><\/div>\n\n<\/div>\n<\/div>\n<div class=\"row\">\n\t<div class=\"col-4\">\n\t<img decoding=\"async\" src=\"https:\/\/nordiska.fhsk.se\/sang-scen\/wp-content\/uploads\/sites\/6\/2020\/02\/fatta-mod-mindre-300x200.jpg\" alt=\"https:\/\/nordiska.fhsk.se\/sang-scen\/wp-content\/uploads\/sites\/6\/2020\/02\/fatta-mod-mindre-300x200.jpg\" width=\"300\" \/><div class=\"text-block\">\n\t<p><strong>FATTA MOD<br \/><\/strong><a href=\"http:\/\/nordiska.fhsk.se\/sang-scen\/wp-content\/uploads\/sites\/6\/2020\/02\/fatta-mod-pdf-ny.pdf\">Fatta mod infoblad<\/a><strong><br \/><\/strong><a href=\"https:\/\/www.facebook.com\/fatta.mod.turne\/\">F\u00f6lj oss<\/a><br \/>N\u00e4r \u00e4r det livsviktigt och n\u00e4r \u00e4r det okej att inte v\u00e5ga? Klara st\u00e4mmor, finst\u00e4md gitarr, jazziga trumpetslingor och ber\u00e4ttande texter som\u00a0 skaver, utmanar och uppmuntrar s\u00e5 att alla kan l\u00e4mna konserten lite modigare \u00e4n n\u00e4r de gick in.<br \/>Medverkande: Tea Russlander, Amanda Plumeyer och Malin \u00d6sterberg<\/p><p><strong>Turn\u00e9plan:<\/strong><br \/>6\/3 Nordiska folkh\u00f6gskolan<br \/>8\/3 Vinbar Julie, Malm\u00f6<br \/>9\/3 Malm\u00f6 folkh\u00f6gskola<br \/>10\/3 M\u00e4ssingshornet, Malm\u00f6<br \/>12\/3 Visans v\u00e4nner, S\u00f6lvesborg<br \/>14\/3 Visklubben Skeppet, Halmstad<br \/>17\/3 Fr\u00f6lunda kulturhus, G\u00f6teborg<br \/>18\/3 Hvitfeldtska gymnasiet, G\u00f6teborg<br \/>20\/3 Kvarteret Kvarnen, H\u00f6gan\u00e4s<br \/>21\/3 Ving\u00e5rden, Osby<br \/>3\/4 Litorina folkh\u00f6gskola, Karlskrona<br \/>5\/4 Musik vid \u00e5n, \u00c4ngelholm<\/p><\/div>\n\n<\/div>\n<div class=\"col-4\">\n\t<img decoding=\"async\" src=\"https:\/\/nordiska.fhsk.se\/sang-scen\/wp-content\/uploads\/sites\/6\/2019\/12\/mot-mig-bild-300x200.jpg\" alt=\"https:\/\/nordiska.fhsk.se\/sang-scen\/wp-content\/uploads\/sites\/6\/2019\/12\/mot-mig-bild-300x200.jpg\" width=\"300\" \/><div class=\"text-block\">\n\t<p><strong>M\u00d6T MIG - VI M\u00c5STE PRATA<\/strong><br \/><a href=\"http:\/\/nordiska.fhsk.se\/sang-scen\/wp-content\/uploads\/sites\/6\/2020\/02\/mot-mig-infoblad-version-2-kompr.pdf\">Mo\u0308t Mig Infoblad<\/a><br \/><a href=\"https:\/\/www.facebook.com\/motmig.turne\/\">F\u00f6lj oss<\/a><br \/>Varf\u00f6r pratar vi med varandra? Och vad h\u00e4nder n\u00e4r vi inte g\u00f6r det? Musikern r\u00f6r sig i genrer som visa, singer-songwriter och folk. Med st\u00e4ms\u00e5ng, gitarr, banjo och percussion utlovar vi st\u00e4mning som lockar till alls\u00e5ng, eftert\u00e4nksamhet och fotstampande.<br \/>Medverkande: Karl Fimmerdal, Katja \u00c5berg, Tea Runevik, Linus Wiberg<\/p><p><strong>Turn\u00e9plan:\u00a0<\/strong><br \/>5\/3 Nordiska folkh\u00f6gskolan<br \/>6\/3 Fregatten, Stenungsund<br \/>9\/3 Elv\u00e4rket, Mariestad<br \/>10\/3 Skarpn\u00e4cks folkh\u00f6gskola<br \/>11\/3 Hagabergs folkh\u00f6gskola<br \/>11\/3 Pophouse, Stockholm<br \/>12\/3 Little art cacery, G\u00e4vle<br \/>13\/3 Pangea, Timr\u00e5<br \/>13\/3 Skogsn\u00e4s<br \/>14\/3 Pipes of Scotland, Ume\u00e5<br \/>16\/3 Lappfj\u00e4rds folkh\u00f6gskola<br \/>17\/3 Bj\u00f6rneborgs svenska samskola, Finland<br \/>19\/3 Grankulla Vallmog\u00e5rd, Finand<br \/>20\/3 Liljendal bibliotek, Finland<br \/>21\/3 Luckan, Helsingfors, Finland<\/p><\/div>\n\n<\/div>\n<div class=\"col-4\">\n\t<img decoding=\"async\" src=\"https:\/\/nordiska.fhsk.se\/sang-scen\/wp-content\/uploads\/sites\/6\/2020\/03\/karlek-har-ingen-alder-300x200.jpeg\" alt=\"https:\/\/nordiska.fhsk.se\/sang-scen\/wp-content\/uploads\/sites\/6\/2020\/03\/karlek-har-ingen-alder-300x200.jpeg\" width=\"300\" \/><div class=\"text-block\">\n\t<p><strong>K\u00c4RLEK HAR INGEN \u00c5LDER<\/strong><br \/><a href=\"http:\/\/nordiska.fhsk.se\/sang-scen\/wp-content\/uploads\/sites\/6\/2020\/02\/karlek-har-ingen-alder.pdf\">K\u00e4rlek Har Ingen \u00c5lder infoblad<\/a><br \/><a href=\"https:\/\/www.facebook.com\/K%C3%A4rlek-har-ingen-%C3%A5lder-100721194864343\/\">F\u00f6lj oss<\/a><br \/>K\u00e4rlek har ingen \u00e5lder. Den som inte tror p\u00e5 det har inte levt. I en musikalisk resa genom passionens gr\u00e4nsl\u00f6sa territorium f\u00e5r vi uppleva fem unika r\u00f6ster tolkningar och eget material i k\u00e4rlekens eviga tecken.<br \/>Medverkande: Lovisa Hagstr\u00f6m, Erik Pettersson Sj\u00f6quist, Jacob Wikman, Alexander Kypraios.<\/p><p><strong>Turn\u00e9plan:<\/strong><br \/>11\/3 Ti Amo, Stenungsund<br \/>13\/3 Br\u00e4nn\u00f6<br \/>14\/3 V\u00e4rmlands museum, Karlstad<br \/>15\/3 Skattungbyns folkh\u00f6gskola<br \/>16\/3 Sj\u00f6viks folkh\u00f6gskola<br \/>18\/3 H\u00f6kis Visrum, Stockholm<br \/>20\/3 Kongahalla, Kung\u00e4lv<br \/>21\/3 Kollektivhuset Tr\u00e4det, G\u00f6teborg<br \/>22\/3 Crippas caf\u00e9, G\u00f6teborg<\/p><\/div>\n\n<\/div>\n<\/div>\n<div class=\"row\">\n\t<div class=\"col-4\">\n\t<img decoding=\"async\" src=\"https:\/\/nordiska.fhsk.se\/sang-scen\/wp-content\/uploads\/sites\/6\/2019\/12\/nyheter-mindre-300x200.jpg\" alt=\"https:\/\/nordiska.fhsk.se\/sang-scen\/wp-content\/uploads\/sites\/6\/2019\/12\/nyheter-mindre-300x200.jpg\" width=\"300\" \/><div class=\"text-block\">\n\t<p><strong>NYHETER FR\u00c5N INGENSTANS<\/strong><br \/><a href=\"http:\/\/nordiska.fhsk.se\/sang-scen\/wp-content\/uploads\/sites\/6\/2020\/02\/nyheteringenstans.pdf\">Nyheter.ingenstans infoblad<\/a><br \/>F\u00f6lj oss<br \/>Hur ska man bete sig i ett samh\u00e4lle d\u00e4r man inte passar in?\u00a0 Fem gamla sj\u00e4lar med babyface, alla med minst en fot utanf\u00f6r normen, har med sig nya och gamla l\u00e5tar, b\u00e5de eget och stulet, p\u00e5 svenska och norska i en blandning av traditionella visor, singersongwritermusik och mer moderna genrer. Humoristiskt, bitvis allvarligt, men alltid meningsfullt.<br \/>Medverkande: Pernille Hox, Christian Airikka, Celine Wu, Elena Nordh, Thobias Nilsson<\/p><p><strong>Turn\u00e9plan:<\/strong><br \/>4\/3 \u2013 S\u00e4ve Hembygdsf\u00f6rening<br \/>10\/3 \u2013 Horten Viser &amp; Annet, Norge<br \/>12\/3 \u2013 Soon Viseklub, Norge<br \/>14\/3 \u2013 Musikk FHSK, Gj\u00f6vik, Norge<br \/>15\/3 \u2013 Maisis Vardagsrum, Oslo, Norge<br \/>17\/3 \u2013 Eidsberg Fengsel, Norge<br \/>18\/3 \u2013 Skjeberg FHSK, Norge<br \/>20\/3 \u2013 Frilagret, G\u00f6teborg<br \/>21\/3 \u2013 M\/S G\u00f6tapetter, G\u00f6teborg<\/p><\/div>\n\n<\/div>\n<div class=\"col-4\">\n\t<img decoding=\"async\" src=\"https:\/\/nordiska.fhsk.se\/sang-scen\/wp-content\/uploads\/sites\/6\/2020\/02\/dolori-och-susanna-300x200.jpeg\" alt=\"https:\/\/nordiska.fhsk.se\/sang-scen\/wp-content\/uploads\/sites\/6\/2020\/02\/dolori-och-susanna-300x200.jpeg\" width=\"300\" \/><div class=\"text-block\">\n\t<p><strong>PARBILDNING - en f\u00f6rest\u00e4llning om beg\u00e4r och besv\u00e4r<\/strong><br \/>Bokningsinfo<br \/>F\u00f6lj oss<\/p><p dir=\"ltr\">Med hj\u00e4lp av egna och andra kvinnliga upphovsmakares s\u00e5nger benar de ut parbildningens berg-och-dalbana pr\u00e4glad av just beg\u00e4r och besv\u00e4r. Fokus \u00e4r den romantiska parbildningen och att bilda, roa och ber\u00f6ra \u00e4r syftet.<br \/>Medverkande: Dolori Marinovic, Susanna Hillbom<\/p><p><strong>Turn\u00e9plan:<\/strong><br \/>12\/3 kl 19 Kung\u00e4lvs teaterf\u00f6rening - Mikklag\u00e5rd, Nordiska fhsk<br \/>17\/3 kl 18 Fr\u00f6lunda kulturhus, G\u00f6teborg<br \/>21\/4 kl 19 Folk (Folkteaterns foaj\u00e9), G\u00f6teborg<br \/>30\/5 kl 18 QRAB\u00a0st\u00f6dfest - Viktoriahuset, Hagabion, G\u00f6teborg<\/p><\/div>\n\n<\/div>\n<\/div>\t<\/div>\n<\/section>\n\n\n","protected":false},"excerpt":{"rendered":"<p>Risk f\u00f6r inst\u00e4llda konserter!P\u00e5 grund av risk f\u00f6r coronasmitta \u00e4r m\u00e5nga av konserterna inst\u00e4llda. Exempelvis alla konserter i Finland och Norge. Har du t\u00e4nkt att bes\u00f6ka n\u00e5gon av konserterna, kolla upp med respektive turn\u00e9grupp, tex via deras facebooksida s\u00e5 att den s\u00e4kert genomf\u00f6rs.VISSKOLAN \u00c5KER P\u00c5 TURN\u00c9!Nu \u00e5ker Visskolan p\u00e5 turn\u00e9 i Norden! De fem turn\u00e9grupperna [&hellip;]<\/p>\n","protected":false},"author":22,"featured_media":0,"parent":0,"menu_order":0,"comment_status":"closed","ping_status":"closed","template":"","meta":{"_exactmetrics_skip_tracking":false,"_exactmetrics_sitenote_active":false,"_exactmetrics_sitenote_note":"","_exactmetrics_sitenote_category":0,"footnotes":""},"class_list":["post-2368","page","type-page","status-publish","hentry"],"acf":[],"_links":{"self":[{"href":"https:\/\/nordiska.fhsk.se\/sang-scen\/wp-json\/wp\/v2\/pages\/2368","targetHints":{"allow":["GET"]}}],"collection":[{"href":"https:\/\/nordiska.fhsk.se\/sang-scen\/wp-json\/wp\/v2\/pages"}],"about":[{"href":"https:\/\/nordiska.fhsk.se\/sang-scen\/wp-json\/wp\/v2\/types\/page"}],"author":[{"embeddable":true,"href":"https:\/\/nordiska.fhsk.se\/sang-scen\/wp-json\/wp\/v2\/users\/22"}],"replies":[{"embeddable":true,"href":"https:\/\/nordiska.fhsk.se\/sang-scen\/wp-json\/wp\/v2\/comments?post=2368"}],"version-history":[{"count":5,"href":"https:\/\/nordiska.fhsk.se\/sang-scen\/wp-json\/wp\/v2\/pages\/2368\/revisions"}],"predecessor-version":[{"id":2467,"href":"https:\/\/nordiska.fhsk.se\/sang-scen\/wp-json\/wp\/v2\/pages\/2368\/revisions\/2467"}],"wp:attachment":[{"href":"https:\/\/nordiska.fhsk.se\/sang-scen\/wp-json\/wp\/v2\/media?parent=2368"}],"curies":[{"name":"wp","href":"https:\/\/api.w.org\/{rel}","templated":true}]}}