{"id":3519,"date":"2022-03-01T11:48:36","date_gmt":"2022-03-01T10:48:36","guid":{"rendered":"https:\/\/nordiska.fhsk.se\/sang-scen\/?page_id=3519"},"modified":"2022-03-08T21:36:17","modified_gmt":"2022-03-08T20:36:17","slug":"visturneer-2022","status":"publish","type":"page","link":"https:\/\/nordiska.fhsk.se\/sang-scen\/visturneer-2022\/","title":{"rendered":"Visturn\u00e9er 2022"},"content":{"rendered":"<section class=\"site-section\" >\n\t<div class=\"container\">\n\t\t\n<div class=\"row\">\n\t<div class=\"col-12\">\n\t<div class=\"text-block\">\n\t<p>V\u00e5ren 2022 arbetar Nordiska Visskolan med konsertprojekt i mindre grupper som kommer att \u00e5ka p\u00e5 turn\u00e9 den 9-20\/3! F\u00f6lj \u00e4ventyret p\u00e5 Visskolans Instagram och Facebook, och kolla in grupperna nedan f\u00f6r turn\u00e9planer!<\/p><p>Vill du boka en konsert med n\u00e5gon av grupperna? Vi bes\u00f6ker g\u00e4rna skolor, visklubbar, pubar, kulturhus, vardagsrum, f\u00f6reningar \u2013 alla m\u00f6jliga sammanhang d\u00e4r musik som vill ber\u00e4tta n\u00e5got kan passa och beh\u00f6vas! Kontakta grupperna direkt!<\/p><\/div>\n\n<\/div>\n<\/div>\n<div class=\"row\">\n\t<div class=\"col-4\">\n\t<img decoding=\"async\" src=\"https:\/\/nordiska.fhsk.se\/sang-scen\/wp-content\/uploads\/sites\/6\/2022\/03\/solkattmindre-scaled-e1646211538608-300x200.jpg\" alt=\"https:\/\/nordiska.fhsk.se\/sang-scen\/wp-content\/uploads\/sites\/6\/2022\/03\/solkattmindre-scaled-e1646211538608-300x200.jpg\" width=\"300\" \/><div class=\"text-block\">\n\t<p><strong>SOLKATT<br \/><a href=\"https:\/\/nordiska.fhsk.se\/sang-scen\/wp-content\/uploads\/sites\/6\/2022\/03\/infoblad-solkatt.pdf\">Infoblad Solkatt<\/a><br \/>Kontakt: solkatt.musik@gmail.com<br \/>F\u00f6lj oss p\u00e5 Instagram @solkatt.turne<\/strong><br \/>Som en solkatt kan ljuset reflekteras annorlunda beroende p\u00e5 vad det reflekteras i. Precis som v\u00e5r bild av oss sj\u00e4lva \u00e4ndras beroende p\u00e5 vilka delar vi v\u00e4ljer att kolla p\u00e5. Med st\u00e4ms\u00e5ng, gitarr, bas och betydelsefulla texter spelar, sjunger och rappar om vikten av att blicka in\u00e5t och ut\u00e5t i v\u00e4rlden.<br \/>Medverkande: Marion Gjertsen, Lowe Svensson, Dante L\u00e4rka och Linn\u00e9a Johansson<\/p><p><strong>Turn\u00e9plan: <\/strong><br \/>9\/3 Stenungsund @Ti Amo<br \/>10\/3 Trollh\u00e4ttan @Magnus \u00c5bergsgymnasiet<br \/>10\/3 G\u00f6teborg @Frilagret<br \/>11\/3 Lidk\u00f6ping @De la Gardiegymnasiet<br \/>11\/3 Lidk\u00f6ping @Josefs Pub<br \/>12\/3 Livestream via Youtube. L\u00e4nk kommer.<br \/>14\/3 Kung\u00e4lv @Ytterby Skolan<br \/>14\/3 V\u00e4stra Fr\u00f6lunda @Kaf\u00e9 Kultan<br \/>15\/3 G\u00f6teborg @Rytmus Gymnasium<br \/>15\/3 Malm\u00f6 @M\u00e4ssingshornet<br \/>16\/3 Malm\u00f6 folkh\u00f6gskola<br \/>16\/3 \u00d6land Folkh\u00f6gskola<br \/>17\/3 Antikvariatet Carlshamn<br \/>18\/3 Ystad @Hammenh\u00f6gs G\u00e4stgivareg\u00e5rd<br \/>18\/3 \u00c5lderdomshem \u00c4ngelholm<br \/>19\/3 S\u00f6lvesborg @Gamla Skofabriken<br \/>20\/3 Karlshamn @Folkets Hus<\/p><div><\/div><div><\/div><\/div>\n\n<\/div>\n<div class=\"col-4\">\n\t<img decoding=\"async\" src=\"https:\/\/nordiska.fhsk.se\/sang-scen\/wp-content\/uploads\/sites\/6\/2022\/03\/faglar-och-frihet-bild-scaled-e1646136962505-300x200.jpg\" alt=\"https:\/\/nordiska.fhsk.se\/sang-scen\/wp-content\/uploads\/sites\/6\/2022\/03\/faglar-och-frihet-bild-scaled-e1646136962505-300x200.jpg\" width=\"300\" \/><div class=\"text-block\">\n\t<p><strong>F\u00c5GLAR OCH FRIHET<br \/><a href=\"https:\/\/nordiska.fhsk.se\/sang-scen\/wp-content\/uploads\/sites\/6\/2022\/03\/infoblad-faglar-och-frihet.pdf\">Infoblad F\u00e5glar och frihet<\/a><br \/>Kontakt:<br \/>F\u00f6lj oss p\u00e5 <\/strong><br \/>F\u00e5geln \u00e4r f\u00f6r m\u00e5nga en symbol f\u00f6r den ultimata friheten. Under v\u00e5r konsert tar f\u00e5geln med oss till olika ljudlandskap och texter, alltifr\u00e5n det vackra och sk\u00f6ra till det r\u00e5a och \u00e4rliga. F\u00e5geln uppmanar oss att visa oss s\u00e5rbara, stolta och fria. L\u00e5tarna vi presenterar kommer vara en blandning av pop-ballader p\u00e5 engelska, traditionella visor och egenskrivet material.<br \/>Medverkande: Sara Bylund, Vendela Neij och Alicia Elfversson.<\/p><p><strong>Turn\u00e9plan: <\/strong><br \/>10\/3 Fr\u00f6lunda kulturhus 18.00<br \/>11\/3 Mimers Technescenen 17.00<br \/>12\/3 Vajberiet 18.00<br \/>15\/3 J\u00f6nk\u00f6pings kulturhus 19.00<br \/>16\/3 S\u00f6r\u00e4ngens folkh\u00f6gskola, N\u00e4ssj\u00f6  18.00<br \/>20\/3 Kustens hus G\u00f6teborg 14.00<\/p><\/div>\n\n<\/div>\n<div class=\"col-4\">\n\t<img decoding=\"async\" src=\"https:\/\/nordiska.fhsk.se\/sang-scen\/wp-content\/uploads\/sites\/6\/2022\/03\/pa-vag-e1646136712987-300x200.png\" alt=\"https:\/\/nordiska.fhsk.se\/sang-scen\/wp-content\/uploads\/sites\/6\/2022\/03\/pa-vag-e1646136712987-300x200.png\" width=\"300\" \/><div class=\"text-block\">\n\t<p><strong>P\u00c5 V\u00c4G<br \/>Infoblad<br \/>Kontakt:<br \/>F\u00f6lj oss<\/strong><br \/>Vi \u00e4r alla p\u00e5 v\u00e4g n\u00e5gonstans. Alla har vi v\u00e5rt eget bagage att b\u00e4ra. Det kan vara tungt eller l\u00e4tt, h\u00e4rligt eller f\u00f6rf\u00e4rligt, angen\u00e4mt eller obekv\u00e4mt, det kan b\u00e4ras med gl\u00e4dje eller sorg. Vart \u00e4r du p\u00e5 v\u00e4g? I v\u00e5rt program utforskar vi hopp och f\u00f6rtvivlan i b\u00e5de svenska och engelska texter, nya och gamla melodier och s\u00e5v\u00e4l egenskrivna som andras texter.<br \/>Medverkande: Karoliina Alstermo, Linnea Berbres K\u00e5relid, Patrick Fransesconi och Dennis Alstermo<\/p><p><strong>Turn\u00e9plan: <\/strong><br \/>9\/3 19:00 Kvistr\u00f6ms g\u00e4stgiveri, Munkedal<br \/>10\/3 19:00 Sj\u00e4lvf\u00f6rvaltningsf\u00f6reningen P\u00e4ls\u00e4ngern, G\u00f6teborg<br \/>11\/3 18:00 & 20:00 Oceanen S\u00e5nger fr\u00e5n andra v\u00e5ningen, G\u00f6teborg<br \/>12\/3 19:00 Kollektivhuset Tr\u00e4det, Kortedala, G\u00f6teborg<br \/>13\/3 15:00 \u00d6gat, Gamlestaden, G\u00f6teborg<br \/>14\/3 14:00 Sankt Johanneskyrkan, G\u00f6teborg<br \/>15\/3 Nordiska folkh\u00f6gskolan, Kung\u00e4lv (St\u00e4ngt evenemang)<br \/>16\/3 19:00 Restaurang Ti amo, Stenungsund<br \/>18\/3 17:00 Mimers hus, Kung\u00e4lv<br \/>19\/3 16:00 Svarta \u00f6rns ordern, G\u00f6teborg<br \/>20\/3 16:30 Kollektivhuset Stacken, Bergsj\u00f6n, G\u00f6teborg<br \/>21\/3 13:00 Nordiska folkh\u00f6gskolan, Kung\u00e4lv<br \/>23\/3 18:00 Nordiska folkh\u00f6gskolan, Kung\u00e4lv<\/p><\/div>\n\n<\/div>\n<\/div>\t<\/div>\n<\/section>\n\n\n","protected":false},"excerpt":{"rendered":"<p>V\u00e5ren 2022 arbetar Nordiska Visskolan med konsertprojekt i mindre grupper som kommer att \u00e5ka p\u00e5 turn\u00e9 den 9-20\/3! F\u00f6lj \u00e4ventyret p\u00e5 Visskolans Instagram och Facebook, och kolla in grupperna nedan f\u00f6r turn\u00e9planer!Vill du boka en konsert med n\u00e5gon av grupperna? Vi bes\u00f6ker g\u00e4rna skolor, visklubbar, pubar, kulturhus, vardagsrum, f\u00f6reningar \u2013 alla m\u00f6jliga sammanhang d\u00e4r musik [&hellip;]<\/p>\n","protected":false},"author":22,"featured_media":0,"parent":0,"menu_order":0,"comment_status":"closed","ping_status":"closed","template":"","meta":{"_exactmetrics_skip_tracking":false,"_exactmetrics_sitenote_active":false,"_exactmetrics_sitenote_note":"","_exactmetrics_sitenote_category":0,"footnotes":""},"class_list":["post-3519","page","type-page","status-publish","hentry"],"acf":[],"_links":{"self":[{"href":"https:\/\/nordiska.fhsk.se\/sang-scen\/wp-json\/wp\/v2\/pages\/3519","targetHints":{"allow":["GET"]}}],"collection":[{"href":"https:\/\/nordiska.fhsk.se\/sang-scen\/wp-json\/wp\/v2\/pages"}],"about":[{"href":"https:\/\/nordiska.fhsk.se\/sang-scen\/wp-json\/wp\/v2\/types\/page"}],"author":[{"embeddable":true,"href":"https:\/\/nordiska.fhsk.se\/sang-scen\/wp-json\/wp\/v2\/users\/22"}],"replies":[{"embeddable":true,"href":"https:\/\/nordiska.fhsk.se\/sang-scen\/wp-json\/wp\/v2\/comments?post=3519"}],"version-history":[{"count":5,"href":"https:\/\/nordiska.fhsk.se\/sang-scen\/wp-json\/wp\/v2\/pages\/3519\/revisions"}],"predecessor-version":[{"id":3593,"href":"https:\/\/nordiska.fhsk.se\/sang-scen\/wp-json\/wp\/v2\/pages\/3519\/revisions\/3593"}],"wp:attachment":[{"href":"https:\/\/nordiska.fhsk.se\/sang-scen\/wp-json\/wp\/v2\/media?parent=3519"}],"curies":[{"name":"wp","href":"https:\/\/api.w.org\/{rel}","templated":true}]}}