{"id":4277,"date":"2024-01-15T20:46:06","date_gmt":"2024-01-15T19:46:06","guid":{"rendered":"https:\/\/nordiska.fhsk.se\/sang-scen\/?page_id=4277"},"modified":"2024-03-01T11:16:02","modified_gmt":"2024-03-01T10:16:02","slug":"visturneer-2024","status":"publish","type":"page","link":"https:\/\/nordiska.fhsk.se\/sang-scen\/visturneer-2024\/","title":{"rendered":"Visturn\u00e9er 2024"},"content":{"rendered":"<section class=\"site-section\" >\n\t<div class=\"container\">\n\t\t\n<div class=\"row\">\n\t<div class=\"col-12\">\n\t<div class=\"text-block\">\n\t<p>V\u00e5ren 2024 arbetar Nordiska Visskolan med konsertprojekt i mindre grupper som kommer att \u00e5ka p\u00e5 turn\u00e9 den 2-17 mars! F\u00f6lj \u00e4ventyret p\u00e5 Visskolans Instagram och kolla in grupperna nedan f\u00f6r turn\u00e9planer!<\/p><p>Vi avslutar med en gemensam turn\u00e9final f\u00f6r alla grupperna 26\/3 kl 19.00 p\u00e5 Caf\u00e9 H\u00e4ngmattan i G\u00f6teborg<\/p><p>Vill du boka en konsert med n\u00e5gon av grupperna? Vi bes\u00f6ker g\u00e4rna skolor, visklubbar, pubar, kulturhus, vardagsrum, f\u00f6reningar \u2013 alla m\u00f6jliga sammanhang d\u00e4r musik som vill ber\u00e4tta n\u00e5got kan passa och beh\u00f6vas! Kontakta linjeledare Maud Lindstr\u00f6m (maud.lindstrom@nordiska.fhsk.se) eller grupperna direkt med din f\u00f6rfr\u00e5gan!<\/p><\/div>\n\n<\/div>\n<\/div>\n<div class=\"row\">\n\t<div class=\"col-4\">\n\t<img decoding=\"async\" src=\"https:\/\/nordiska.fhsk.se\/sang-scen\/wp-content\/uploads\/sites\/6\/2024\/01\/mg5159-1-klippt-scaled-300x200.jpg\" alt=\"https:\/\/nordiska.fhsk.se\/sang-scen\/wp-content\/uploads\/sites\/6\/2024\/01\/mg5159-1-klippt-scaled-300x200.jpg\" width=\"300\" \/><div class=\"text-block\">\n\t<p><strong>L\u00c5T ST\u00c5!<br \/>Boka p\u00e5 latstabokning@gmail.com<\/strong><br \/><strong>F\u00f6lj oss p\u00e5 Instagram: latsta_turne<\/strong><br \/>Sm\u00e5stads\u00e5ngest, sena n\u00e4tter p\u00e5 2-l\u00e5nggatan och k\u00e4nslan av nytv\u00e4ttade lakan. Med texten i fokus men med smak av sv\u00e4ngig bas, glittrigt gitarrspel, indie, vispop, jazz och rock av fem l\u00e5tskrivare.<br \/>Medverkande: Alice Berglund, Wilmer Jeppsson, Hilma Phal\u00e9n, Ester Haslund Gjerild och Wilma Bj\u00f6rklund<\/p><p><strong>TURN\u00c9PLAN:<br \/><\/strong>2\/3 Musikhuzet, Bornholm<br \/>3\/3 Bornholms H\u00f6yskole<br \/>5\/3 M\u00e4ssingshornet, Malm\u00f6<br \/>7\/3 Hotell G\u00e4stis, Varberg<br \/>9\/3 Visklubben Skeppet, Halmstad<br \/>13\/3 Bl\u00e5 st\u00e4llet, Angered<br \/>14\/3 Hisingens visklubb, G\u00f6teborg<br \/>15\/3 Fyrens \u00f6lcaf\u00e9, G\u00f6teborg<br \/>16\/3 Caf\u00e9 Mellemrummet, K\u00f6penhamn<br \/>17\/3 Visans v\u00e4nner, Malm\u00f6<br \/>20\/3 Unge viser, SALT, Oslo<\/p><\/div>\n\n<\/div>\n<div class=\"col-4\">\n\t<img decoding=\"async\" src=\"https:\/\/nordiska.fhsk.se\/sang-scen\/wp-content\/uploads\/sites\/6\/2024\/01\/trio-de-la-gota-small-scaled-300x200.jpg\" alt=\"https:\/\/nordiska.fhsk.se\/sang-scen\/wp-content\/uploads\/sites\/6\/2024\/01\/trio-de-la-gota-small-scaled-300x200.jpg\" width=\"300\" \/><div class=\"text-block\">\n\t<p><strong>TRIO DE LA G\u00d6TA<br \/>Bokningsinfo:<\/strong><br \/><strong>F\u00f6lj oss p\u00e5 Instagram: trio.delagota<br \/><\/strong><span style=\"font-weight: 400;\">En konsert inspirerad av Evert Taubes visor om Fritiof Anderssons bravader och \u00e4ventyr. S\u00e5nger<\/span><span style=\"font-weight: 400;\">\u00a0om l\u00e4ngtan, saknad, frihet och k\u00e4rlek fr\u00e5n hela v\u00e4rlden, ackompanjerade av kontrabas, gitarr, piano och munspel. <\/span><span style=\"font-weight: 400;\"><br \/><\/span><span style=\"font-weight: 400;\">Medverkande: Hannes Westlund, Natalie Almskog och Maya Estrela.<\/span><\/p><p><strong>TURN\u00c9PLAN:<br \/><\/strong><span style=\"font-weight: 400;\">2\/3 Kaffe Kid, G\u00f6teborg<br \/><\/span><span style=\"font-weight: 400;\">7\/3 Maisis Vardagsrum, Olso<br \/><\/span><span style=\"font-weight: 400;\">9\/3 Visklubb, <\/span><span style=\"font-weight: 400;\">Halden<\/span><span style=\"font-weight: 400;\"><br \/><\/span><span style=\"font-weight: 400;\">12\/3 St Clara Bierhaus, Stockholm<br \/><\/span><span style=\"font-weight: 400;\">13\/3\u00a0 Lammhult Folkets hus<br \/><\/span><span style=\"font-weight: 400;\">14\/3 Alvesta Folkets hus<br \/><\/span><span style=\"font-weight: 400;\">15-17\/3 Sm\u00e5land<br \/><\/span><span style=\"font-weight: 400;\">21\/3 Riksteatern, Kung\u00e4lv<br \/><\/span><span style=\"font-weight: 400;\">23\/3 \u00c4lv\u00e4ngen<\/span><\/p><\/div>\n\n<\/div>\n<div class=\"col-4\">\n\t<img decoding=\"async\" src=\"https:\/\/nordiska.fhsk.se\/sang-scen\/wp-content\/uploads\/sites\/6\/2024\/01\/rakmackaren-mindre-tung-scaled-300x200.jpg\" alt=\"https:\/\/nordiska.fhsk.se\/sang-scen\/wp-content\/uploads\/sites\/6\/2024\/01\/rakmackaren-mindre-tung-scaled-300x200.jpg\" width=\"300\" \/><div class=\"text-block\">\n\t<p><span style=\"font-weight: 400;\"><strong>R\u00c4KMACKAP\u00c4REN<\/strong><br \/><strong>Boka p\u00e5 r\u00e4kmackap\u00e4ren@gmail.com<\/strong><br \/><strong>F\u00f6lj oss p\u00e5 Instagram:\u00a0 rakmackaparen<\/strong><br \/>Beredda att dela med oss av betraktelser och life-hacks bjuder vi p\u00e5 en avskalad konsert om det som br\u00e4nner i v\u00e5ra liv. Allt blir vackert till gitarrkomp - barnlekar och f\u00e5f\u00e4nga, k\u00e4rlek och v\u00e5rvinter.<br \/>Medverkande: Morgan Knudsen, Grynet Sp\u00e5ngberg, Vide Larsson Kinnander, Ludvig Kjaer Helgstrand, Lilja Bergquist<br \/><\/span><\/p><p><strong>TURN\u00c9PLAN:<br \/><\/strong>5\/3 Olinsgymnasiet, Skara<br \/>5\/3 Visans v\u00e4nner, Mariestad<br \/>6\/3 Tr\u00e4ffpunkten, Norrk\u00f6ping<br \/>6\/3 Bj\u00f6rks\u00e4tter, Norrk\u00f6ping<br \/>7\/3 Furingstad f\u00f6rsamlingshem, Norrk\u00f6ping<br \/>11\/3 Luckan, Helsingfors, Finland<br \/>12\/3 Folkakademien, Borg\u00e5, Finland<br \/>14\/3 S\u00f6r\u00e4ngens folkh\u00f6gskola, N\u00e4ssj\u00f6<br \/>16\/3 Janssons musik, Uddevalla<br \/>16\/3 Nordiska folkh\u00f6gskolan, Kung\u00e4lv<\/p><\/div>\n\n<\/div>\n<\/div>\n<div class=\"row\">\n\t<div class=\"col-4\">\n\t<img decoding=\"async\" src=\"https:\/\/nordiska.fhsk.se\/sang-scen\/wp-content\/uploads\/sites\/6\/2024\/03\/richard-rasmus-alex-5-300x200.jpg\" alt=\"https:\/\/nordiska.fhsk.se\/sang-scen\/wp-content\/uploads\/sites\/6\/2024\/03\/richard-rasmus-alex-5-300x200.jpg\" width=\"300\" \/><div class=\"text-block\">\n\t<p><strong>RICHARD, RASMUS &amp; ALEXANDER<br \/>Bokningsinfo<\/strong><br \/>Nya, gamla och egna visor med s\u00e5ng och gitarr.<br \/>Medverkande: Richard Matsson, Rasmus Schr\u00f6der och Alexander Witzel<\/p><p><strong>TURN\u00c9PLAN:<br \/><\/strong>7\/3 Kontakten, Kung\u00e4lv (Richard solo)<br \/>8\/3 Malm\u00f6 (Rasmus solo)<br \/>11\/3 Kulturhuset Fregatten, Stenungssund<br \/>13\/3 G\u00f6teborgs Folkh\u00f6gskola<br \/>14\/3 Hisingens visklubb, G\u00f6teborg<\/p><div><\/div><div><\/div><div><\/div><p><strong>\u00a0<\/strong><\/p><\/div>\n\n<\/div>\n<\/div>\t<\/div>\n<\/section>\n\n\n","protected":false},"excerpt":{"rendered":"<p>V\u00e5ren 2024 arbetar Nordiska Visskolan med konsertprojekt i mindre grupper som kommer att \u00e5ka p\u00e5 turn\u00e9 den 2-17 mars! F\u00f6lj \u00e4ventyret p\u00e5 Visskolans Instagram och kolla in grupperna nedan f\u00f6r turn\u00e9planer!Vi avslutar med en gemensam turn\u00e9final f\u00f6r alla grupperna 26\/3 kl 19.00 p\u00e5 Caf\u00e9 H\u00e4ngmattan i G\u00f6teborgVill du boka en konsert med n\u00e5gon av grupperna? [&hellip;]<\/p>\n","protected":false},"author":22,"featured_media":0,"parent":0,"menu_order":0,"comment_status":"closed","ping_status":"closed","template":"","meta":{"_exactmetrics_skip_tracking":false,"_exactmetrics_sitenote_active":false,"_exactmetrics_sitenote_note":"","_exactmetrics_sitenote_category":0,"footnotes":""},"class_list":["post-4277","page","type-page","status-publish","hentry"],"acf":[],"_links":{"self":[{"href":"https:\/\/nordiska.fhsk.se\/sang-scen\/wp-json\/wp\/v2\/pages\/4277","targetHints":{"allow":["GET"]}}],"collection":[{"href":"https:\/\/nordiska.fhsk.se\/sang-scen\/wp-json\/wp\/v2\/pages"}],"about":[{"href":"https:\/\/nordiska.fhsk.se\/sang-scen\/wp-json\/wp\/v2\/types\/page"}],"author":[{"embeddable":true,"href":"https:\/\/nordiska.fhsk.se\/sang-scen\/wp-json\/wp\/v2\/users\/22"}],"replies":[{"embeddable":true,"href":"https:\/\/nordiska.fhsk.se\/sang-scen\/wp-json\/wp\/v2\/comments?post=4277"}],"version-history":[{"count":5,"href":"https:\/\/nordiska.fhsk.se\/sang-scen\/wp-json\/wp\/v2\/pages\/4277\/revisions"}],"predecessor-version":[{"id":4354,"href":"https:\/\/nordiska.fhsk.se\/sang-scen\/wp-json\/wp\/v2\/pages\/4277\/revisions\/4354"}],"wp:attachment":[{"href":"https:\/\/nordiska.fhsk.se\/sang-scen\/wp-json\/wp\/v2\/media?parent=4277"}],"curies":[{"name":"wp","href":"https:\/\/api.w.org\/{rel}","templated":true}]}}