{"id":1145,"date":"2017-01-31T21:07:01","date_gmt":"2017-01-31T20:07:01","guid":{"rendered":"http:\/\/nordiska.fhsk.se\/teater\/om-oss\/hitta-hit\/"},"modified":"2021-07-01T12:52:26","modified_gmt":"2021-07-01T10:52:26","slug":"hitta-hit","status":"publish","type":"page","link":"https:\/\/nordiska.fhsk.se\/teater\/om-oss\/hitta-hit\/","title":{"rendered":"Hitta hit"},"content":{"rendered":"<section class=\"site-section\" >\n\t<div class=\"container\">\n\t\t\n<div class=\"row\">\n\t<div class=\"col-6\">\n\t<div class=\"text-block\">\n\t<h3><strong>\u00c5ker du kollektivt<\/strong><\/h3><p>Fr\u00e5n centrala G\u00f6teborg \u00e5ker du <a href=\"https:\/\/www.vasttrafik.se\/reseplanering\/reseplaneraren\/\" target=\"_blank\" rel=\"noopener\"><span style=\"color: #008000;\">expressbuss X4<\/span><\/a> mot Kung\u00e4lv. Om du \u00e5ker till en h\u00e5llplats som heter Eriksdal s\u00e5 beh\u00f6ver du bara betala lokaltaxa, och s\u00e5 f\u00e5r du en promenad p\u00e5 15 min till skolan.<\/p><p>Forts\u00e4tt att g\u00e5 p\u00e5 samma v\u00e4g som bussen k\u00f6r, g\u00e5 \u00f6ver en bro och s\u00e5 en liten bro till. G\u00e5 till h\u00f6ger mellan hotellet och kyrkan in p\u00e5 <em>\u00d6stra Gatan<\/em>, sv\u00e4ng sedan v\u00e4nster upp p\u00e5 <em>K\u00e4lliden <\/em>som snart blir en outh\u00e4rdligt brant backe. Forts\u00e4tt hela v\u00e4gen upp n\u00e4r v\u00e4gen blir en g\u00e5ngv\u00e4g, upp f\u00f6r trapporna, och du \u00e4r framme. Rakt fram ligger skolans huvudbyggnad, och till v\u00e4nster upp f\u00f6r en liten backe till ligger Yggdrasil d\u00e4r teatern h\u00e5ller till. V\u00e4lkommen!<\/p><\/div>\n\n<\/div>\n<div class=\"col-6\">\n\t<div class=\"text-block\">\n\t<h3>\u00c5ker du bil<\/h3><p>Fr\u00e5n G\u00f6teborg k\u00f6r du norrut, f\u00f6rsta avfarten mot Kung\u00e4lv. \u00c5k in i Kung\u00e4lv, f\u00f6rbi kexfabriken genom ett par rondeller. I rondellen vid stadshuset sv\u00e4nger du h\u00f6ger upp f\u00f6r backen. F\u00f6lj skyltarna till skolan.<\/p><p>Fr\u00e5n Oslo tar du avfarten till Kung\u00e4lv, k\u00f6r in i centrum, och i rondellen vid stadshuset sv\u00e4nger du v\u00e4nster upp f\u00f6r backen.\u00a0F\u00f6lj skyltarna till skolan.<\/p><\/div>\n\n<\/div>\n<\/div>\n<div class=\"row\">\n\t<div class=\"col-12\">\n\t<div class=\"fw-map\" data-locations=\"[{&quot;title&quot;:&quot;&quot;,&quot;url&quot;:&quot;&quot;,&quot;thumb&quot;:false,&quot;coordinates&quot;:{&quot;lat&quot;:57.8663151,&quot;lng&quot;:12.0013937},&quot;description&quot;:&quot;&quot;}]\" data-map-type=\"TERRAIN\" data-map-height=\"300\" data-gmap-key=\"AIzaSyBBu4Lk6SyCnfNPFc8QcP_E-cBSRQfU5M4\" data-disable-scrolling=\"\" >\n\t<div class=\"fw-map-canvas\"><\/div>\n<\/div><\/div>\n<\/div>\t<\/div>\n<\/section>\n\n\n","protected":false},"excerpt":{"rendered":"<p>\u00c5ker du kollektivtFr\u00e5n centrala G\u00f6teborg \u00e5ker du expressbuss X4 mot Kung\u00e4lv. Om du \u00e5ker till en h\u00e5llplats som heter Eriksdal s\u00e5 beh\u00f6ver du bara betala lokaltaxa, och s\u00e5 f\u00e5r du en promenad p\u00e5 15 min till skolan.Forts\u00e4tt att g\u00e5 p\u00e5 samma v\u00e4g som bussen k\u00f6r, g\u00e5 \u00f6ver en bro och s\u00e5 en liten bro till. [&hellip;]<\/p>\n","protected":false},"author":11,"featured_media":0,"parent":147,"menu_order":4,"comment_status":"closed","ping_status":"closed","template":"","meta":{"_exactmetrics_skip_tracking":false,"_exactmetrics_sitenote_active":false,"_exactmetrics_sitenote_note":"","_exactmetrics_sitenote_category":0,"footnotes":""},"class_list":["post-1145","page","type-page","status-publish","hentry"],"acf":[],"_links":{"self":[{"href":"https:\/\/nordiska.fhsk.se\/teater\/wp-json\/wp\/v2\/pages\/1145","targetHints":{"allow":["GET"]}}],"collection":[{"href":"https:\/\/nordiska.fhsk.se\/teater\/wp-json\/wp\/v2\/pages"}],"about":[{"href":"https:\/\/nordiska.fhsk.se\/teater\/wp-json\/wp\/v2\/types\/page"}],"author":[{"embeddable":true,"href":"https:\/\/nordiska.fhsk.se\/teater\/wp-json\/wp\/v2\/users\/11"}],"replies":[{"embeddable":true,"href":"https:\/\/nordiska.fhsk.se\/teater\/wp-json\/wp\/v2\/comments?post=1145"}],"version-history":[{"count":6,"href":"https:\/\/nordiska.fhsk.se\/teater\/wp-json\/wp\/v2\/pages\/1145\/revisions"}],"predecessor-version":[{"id":3675,"href":"https:\/\/nordiska.fhsk.se\/teater\/wp-json\/wp\/v2\/pages\/1145\/revisions\/3675"}],"up":[{"embeddable":true,"href":"https:\/\/nordiska.fhsk.se\/teater\/wp-json\/wp\/v2\/pages\/147"}],"wp:attachment":[{"href":"https:\/\/nordiska.fhsk.se\/teater\/wp-json\/wp\/v2\/media?parent=1145"}],"curies":[{"name":"wp","href":"https:\/\/api.w.org\/{rel}","templated":true}]}}