{"id":151,"date":"2017-01-08T20:10:53","date_gmt":"2017-01-08T19:10:53","guid":{"rendered":"http:\/\/nordiska.fhsk.se\/teater\/?page_id=151"},"modified":"2020-12-30T12:59:31","modified_gmt":"2020-12-30T11:59:31","slug":"gastlarare","status":"publish","type":"page","link":"https:\/\/nordiska.fhsk.se\/teater\/om-oss\/gastlarare\/","title":{"rendered":"L\u00e4rare"},"content":{"rendered":"<section class=\"site-section\" >\n\t<div class=\"container\">\n\t\t\n<div class=\"row\">\n\t<div class=\"col-3\">\n\t<img decoding=\"async\" src=\"https:\/\/nordiska.fhsk.se\/teater\/wp-content\/uploads\/sites\/5\/2017\/01\/larare-6-200x250.jpg\" alt=\"https:\/\/nordiska.fhsk.se\/teater\/wp-content\/uploads\/sites\/5\/2017\/01\/larare-6-200x250.jpg\" width=\"200\" \/><\/div>\n<div class=\"col-6\">\n\t\n    <div class=\"divider space\" style=\"padding-top: 50px;\"><\/div>\n\n<div class=\"text-block\">\n\t<div class=\"ezcol ezcol-one-half ezcol-last\"><p><strong>Svante Grogarn<\/strong>\u00a0\u00e4r regiss\u00f6r och scenograf\/ljusdesigner med stor erfarenhet av undervisning i sk\u00e5despeleri. Han har arbetat i en m\u00e4ngd olika sammanhang i ett tjugotal l\u00e4nder, med institutioner s\u00e5v\u00e4l som med fria grupper \u2013 bl.a. p\u00e5 Teaterh\u00f6gskolan och Musikh\u00f6gskolan i G\u00f6teborg, G\u00f6teborgs Stadsteater, Teater Albatross, \u00d6gonblicksteatern, G\u00f6teborgs Symfoniker, Stockholms Filharmonin, Sveriges Radio och SVT. Svante \u00e4r utbildad handledare av systemiska konstellationer och Bert Hellingers metodik.<\/p><p>Svante Grogarn \u00e4r linjeledare f\u00f6r teaterskolan och bitr\u00e4dande rektor f\u00f6r Nordiska Folkh\u00f6gskolan Han leder Nordiska Teaterskolans arbete och undervisar i r\u00f6relsebaserad sk\u00e5despelartr\u00e4ning och regihandledning.<\/p><\/div><div class=\"ezcol-divider\"><\/div><div class=\"ezcol ezcol-one-quarter\"><\/div><\/div>\n\n<\/div>\n<\/div>\n<div class=\"row\">\n\t<div class=\"col-12\">\n\t\n    <div class=\"divider text_line \"><span class=\"divider-title\">G\u00e4stl\u00e4rare<\/span><\/div>\n\n<\/div>\n<\/div>\n<div class=\"row\">\n\t<div class=\"col-9\">\n\t<div class=\"text-block\">\n\t<h5>P\u00e5 teaterskolans olika kurser arbetar m\u00e5nga\u00a0g\u00e4stl\u00e4rare. Vissa \u00e5terkommer varje \u00e5r, andra mer oregelbundet. H\u00e4r presenteras n\u00e5gra som arbetat hos oss de senaste \u00e5ren.<\/h5><\/div>\n\n\n    <div class=\"divider space\" style=\"padding-top: 30px;\"><\/div>\n\n<\/div>\n<div class=\"col-3\">\n\t<\/div>\n<\/div>\n<div class=\"row\">\n\t<div class=\"col-3\">\n\t<\/div>\n<div class=\"col-3\">\n\t<img decoding=\"async\" src=\"https:\/\/nordiska.fhsk.se\/teater\/wp-content\/uploads\/sites\/5\/2020\/12\/larare-2-200x250.jpeg\" alt=\"https:\/\/nordiska.fhsk.se\/teater\/wp-content\/uploads\/sites\/5\/2020\/12\/larare-2-200x250.jpeg\" width=\"200\" \/><\/div>\n<div class=\"col-6\">\n\t\n    <div class=\"divider space\" style=\"padding-top: 50px;\"><\/div>\n\n<div class=\"text-block\">\n\t<p><strong>Hanna Nyg\u00e5rds<\/strong> \u00e4r utbildad sk\u00e5despelare vid Teaterh\u00f6gskolan i Lule\u00e5. Hon har under senaste \u00e5r medverkat i flera produktioner p\u00e5 Strindbergs Intima Teater i Stockholm. Senast i rollen som August Strindbergs andra fru Frida Uhl, i den kritikerrosade monologen med samma namn, som Hanna skrivit tillsammans med teaterns chef Anna Petterson. V\u00e5ren 2020 arbetade Hanna som regiss\u00f6r vid Bor\u00e5s Stadsteater.<\/p><\/div>\n\n<\/div>\n<\/div>\n<div class=\"row\">\n\t<div class=\"col-3\">\n\t<\/div>\n<div class=\"col-3\">\n\t<img decoding=\"async\" src=\"https:\/\/nordiska.fhsk.se\/teater\/wp-content\/uploads\/sites\/5\/2017\/01\/larare-1-200x250.jpg\" alt=\"https:\/\/nordiska.fhsk.se\/teater\/wp-content\/uploads\/sites\/5\/2017\/01\/larare-1-200x250.jpg\" width=\"200\" \/><\/div>\n<div class=\"col-6\">\n\t\n    <div class=\"divider space\" style=\"padding-top: 50px;\"><\/div>\n\n<div class=\"text-block\">\n\t<p><strong>Michael Norlind<\/strong>\u00a0\u00e4r verksam som scenkonstn\u00e4r, pedagog och regiss\u00f6r. Han har r\u00f6tter hos bl a Larssons teaterakademi och Soten\u00e4s teateratelj\u00e9, och l\u00e5ng erfarenhet av att handleda och undervisa sk\u00e5despelare. Michael har under de senaste \u00e5ren arbetat bl a vid Akademien f\u00f6r Scenekunst (NTA) i Fredrikstad (NO) och som avdelningschef och programansvarig f\u00f6r Teaterh\u00f6gskolan i Lule\u00e5. Sedan 2007\u00a0\u00e4r han konstn\u00e4rlig ledare f\u00f6r Scenkonst Gerlesborg som \u00e4r ett centrum f\u00f6r scenisk r\u00f6relse och eget skapande. P\u00e5 centrumet\u00a0samlas och vidareutvecklas det pedagogiska arbetet under ben\u00e4mningen Playfulness.<\/p><\/div>\n\n<\/div>\n<\/div>\n<div class=\"row\">\n\t<div class=\"col-3\">\n\t<\/div>\n<div class=\"col-3\">\n\t<img decoding=\"async\" src=\"https:\/\/nordiska.fhsk.se\/teater\/wp-content\/uploads\/sites\/5\/2017\/01\/larare-5-200x250.jpg\" alt=\"https:\/\/nordiska.fhsk.se\/teater\/wp-content\/uploads\/sites\/5\/2017\/01\/larare-5-200x250.jpg\" width=\"200\" \/><\/div>\n<div class=\"col-6\">\n\t\n    <div class=\"divider space\" style=\"padding-top: 50px;\"><\/div>\n\n<div class=\"text-block\">\n\t<p><strong>Soledad Howe<\/strong>\u00a0\u00e4r dansare, koreograf och pedagog inom scenkonst och performance. Hon \u00e4r konstn\u00e4rlig ledare f\u00f6r konstkollektivet MOLD. Soledad har sedan 2009 arbetat som koreograf med regiss\u00f6ren Suzanne Osten. Hon har tidigare bl a arbetat p\u00e5 Backa Teater, Dramaten, G\u00f6teborgs Stadsteater, Hagateatern, Teater Trixter, G\u00f6teborgsoperan och Sk\u00e5nes Dansteater. P\u00e5 Nordiska teaterskolan undervisar hon i nutida dans, koreografi och improvisation.<\/p><\/div>\n\n<\/div>\n<\/div>\n<div class=\"row\">\n\t<div class=\"col-3\">\n\t<\/div>\n<div class=\"col-3\">\n\t<img decoding=\"async\" src=\"https:\/\/nordiska.fhsk.se\/teater\/wp-content\/uploads\/sites\/5\/2018\/10\/joanna-1-200x250.jpg\" alt=\"https:\/\/nordiska.fhsk.se\/teater\/wp-content\/uploads\/sites\/5\/2018\/10\/joanna-1-200x250.jpg\" width=\"200\" \/><\/div>\n<div class=\"col-6\">\n\t\n    <div class=\"divider space\" style=\"padding-top: 50px;\"><\/div>\n\n<div class=\"text-block\">\n\t<p><strong>Joanna Camacho<\/strong>\u00a0\u00e4r utbildad l\u00e4rare och tr\u00e4nar Teaterskolans \u00e5k 1 i kickboxning. Joanna \u00e4r aktiv i G\u00f6teborgs Kickboxningsklubb.<\/p><\/div>\n\n<\/div>\n<\/div>\n<div class=\"row\">\n\t<div class=\"col-3\">\n\t<\/div>\n<div class=\"col-3\">\n\t<img decoding=\"async\" src=\"https:\/\/nordiska.fhsk.se\/teater\/wp-content\/uploads\/sites\/5\/2017\/01\/larare-7-200x250.jpg\" alt=\"https:\/\/nordiska.fhsk.se\/teater\/wp-content\/uploads\/sites\/5\/2017\/01\/larare-7-200x250.jpg\" width=\"200\" \/><\/div>\n<div class=\"col-6\">\n\t\n    <div class=\"divider space\" style=\"padding-top: 50px;\"><\/div>\n\n<div class=\"text-block\">\n\t<p><strong>Mattias Leandersson\u00a0<\/strong>\u00e4r utbildad p\u00e5 Gymnastik og Idraettsh\u00f6gskolen i Viborg Danmark. Arbetat p\u00e5 Teaterh\u00f6gskolan i G\u00f6teborg som adjunkt i r\u00f6relse och akrobatik. Mattias undervisar i akrobatik p\u00e5 Nordiska Teaterskolan.<\/p><\/div>\n\n<\/div>\n<\/div>\n<div class=\"row\">\n\t<div class=\"col-3\">\n\t<\/div>\n<div class=\"col-3\">\n\t<img decoding=\"async\" src=\"https:\/\/nordiska.fhsk.se\/teater\/wp-content\/uploads\/sites\/5\/2020\/10\/i-annicas-tradgard-200x250.jpeg\" alt=\"https:\/\/nordiska.fhsk.se\/teater\/wp-content\/uploads\/sites\/5\/2020\/10\/i-annicas-tradgard-200x250.jpeg\" width=\"200\" \/><\/div>\n<div class=\"col-6\">\n\t\n    <div class=\"divider space\" style=\"padding-top: 50px;\"><\/div>\n\n<div class=\"text-block\">\n\t<p><strong>Maria Pihl<\/strong> undervisar i r\u00f6st och tal. Hon \u00e4r logoped och s\u00e5ngare och driver den privata logopedmottagningen R\u00f6stfabriken i Jonsereds fabriker. Maria jobbar fr\u00e4mst med stamning, r\u00f6stbesv\u00e4r, uttalsproblematik, men ger \u00e4ven s\u00e5nglektioner och f\u00f6rebyggande r\u00f6stv\u00e5rd.<\/p><\/div>\n\n<\/div>\n<\/div>\n<div class=\"row\">\n\t<div class=\"col-3\">\n\t<\/div>\n<div class=\"col-3\">\n\t<img decoding=\"async\" src=\"https:\/\/nordiska.fhsk.se\/teater\/wp-content\/uploads\/sites\/5\/2020\/10\/teater-20-1-3-200x250.jpeg\" alt=\"https:\/\/nordiska.fhsk.se\/teater\/wp-content\/uploads\/sites\/5\/2020\/10\/teater-20-1-3-200x250.jpeg\" width=\"200\" \/><\/div>\n<div class=\"col-6\">\n\t\n    <div class=\"divider space\" style=\"padding-top: 50px;\"><\/div>\n\n<div class=\"text-block\">\n\t<p><strong>Sarah Kenter<\/strong> undervisar i improvisation enligt en egenutvecklad metod som hon kallar<em> Improvisation Field Technique<\/em> (IFT). Metoden \u00e4r har r\u00f6tterna i Bert Hellingers arbete med systemiska konstellationer och amerikansk<em> Long Form<\/em> tradition. Sarah Kenter leder den K\u00f6penhamnsbaserade gruppen FELT som arbetar med improvisation enligt IFT.<\/p><\/div>\n\n<\/div>\n<\/div>\n<div class=\"row\">\n\t<div class=\"col-3\">\n\t<\/div>\n<div class=\"col-3\">\n\t<img decoding=\"async\" src=\"https:\/\/nordiska.fhsk.se\/teater\/wp-content\/uploads\/sites\/5\/2020\/12\/larare-1-200x250.jpeg\" alt=\"https:\/\/nordiska.fhsk.se\/teater\/wp-content\/uploads\/sites\/5\/2020\/12\/larare-1-200x250.jpeg\" width=\"200\" \/><\/div>\n<div class=\"col-6\">\n\t\n    <div class=\"divider space\" style=\"padding-top: 50px;\"><\/div>\n\n<div class=\"text-block\">\n\t<p><strong>Jos\u00e9phine Wistedt<\/strong> \u00e4r regiss\u00f6r och sk\u00e5despelare och skriver ocks\u00e5 f\u00f6r scenen. Hon \u00e4r utbildad p\u00e5 \u00c9cole De Th\u00e9\u00e2tre Jacues Lecoq i Paris, och p\u00e5 Stockholms Dramatiska H\u00f6gskolas Mimsk\u00e5despelarprogram f\u00f6ljt av en Master i f\u00f6rdjupad textgestaltning och s\u00e5ng. De senaste \u00e5ren har hon arbetat som sk\u00e5despelare, regiss\u00f6r, koreograf och dramatiker bl.a. p\u00e5 Norrlandsoperan, Riksteatern, Unga Tur, Orionteatern, Edinburgh Fringe Festival med finska ACE, Viirus\/Teater Mestola i Helsingfors och med scenkonstplattformen Sv\u00e4rmen.<br \/>Jos\u00e9phine har sin bakgrund i fysisk gestaltning och i arbete med text och r\u00f6st. Hon jobbar ofta med formstarka koncept och i gr\u00e4nslandet mellan ordet, r\u00f6relsen och musiken. Hon intresserar sig f\u00f6r textens f\u00f6rm\u00e5ga att vara specifik, i kombination med det ordl\u00f6sas f\u00f6rm\u00e5ga att gestalta det som finns mellan raderna.<\/p><\/div>\n\n<\/div>\n<\/div>\n<div class=\"row\">\n\t<div class=\"col-12\">\n\t\n    <div class=\"divider ornament \"><span class=\"divider-title\"><\/span><\/div>\n\n<\/div>\n<\/div>\n<div class=\"row\">\n\t<div class=\"col-3\">\n\t\n<div class=\"preheader\">\n\t<span class=\"preheader-title\">\n\t\t&nbsp;\t<\/span>\n\t\t\t<a href=\"https:\/\/nordiska.fhsk.se\/teater\/om-oss\/lokaler-2\/\">LOKALER<i class=\"material-icons\">arrow_forward<\/i><\/a>\n\t<\/div>\n<div class=\"row\">\n\t<\/div>\n<\/div>\n<div class=\"col-3\">\n\t\n<div class=\"preheader\">\n\t<span class=\"preheader-title\">\n\t\t&nbsp;\t<\/span>\n\t\t\t<a href=\"https:\/\/nordiska.fhsk.se\/teater\/om-oss\/skolan\/\">SKOLAN<i class=\"material-icons\">arrow_forward<\/i><\/a>\n\t<\/div>\n<div class=\"row\">\n\t<\/div>\n<\/div>\n<div class=\"col-3\">\n\t\n<div class=\"preheader\">\n\t<span class=\"preheader-title\">\n\t\t&nbsp;\t<\/span>\n\t\t\t<a href=\"https:\/\/nordiska.fhsk.se\/teater\/om-oss\/omgivningar\/\">OMGIVNINGAR<i class=\"material-icons\">arrow_forward<\/i><\/a>\n\t<\/div>\n<div class=\"row\">\n\t<\/div>\n<\/div>\n<div class=\"col-3\">\n\t\n<div class=\"preheader\">\n\t<span class=\"preheader-title\">\n\t\t&nbsp;\t<\/span>\n\t\t\t<a href=\"https:\/\/nordiska.fhsk.se\/teater\/om-oss\/gastlarare\/\">HITTA HIT<i class=\"material-icons\">arrow_forward<\/i><\/a>\n\t<\/div>\n<div class=\"row\">\n\t<\/div>\n<\/div>\n<\/div>\t<\/div>\n<\/section>\n\n\n","protected":false},"excerpt":{"rendered":"<p>Svante Grogarn\u00a0\u00e4r regiss\u00f6r och scenograf\/ljusdesigner med stor erfarenhet av undervisning i sk\u00e5despeleri. Han har arbetat i en m\u00e4ngd olika sammanhang i ett tjugotal l\u00e4nder, med institutioner s\u00e5v\u00e4l som med fria grupper \u2013 bl.a. p\u00e5 Teaterh\u00f6gskolan och Musikh\u00f6gskolan i G\u00f6teborg, G\u00f6teborgs Stadsteater, Teater Albatross, \u00d6gonblicksteatern, G\u00f6teborgs Symfoniker, Stockholms Filharmonin, Sveriges Radio och SVT. Svante \u00e4r utbildad [&hellip;]<\/p>\n","protected":false},"author":11,"featured_media":0,"parent":147,"menu_order":0,"comment_status":"closed","ping_status":"closed","template":"","meta":{"_exactmetrics_skip_tracking":false,"_exactmetrics_sitenote_active":false,"_exactmetrics_sitenote_note":"","_exactmetrics_sitenote_category":0,"footnotes":""},"class_list":["post-151","page","type-page","status-publish","hentry"],"acf":[],"_links":{"self":[{"href":"https:\/\/nordiska.fhsk.se\/teater\/wp-json\/wp\/v2\/pages\/151","targetHints":{"allow":["GET"]}}],"collection":[{"href":"https:\/\/nordiska.fhsk.se\/teater\/wp-json\/wp\/v2\/pages"}],"about":[{"href":"https:\/\/nordiska.fhsk.se\/teater\/wp-json\/wp\/v2\/types\/page"}],"author":[{"embeddable":true,"href":"https:\/\/nordiska.fhsk.se\/teater\/wp-json\/wp\/v2\/users\/11"}],"replies":[{"embeddable":true,"href":"https:\/\/nordiska.fhsk.se\/teater\/wp-json\/wp\/v2\/comments?post=151"}],"version-history":[{"count":5,"href":"https:\/\/nordiska.fhsk.se\/teater\/wp-json\/wp\/v2\/pages\/151\/revisions"}],"predecessor-version":[{"id":3455,"href":"https:\/\/nordiska.fhsk.se\/teater\/wp-json\/wp\/v2\/pages\/151\/revisions\/3455"}],"up":[{"embeddable":true,"href":"https:\/\/nordiska.fhsk.se\/teater\/wp-json\/wp\/v2\/pages\/147"}],"wp:attachment":[{"href":"https:\/\/nordiska.fhsk.se\/teater\/wp-json\/wp\/v2\/media?parent=151"}],"curies":[{"name":"wp","href":"https:\/\/api.w.org\/{rel}","templated":true}]}}